{"id":2621,"date":"2018-06-13T08:34:18","date_gmt":"2018-06-13T08:34:18","guid":{"rendered":"http:\/\/kastipmerkezi.com.tr\/anlasmali-kurumlar\/"},"modified":"2022-06-10T12:02:26","modified_gmt":"2022-06-10T09:02:26","slug":"%d8%aa%d8%b9%d8%a7%d9%82%d8%af%d8%aa-%d9%88%d9%83%d8%a7%d9%84%d8%a7%d8%aa","status":"publish","type":"page","link":"https:\/\/www.kastipmerkezi.com.tr\/ar\/%d8%aa%d8%b9%d8%a7%d9%82%d8%af%d8%aa-%d9%88%d9%83%d8%a7%d9%84%d8%a7%d8%aa\/","title":{"rendered":"\u062a\u0639\u0627\u0642\u062f\u062a-\u0648\u0643\u0627\u0644\u0627\u062a"},"content":{"rendered":"<div class=\"fusion-fullwidth fullwidth-box fusion-builder-row-1 nonhundred-percent-fullwidth non-hundred-percent-height-scrolling\" style=\"--awb-border-radius-top-left:0px;--awb-border-radius-top-right:0px;--awb-border-radius-bottom-right:0px;--awb-border-radius-bottom-left:0px;--awb-flex-wrap:wrap;\" ><div class=\"fusion-builder-row fusion-row\"><div class=\"fusion-layout-column fusion_builder_column fusion-builder-column-0 fusion_builder_column_1_1 1_1 fusion-one-full fusion-column-first fusion-column-last\" style=\"--awb-bg-size:cover;\"><div class=\"fusion-column-wrapper fusion-flex-column-wrapper-legacy\"><div class=\"awb-gallery-wrapper awb-gallery-wrapper-1 button-span-no\"><div style=\"margin:-5px;--awb-bordersize:0px;\" class=\"fusion-gallery fusion-gallery-container fusion-grid-5 fusion-columns-total-26 fusion-gallery-layout-grid fusion-gallery-1\"><div style=\"padding:5px;\" class=\"fusion-grid-column fusion-gallery-column fusion-gallery-column-5 hover-type-none\"><div class=\"fusion-gallery-image\"><img decoding=\"async\" src=\"https:\/\/www.kastipmerkezi.com.tr\/wp-content\/uploads\/2018\/06\/SGK.jpg\" width=\"200\" height=\"80\" alt=\"SGK\" title=\"SGK\" aria-label=\"SGK\" class=\"img-responsive wp-image-155\"  \/><\/div><\/div><div style=\"padding:5px;\" class=\"fusion-grid-column fusion-gallery-column fusion-gallery-column-5 hover-type-none\"><div class=\"fusion-gallery-image\"><img decoding=\"async\" src=\"https:\/\/www.kastipmerkezi.com.tr\/wp-content\/uploads\/2018\/06\/acibadem-sigorta.jpg\" width=\"200\" height=\"80\" alt=\"ac\u0131badem sigorta\" title=\"acibadem-sigorta\" aria-label=\"acibadem-sigorta\" class=\"img-responsive wp-image-136\"  \/><\/div><\/div><div style=\"padding:5px;\" class=\"fusion-grid-column fusion-gallery-column fusion-gallery-column-5 hover-type-none\"><div class=\"fusion-gallery-image\"><img decoding=\"async\" src=\"https:\/\/www.kastipmerkezi.com.tr\/wp-content\/uploads\/2018\/06\/Allianz-sigorta.jpg\" width=\"200\" height=\"80\" alt=\"allianz sigorta\" title=\"Allianz-sigorta\" aria-label=\"Allianz-sigorta\" class=\"img-responsive wp-image-138\"  \/><\/div><\/div><div style=\"padding:5px;\" class=\"fusion-grid-column fusion-gallery-column fusion-gallery-column-5 hover-type-none\"><div class=\"fusion-gallery-image\"><img decoding=\"async\" src=\"https:\/\/www.kastipmerkezi.com.tr\/wp-content\/uploads\/2018\/06\/Aksigorta_logo.jpg\" width=\"200\" height=\"80\" alt=\"ak sigorta logo\" title=\"Aksigorta_logo\" aria-label=\"Aksigorta_logo\" class=\"img-responsive wp-image-137\"  \/><\/div><\/div><div style=\"padding:5px;\" class=\"fusion-grid-column fusion-gallery-column fusion-gallery-column-5 hover-type-none\"><div class=\"fusion-gallery-image\"><img decoding=\"async\" src=\"https:\/\/www.kastipmerkezi.com.tr\/wp-content\/uploads\/2018\/06\/anadolu-sigorta-logo.jpg\" width=\"200\" height=\"80\" alt=\"anadolu sigorta logo\" title=\"anadolu-sigorta-logo\" aria-label=\"anadolu-sigorta-logo\" class=\"img-responsive wp-image-139\"  \/><\/div><\/div><div class=\"clearfix\"><\/div><div style=\"padding:5px;\" class=\"fusion-grid-column fusion-gallery-column fusion-gallery-column-5 hover-type-none\"><div class=\"fusion-gallery-image\"><img decoding=\"async\" src=\"https:\/\/www.kastipmerkezi.com.tr\/wp-content\/uploads\/2018\/06\/ergo-sigorta.jpg\" width=\"180\" height=\"72\" alt=\"ergo sigorta\" title=\"ergo-sigorta\" aria-label=\"ergo-sigorta\" class=\"img-responsive wp-image-143\" srcset=\"https:\/\/www.kastipmerkezi.com.tr\/wp-content\/uploads\/2018\/06\/ergo-sigorta-177x72.jpg 177w, https:\/\/www.kastipmerkezi.com.tr\/wp-content\/uploads\/2018\/06\/ergo-sigorta.jpg 180w\" sizes=\"(max-width: 180px) 100vw, 180px\" \/><\/div><\/div><div style=\"padding:5px;\" class=\"fusion-grid-column fusion-gallery-column fusion-gallery-column-5 hover-type-none\"><div class=\"fusion-gallery-image\"><img decoding=\"async\" src=\"https:\/\/www.kastipmerkezi.com.tr\/wp-content\/uploads\/2018\/06\/Groupama-sigorta.jpg\" width=\"200\" height=\"80\" alt=\"groupama sigorta\" title=\"Groupama-sigorta\" aria-label=\"Groupama-sigorta\" class=\"img-responsive wp-image-147\"  \/><\/div><\/div><div style=\"padding:5px;\" class=\"fusion-grid-column fusion-gallery-column fusion-gallery-column-5 hover-type-none\"><div class=\"fusion-gallery-image\"><img decoding=\"async\" src=\"https:\/\/www.kastipmerkezi.com.tr\/wp-content\/uploads\/2018\/06\/gunes-sigorta.jpg\" width=\"200\" height=\"80\" alt=\"g\u00fcne\u015f sigorta\" title=\"gunes-sigorta\" aria-label=\"gunes-sigorta\" class=\"img-responsive wp-image-148\"  \/><\/div><\/div><div style=\"padding:5px;\" class=\"fusion-grid-column fusion-gallery-column fusion-gallery-column-5 hover-type-none\"><div class=\"fusion-gallery-image\"><img decoding=\"async\" src=\"https:\/\/www.kastipmerkezi.com.tr\/wp-content\/uploads\/2018\/06\/demir-hayat.jpg\" width=\"200\" height=\"80\" alt=\"demir haya sigorta\" title=\"demir-hayat\" aria-label=\"demir-hayat\" class=\"img-responsive wp-image-142\"  \/><\/div><\/div><div style=\"padding:5px;\" class=\"fusion-grid-column fusion-gallery-column fusion-gallery-column-5 hover-type-none\"><div class=\"fusion-gallery-image\"><img decoding=\"async\" src=\"https:\/\/www.kastipmerkezi.com.tr\/wp-content\/uploads\/2018\/06\/mapfre.jpg\" width=\"200\" height=\"80\" alt=\"mapfre logo\" title=\"mapfre\" aria-label=\"mapfre\" class=\"img-responsive wp-image-153\"  \/><\/div><\/div><div class=\"clearfix\"><\/div><div style=\"padding:5px;\" class=\"fusion-grid-column fusion-gallery-column fusion-gallery-column-5 hover-type-none\"><div class=\"fusion-gallery-image\"><img decoding=\"async\" src=\"https:\/\/www.kastipmerkezi.com.tr\/wp-content\/uploads\/2018\/06\/ray-sigorta.jpg\" width=\"200\" height=\"80\" alt=\"ray sigorta\" title=\"ray-sigorta\" aria-label=\"ray-sigorta\" class=\"img-responsive wp-image-154\"  \/><\/div><\/div><div style=\"padding:5px;\" class=\"fusion-grid-column fusion-gallery-column fusion-gallery-column-5 hover-type-none\"><div class=\"fusion-gallery-image\"><img decoding=\"async\" src=\"https:\/\/www.kastipmerkezi.com.tr\/wp-content\/uploads\/2018\/06\/ziraat-sigorta.jpg\" width=\"200\" height=\"80\" alt=\"ziraat sigorta\" title=\"ziraat-sigorta\" aria-label=\"ziraat-sigorta\" class=\"img-responsive wp-image-159\"  \/><\/div><\/div><div style=\"padding:5px;\" class=\"fusion-grid-column fusion-gallery-column fusion-gallery-column-5 hover-type-none\"><div class=\"fusion-gallery-image\"><img decoding=\"async\" src=\"https:\/\/www.kastipmerkezi.com.tr\/wp-content\/uploads\/2018\/06\/halk-bankasi.jpg\" width=\"200\" height=\"80\" alt=\"halk bankas\u0131 emekli sand\u0131\u011f\u0131 vakf\u0131\" title=\"halk-bankasi\" aria-label=\"halk-bankasi\" class=\"img-responsive wp-image-149\"  \/><\/div><\/div><div style=\"padding:5px;\" class=\"fusion-grid-column fusion-gallery-column fusion-gallery-column-5 hover-type-none\"><div class=\"fusion-gallery-image\"><img decoding=\"async\" src=\"https:\/\/www.kastipmerkezi.com.tr\/wp-content\/uploads\/2018\/06\/axa-sigorta.jpg\" width=\"200\" height=\"80\" alt=\"axa sigorta\" title=\"axa-sigorta\" aria-label=\"axa-sigorta\" class=\"img-responsive wp-image-141\"  \/><\/div><\/div><div style=\"padding:5px;\" class=\"fusion-grid-column fusion-gallery-column fusion-gallery-column-5 hover-type-none\"><div class=\"fusion-gallery-image\"><img decoding=\"async\" src=\"https:\/\/www.kastipmerkezi.com.tr\/wp-content\/uploads\/2018\/06\/halk-sigorta.jpg\" width=\"200\" height=\"80\" alt=\"halk sigorta\" title=\"halk-sigorta\" aria-label=\"halk-sigorta\" class=\"img-responsive wp-image-150\"  \/><\/div><\/div><div class=\"clearfix\"><\/div><div style=\"padding:5px;\" class=\"fusion-grid-column fusion-gallery-column fusion-gallery-column-5 hover-type-none\"><div class=\"fusion-gallery-image\"><img decoding=\"async\" src=\"https:\/\/www.kastipmerkezi.com.tr\/wp-content\/uploads\/2018\/06\/eureko-sigorta.jpg\" width=\"200\" height=\"80\" alt=\"eureko sigorta\" title=\"eureko-sigorta\" aria-label=\"eureko-sigorta\" class=\"img-responsive wp-image-144\"  \/><\/div><\/div><div style=\"padding:5px;\" class=\"fusion-grid-column fusion-gallery-column fusion-gallery-column-5 hover-type-none\"><div class=\"fusion-gallery-image\"><img decoding=\"async\" src=\"https:\/\/www.kastipmerkezi.com.tr\/wp-content\/uploads\/2018\/06\/fortis.jpg\" width=\"200\" height=\"80\" alt=\"fortis sigorta\" title=\"fortis\" aria-label=\"fortis\" class=\"img-responsive wp-image-145\"  \/><\/div><\/div><div style=\"padding:5px;\" class=\"fusion-grid-column fusion-gallery-column fusion-gallery-column-5 hover-type-none\"><div class=\"fusion-gallery-image\"><img decoding=\"async\" src=\"https:\/\/www.kastipmerkezi.com.tr\/wp-content\/uploads\/2018\/06\/hdi-sigorta-logo.jpg\" width=\"200\" height=\"80\" alt=\"hdi sigorta\" title=\"hdi-sigorta-logo\" aria-label=\"hdi-sigorta-logo\" class=\"img-responsive wp-image-151\"  \/><\/div><\/div><div style=\"padding:5px;\" class=\"fusion-grid-column fusion-gallery-column fusion-gallery-column-5 hover-type-none\"><div class=\"fusion-gallery-image\"><img decoding=\"async\" src=\"https:\/\/www.kastipmerkezi.com.tr\/wp-content\/uploads\/2018\/06\/generali-sigorta.jpg\" width=\"200\" height=\"80\" alt=\"generali sigorta\" title=\"generali-sigorta\" aria-label=\"generali-sigorta\" class=\"img-responsive wp-image-146\"  \/><\/div><\/div><div style=\"padding:5px;\" class=\"fusion-grid-column fusion-gallery-column fusion-gallery-column-5 hover-type-none\"><div class=\"fusion-gallery-image\"><img decoding=\"async\" src=\"https:\/\/www.kastipmerkezi.com.tr\/wp-content\/uploads\/2018\/06\/sompo-japan.jpg\" width=\"200\" height=\"80\" alt=\"sompo japan sigorta\" title=\"sompo-japan\" aria-label=\"sompo-japan\" class=\"img-responsive wp-image-156\"  \/><\/div><\/div><div class=\"clearfix\"><\/div><div style=\"padding:5px;\" class=\"fusion-grid-column fusion-gallery-column fusion-gallery-column-5 hover-type-none\"><div class=\"fusion-gallery-image\"><img decoding=\"async\" src=\"https:\/\/www.kastipmerkezi.com.tr\/wp-content\/uploads\/2018\/06\/is-bankasi.jpg\" width=\"200\" height=\"80\" alt=\"i\u015f bankas\u0131 sigorta\" title=\"is-bankasi\" aria-label=\"is-bankasi\" class=\"img-responsive wp-image-152\"  \/><\/div><\/div><div style=\"padding:5px;\" class=\"fusion-grid-column fusion-gallery-column fusion-gallery-column-5 hover-type-none\"><div class=\"fusion-gallery-image\"><img decoding=\"async\" src=\"https:\/\/www.kastipmerkezi.com.tr\/wp-content\/uploads\/2018\/06\/turknippon-sigorta.jpg\" width=\"200\" height=\"80\" alt=\"t\u00fcrk nippon sigorta\" title=\"turknippon-sigorta\" aria-label=\"turknippon-sigorta\" class=\"img-responsive wp-image-157\"  \/><\/div><\/div><div style=\"padding:5px;\" class=\"fusion-grid-column fusion-gallery-column fusion-gallery-column-5 hover-type-none\"><div class=\"fusion-gallery-image\"><img decoding=\"async\" src=\"https:\/\/www.kastipmerkezi.com.tr\/wp-content\/uploads\/2018\/06\/tzh-vakfi.jpg\" width=\"200\" height=\"80\" alt=\"tzh vakf\u0131\" title=\"tzh-vakfi\" aria-label=\"tzh-vakfi\" class=\"img-responsive wp-image-158\"  \/><\/div><\/div><div style=\"padding:5px;\" class=\"fusion-grid-column fusion-gallery-column fusion-gallery-column-5 hover-type-none\"><div class=\"fusion-gallery-image\"><img decoding=\"async\" src=\"https:\/\/www.kastipmerkezi.com.tr\/wp-content\/uploads\/2018\/06\/zurich-sigorta.jpg\" width=\"200\" height=\"80\" alt=\"zurich sigorta\" title=\"zurich-sigorta\" aria-label=\"zurich-sigorta\" class=\"img-responsive wp-image-160\"  \/><\/div><\/div><div style=\"padding:5px;\" class=\"fusion-grid-column fusion-gallery-column fusion-gallery-column-5 hover-type-none\"><div class=\"fusion-gallery-image\"><img decoding=\"async\" src=\"https:\/\/www.kastipmerkezi.com.tr\/wp-content\/uploads\/2018\/06\/ace-european.jpg\" width=\"200\" height=\"80\" alt=\"ace insurance\" title=\"ace-european\" aria-label=\"ace-european\" class=\"img-responsive wp-image-135\"  \/><\/div><\/div><div class=\"clearfix\"><\/div><div style=\"padding:5px;\" class=\"fusion-grid-column fusion-gallery-column fusion-gallery-column-5 hover-type-none\"><div class=\"fusion-gallery-image\"><img decoding=\"async\" src=\"https:\/\/www.kastipmerkezi.com.tr\/wp-content\/uploads\/2018\/06\/ankara-sigorta.jpg\" width=\"200\" height=\"80\" alt=\"ankara sigorta logo\" title=\"ankara-sigorta\" aria-label=\"ankara-sigorta\" class=\"img-responsive wp-image-140\"  \/><\/div><\/div><\/div><\/div><div class=\"fusion-clearfix\"><\/div><\/div><\/div><\/div><\/div>\n","protected":false},"excerpt":{"rendered":"","protected":false},"author":1,"featured_media":0,"parent":0,"menu_order":60,"comment_status":"closed","ping_status":"closed","template":"","meta":{"footnotes":""},"class_list":["post-2621","page","type-page","status-publish","hentry"],"yoast_head":"<!-- This site is optimized with the Yoast SEO plugin v26.9 - https:\/\/yoast.com\/product\/yoast-seo-wordpress\/ -->\n<title>\u062a\u0639\u0627\u0642\u062f\u062a-\u0648\u0643\u0627\u0644\u0627\u062a - Ka\u015f T\u0131p Merkezi<\/title>\n<meta name=\"description\" content=\"Anla\u015fmal\u0131 oldu\u011fumuz kurulu\u015flar\u0131 bu sayfadan inceleyebilirsiniz. Ayr\u0131ca kurulu\u015fumuzun SGK s\u00f6zle\u015fmesi bulunmaktad\u0131r.\" \/>\n<meta name=\"robots\" content=\"index, follow, max-snippet:-1, max-image-preview:large, max-video-preview:-1\" \/>\n<link rel=\"canonical\" href=\"https:\/\/www.kastipmerkezi.com.tr\/ar\/%d8%aa%d8%b9%d8%a7%d9%82%d8%af%d8%aa-%d9%88%d9%83%d8%a7%d9%84%d8%a7%d8%aa\/\" \/>\n<meta property=\"og:locale\" content=\"ar_AR\" \/>\n<meta property=\"og:type\" content=\"article\" \/>\n<meta property=\"og:title\" content=\"\u062a\u0639\u0627\u0642\u062f\u062a-\u0648\u0643\u0627\u0644\u0627\u062a - Ka\u015f T\u0131p Merkezi\" \/>\n<meta property=\"og:description\" content=\"Anla\u015fmal\u0131 oldu\u011fumuz kurulu\u015flar\u0131 bu sayfadan inceleyebilirsiniz. Ayr\u0131ca kurulu\u015fumuzun SGK s\u00f6zle\u015fmesi bulunmaktad\u0131r.\" \/>\n<meta property=\"og:url\" content=\"https:\/\/www.kastipmerkezi.com.tr\/ar\/%d8%aa%d8%b9%d8%a7%d9%82%d8%af%d8%aa-%d9%88%d9%83%d8%a7%d9%84%d8%a7%d8%aa\/\" \/>\n<meta property=\"og:site_name\" content=\"Ka\u015f T\u0131p Merkezi\" \/>\n<meta property=\"article:publisher\" content=\"https:\/\/www.facebook.com\/kastipmerkezi\/\" \/>\n<meta property=\"article:modified_time\" content=\"2022-06-10T09:02:26+00:00\" \/>\n<meta name=\"twitter:card\" content=\"summary_large_image\" \/>\n<meta name=\"twitter:label1\" content=\"\u0648\u0642\u062a \u0627\u0644\u0642\u0631\u0627\u0621\u0629 \u0627\u0644\u0645\u064f\u0642\u062f\u0651\u0631\" \/>\n\t<meta name=\"twitter:data1\" content=\"\u062f\u0642\u064a\u0642\u062a\u0627\u0646\" \/>\n<script type=\"application\/ld+json\" class=\"yoast-schema-graph\">{\"@context\":\"https:\/\/schema.org\",\"@graph\":[{\"@type\":\"WebPage\",\"@id\":\"https:\/\/www.kastipmerkezi.com.tr\/ar\/%d8%aa%d8%b9%d8%a7%d9%82%d8%af%d8%aa-%d9%88%d9%83%d8%a7%d9%84%d8%a7%d8%aa\/\",\"url\":\"https:\/\/www.kastipmerkezi.com.tr\/ar\/%d8%aa%d8%b9%d8%a7%d9%82%d8%af%d8%aa-%d9%88%d9%83%d8%a7%d9%84%d8%a7%d8%aa\/\",\"name\":\"\u062a\u0639\u0627\u0642\u062f\u062a-\u0648\u0643\u0627\u0644\u0627\u062a - Ka\u015f T\u0131p Merkezi\",\"isPartOf\":{\"@id\":\"https:\/\/www.kastipmerkezi.com.tr\/ar\/#website\"},\"datePublished\":\"2018-06-13T08:34:18+00:00\",\"dateModified\":\"2022-06-10T09:02:26+00:00\",\"description\":\"Anla\u015fmal\u0131 oldu\u011fumuz kurulu\u015flar\u0131 bu sayfadan inceleyebilirsiniz. Ayr\u0131ca kurulu\u015fumuzun SGK s\u00f6zle\u015fmesi bulunmaktad\u0131r.\",\"breadcrumb\":{\"@id\":\"https:\/\/www.kastipmerkezi.com.tr\/ar\/%d8%aa%d8%b9%d8%a7%d9%82%d8%af%d8%aa-%d9%88%d9%83%d8%a7%d9%84%d8%a7%d8%aa\/#breadcrumb\"},\"inLanguage\":\"ar\",\"potentialAction\":[{\"@type\":\"ReadAction\",\"target\":[\"https:\/\/www.kastipmerkezi.com.tr\/ar\/%d8%aa%d8%b9%d8%a7%d9%82%d8%af%d8%aa-%d9%88%d9%83%d8%a7%d9%84%d8%a7%d8%aa\/\"]}]},{\"@type\":\"BreadcrumbList\",\"@id\":\"https:\/\/www.kastipmerkezi.com.tr\/ar\/%d8%aa%d8%b9%d8%a7%d9%82%d8%af%d8%aa-%d9%88%d9%83%d8%a7%d9%84%d8%a7%d8%aa\/#breadcrumb\",\"itemListElement\":[{\"@type\":\"ListItem\",\"position\":1,\"name\":\"Ana sayfa\",\"item\":\"https:\/\/www.kastipmerkezi.com.tr\/ar\/\"},{\"@type\":\"ListItem\",\"position\":2,\"name\":\"\u062a\u0639\u0627\u0642\u062f\u062a-\u0648\u0643\u0627\u0644\u0627\u062a\"}]},{\"@type\":\"WebSite\",\"@id\":\"https:\/\/www.kastipmerkezi.com.tr\/ar\/#website\",\"url\":\"https:\/\/www.kastipmerkezi.com.tr\/ar\/\",\"name\":\"Ka\u015f T\u0131p Merkezi\",\"description\":\"\",\"publisher\":{\"@id\":\"https:\/\/www.kastipmerkezi.com.tr\/ar\/#organization\"},\"potentialAction\":[{\"@type\":\"SearchAction\",\"target\":{\"@type\":\"EntryPoint\",\"urlTemplate\":\"https:\/\/www.kastipmerkezi.com.tr\/ar\/?s={search_term_string}\"},\"query-input\":{\"@type\":\"PropertyValueSpecification\",\"valueRequired\":true,\"valueName\":\"search_term_string\"}}],\"inLanguage\":\"ar\"},{\"@type\":\"Organization\",\"@id\":\"https:\/\/www.kastipmerkezi.com.tr\/ar\/#organization\",\"name\":\"\u0130stanbul \u00d6zel Ka\u015f T\u0131p Merkezi\",\"url\":\"https:\/\/www.kastipmerkezi.com.tr\/ar\/\",\"logo\":{\"@type\":\"ImageObject\",\"inLanguage\":\"ar\",\"@id\":\"https:\/\/www.kastipmerkezi.com.tr\/ar\/#\/schema\/logo\/image\/\",\"url\":\"https:\/\/www.kastipmerkezi.com.tr\/wp-content\/uploads\/2020\/12\/kas-logo-512.png\",\"contentUrl\":\"https:\/\/www.kastipmerkezi.com.tr\/wp-content\/uploads\/2020\/12\/kas-logo-512.png\",\"width\":512,\"height\":512,\"caption\":\"\u0130stanbul \u00d6zel Ka\u015f T\u0131p Merkezi\"},\"image\":{\"@id\":\"https:\/\/www.kastipmerkezi.com.tr\/ar\/#\/schema\/logo\/image\/\"},\"sameAs\":[\"https:\/\/www.facebook.com\/kastipmerkezi\/\"]}]}<\/script>\n<!-- \/ Yoast SEO plugin. -->","yoast_head_json":{"title":"\u062a\u0639\u0627\u0642\u062f\u062a-\u0648\u0643\u0627\u0644\u0627\u062a - Ka\u015f T\u0131p Merkezi","description":"Anla\u015fmal\u0131 oldu\u011fumuz kurulu\u015flar\u0131 bu sayfadan inceleyebilirsiniz. Ayr\u0131ca kurulu\u015fumuzun SGK s\u00f6zle\u015fmesi bulunmaktad\u0131r.","robots":{"index":"index","follow":"follow","max-snippet":"max-snippet:-1","max-image-preview":"max-image-preview:large","max-video-preview":"max-video-preview:-1"},"canonical":"https:\/\/www.kastipmerkezi.com.tr\/ar\/%d8%aa%d8%b9%d8%a7%d9%82%d8%af%d8%aa-%d9%88%d9%83%d8%a7%d9%84%d8%a7%d8%aa\/","og_locale":"ar_AR","og_type":"article","og_title":"\u062a\u0639\u0627\u0642\u062f\u062a-\u0648\u0643\u0627\u0644\u0627\u062a - Ka\u015f T\u0131p Merkezi","og_description":"Anla\u015fmal\u0131 oldu\u011fumuz kurulu\u015flar\u0131 bu sayfadan inceleyebilirsiniz. Ayr\u0131ca kurulu\u015fumuzun SGK s\u00f6zle\u015fmesi bulunmaktad\u0131r.","og_url":"https:\/\/www.kastipmerkezi.com.tr\/ar\/%d8%aa%d8%b9%d8%a7%d9%82%d8%af%d8%aa-%d9%88%d9%83%d8%a7%d9%84%d8%a7%d8%aa\/","og_site_name":"Ka\u015f T\u0131p Merkezi","article_publisher":"https:\/\/www.facebook.com\/kastipmerkezi\/","article_modified_time":"2022-06-10T09:02:26+00:00","twitter_card":"summary_large_image","twitter_misc":{"\u0648\u0642\u062a \u0627\u0644\u0642\u0631\u0627\u0621\u0629 \u0627\u0644\u0645\u064f\u0642\u062f\u0651\u0631":"\u062f\u0642\u064a\u0642\u062a\u0627\u0646"},"schema":{"@context":"https:\/\/schema.org","@graph":[{"@type":"WebPage","@id":"https:\/\/www.kastipmerkezi.com.tr\/ar\/%d8%aa%d8%b9%d8%a7%d9%82%d8%af%d8%aa-%d9%88%d9%83%d8%a7%d9%84%d8%a7%d8%aa\/","url":"https:\/\/www.kastipmerkezi.com.tr\/ar\/%d8%aa%d8%b9%d8%a7%d9%82%d8%af%d8%aa-%d9%88%d9%83%d8%a7%d9%84%d8%a7%d8%aa\/","name":"\u062a\u0639\u0627\u0642\u062f\u062a-\u0648\u0643\u0627\u0644\u0627\u062a - Ka\u015f T\u0131p Merkezi","isPartOf":{"@id":"https:\/\/www.kastipmerkezi.com.tr\/ar\/#website"},"datePublished":"2018-06-13T08:34:18+00:00","dateModified":"2022-06-10T09:02:26+00:00","description":"Anla\u015fmal\u0131 oldu\u011fumuz kurulu\u015flar\u0131 bu sayfadan inceleyebilirsiniz. Ayr\u0131ca kurulu\u015fumuzun SGK s\u00f6zle\u015fmesi bulunmaktad\u0131r.","breadcrumb":{"@id":"https:\/\/www.kastipmerkezi.com.tr\/ar\/%d8%aa%d8%b9%d8%a7%d9%82%d8%af%d8%aa-%d9%88%d9%83%d8%a7%d9%84%d8%a7%d8%aa\/#breadcrumb"},"inLanguage":"ar","potentialAction":[{"@type":"ReadAction","target":["https:\/\/www.kastipmerkezi.com.tr\/ar\/%d8%aa%d8%b9%d8%a7%d9%82%d8%af%d8%aa-%d9%88%d9%83%d8%a7%d9%84%d8%a7%d8%aa\/"]}]},{"@type":"BreadcrumbList","@id":"https:\/\/www.kastipmerkezi.com.tr\/ar\/%d8%aa%d8%b9%d8%a7%d9%82%d8%af%d8%aa-%d9%88%d9%83%d8%a7%d9%84%d8%a7%d8%aa\/#breadcrumb","itemListElement":[{"@type":"ListItem","position":1,"name":"Ana sayfa","item":"https:\/\/www.kastipmerkezi.com.tr\/ar\/"},{"@type":"ListItem","position":2,"name":"\u062a\u0639\u0627\u0642\u062f\u062a-\u0648\u0643\u0627\u0644\u0627\u062a"}]},{"@type":"WebSite","@id":"https:\/\/www.kastipmerkezi.com.tr\/ar\/#website","url":"https:\/\/www.kastipmerkezi.com.tr\/ar\/","name":"Ka\u015f T\u0131p Merkezi","description":"","publisher":{"@id":"https:\/\/www.kastipmerkezi.com.tr\/ar\/#organization"},"potentialAction":[{"@type":"SearchAction","target":{"@type":"EntryPoint","urlTemplate":"https:\/\/www.kastipmerkezi.com.tr\/ar\/?s={search_term_string}"},"query-input":{"@type":"PropertyValueSpecification","valueRequired":true,"valueName":"search_term_string"}}],"inLanguage":"ar"},{"@type":"Organization","@id":"https:\/\/www.kastipmerkezi.com.tr\/ar\/#organization","name":"\u0130stanbul \u00d6zel Ka\u015f T\u0131p Merkezi","url":"https:\/\/www.kastipmerkezi.com.tr\/ar\/","logo":{"@type":"ImageObject","inLanguage":"ar","@id":"https:\/\/www.kastipmerkezi.com.tr\/ar\/#\/schema\/logo\/image\/","url":"https:\/\/www.kastipmerkezi.com.tr\/wp-content\/uploads\/2020\/12\/kas-logo-512.png","contentUrl":"https:\/\/www.kastipmerkezi.com.tr\/wp-content\/uploads\/2020\/12\/kas-logo-512.png","width":512,"height":512,"caption":"\u0130stanbul \u00d6zel Ka\u015f T\u0131p Merkezi"},"image":{"@id":"https:\/\/www.kastipmerkezi.com.tr\/ar\/#\/schema\/logo\/image\/"},"sameAs":["https:\/\/www.facebook.com\/kastipmerkezi\/"]}]}},"_links":{"self":[{"href":"https:\/\/www.kastipmerkezi.com.tr\/ar\/wp-json\/wp\/v2\/pages\/2621","targetHints":{"allow":["GET"]}}],"collection":[{"href":"https:\/\/www.kastipmerkezi.com.tr\/ar\/wp-json\/wp\/v2\/pages"}],"about":[{"href":"https:\/\/www.kastipmerkezi.com.tr\/ar\/wp-json\/wp\/v2\/types\/page"}],"author":[{"embeddable":true,"href":"https:\/\/www.kastipmerkezi.com.tr\/ar\/wp-json\/wp\/v2\/users\/1"}],"replies":[{"embeddable":true,"href":"https:\/\/www.kastipmerkezi.com.tr\/ar\/wp-json\/wp\/v2\/comments?post=2621"}],"version-history":[{"count":1,"href":"https:\/\/www.kastipmerkezi.com.tr\/ar\/wp-json\/wp\/v2\/pages\/2621\/revisions"}],"predecessor-version":[{"id":63394,"href":"https:\/\/www.kastipmerkezi.com.tr\/ar\/wp-json\/wp\/v2\/pages\/2621\/revisions\/63394"}],"wp:attachment":[{"href":"https:\/\/www.kastipmerkezi.com.tr\/ar\/wp-json\/wp\/v2\/media?parent=2621"}],"curies":[{"name":"wp","href":"https:\/\/api.w.org\/{rel}","templated":true}]}}