{"id":2665,"date":"2018-06-27T10:33:10","date_gmt":"2018-06-27T07:33:10","guid":{"rendered":"http:\/\/kastipmerkezi.com.tr\/video-galeri\/"},"modified":"2019-12-30T15:03:37","modified_gmt":"2019-12-30T12:03:37","slug":"%d9%85%d8%b9%d8%b1%d8%b6-%d8%a7%d9%84%d9%81%d9%8a%d8%af%d9%8a%d9%88","status":"publish","type":"page","link":"https:\/\/www.kastipmerkezi.com.tr\/ar\/%d9%85%d8%b9%d8%b1%d8%b6-%d8%a7%d9%84%d9%81%d9%8a%d8%af%d9%8a%d9%88\/","title":{"rendered":"\u0645\u0639\u0631\u0636-\u0627\u0644\u0641\u064a\u062f\u064a\u0648"},"content":{"rendered":"<div class=\"fusion-fullwidth fullwidth-box fusion-builder-row-1 nonhundred-percent-fullwidth non-hundred-percent-height-scrolling\" style=\"--awb-border-radius-top-left:0px;--awb-border-radius-top-right:0px;--awb-border-radius-bottom-right:0px;--awb-border-radius-bottom-left:0px;--awb-padding-top:20px;--awb-padding-bottom:0px;--awb-margin-top:0px;--awb-margin-bottom:0px;--awb-background-color:rgba(73,73,73,0.85);--awb-flex-wrap:wrap;\" ><div class=\"fusion-builder-row fusion-row\"><div class=\"fusion-layout-column fusion_builder_column fusion-builder-column-0 fusion_builder_column_1_1 1_1 fusion-one-full fusion-column-first fusion-column-last\" style=\"--awb-bg-size:cover;\"><div class=\"fusion-column-wrapper fusion-flex-column-wrapper-legacy\"><div class=\"fusion-title title fusion-title-1 fusion-sep-none fusion-title-center fusion-title-text fusion-title-size-two\"><h2 class=\"fusion-title-heading title-heading-center\" style=\"margin:0;\"><h3><span style=\"color: #ffffff;\">\u0645\u0639\u0631\u0636-\u0627\u0644\u0641\u064a\u062f\u064a\u0648<\/span><\/h3><\/h2><\/div><div class=\"fusion-clearfix\"><\/div><\/div><\/div><div class=\"fusion-layout-column fusion_builder_column fusion-builder-column-1 fusion_builder_column_1_4 1_4 fusion-one-fourth fusion-column-first\" style=\"--awb-bg-size:cover;width:25%;width:calc(25% - ( ( 4% + 4% + 4% ) * 0.25 ) );margin-left: 4%;\"><div class=\"fusion-column-wrapper fusion-flex-column-wrapper-legacy\"><div class=\"fusion-content-boxes content-boxes columns row fusion-columns-1 fusion-columns-total-3 fusion-content-boxes-1 content-boxes-clean-horizontal content-right content-boxes-icon-on-side bolum-home\" style=\"--awb-title-color:#ffffff;--awb-hover-accent-color:#ffffff;--awb-circle-hover-accent-color:#ffffff;--awb-item-margin-bottom:40px;\" data-animationOffset=\"top-into-view\"><div style=\"--awb-backgroundcolor:rgba(255,255,255,0);--awb-content-padding-right:70px;--awb-content-text-align:right;border-color:rgba(255,255,255,0);\" class=\"fusion-column content-box-column content-box-column content-box-column-1 col-lg-12 col-md-12 col-sm-12 fusion-content-box-hover content-box-column-last-in-row\"><div class=\"col content-box-wrapper content-wrapper link-area-box link-type-text icon-hover-animation-fade\" data-link=\"http:\/\/kastipmerkezi.com.tr\/en\/video-gallery\/physical-therapy-and-rehabilitation-video-gallery\/\" data-link-target=\"_self\" data-animationOffset=\"top-into-view\"><div class=\"heading heading-with-icon icon-right\"><a class=\"heading-link\" href=\"http:\/\/kastipmerkezi.com.tr\/en\/video-gallery\/physical-therapy-and-rehabilitation-video-gallery\/\" target=\"_self\"><div aria-hidden=\"true\" class=\"image\"><img decoding=\"async\" src=\"http:\/\/kastipmerkezi.com.tr\/wp-content\/uploads\/2018\/08\/video-icon.png\" width=\"50\" height=\"50\" alt=\"\" \/><\/div><h2 class=\"content-box-heading\" style=\"--h2_typography-font-size:14px;line-height:19px;padding-right:70px;\">\u0627\u0644\u0639\u0644\u0627\u062c \u0627\u0644\u0637\u0628\u064a\u0639\u064a \u0648\u0625\u0639\u0627\u062f\u0629 \u0627\u0644\u062a\u0623\u0647\u064a\u0644<\/h2><\/a><\/div><\/div><\/div><div style=\"--awb-backgroundcolor:rgba(255,255,255,0);--awb-content-padding-right:70px;--awb-content-text-align:right;border-color:rgba(255,255,255,0);\" class=\"fusion-column content-box-column content-box-column content-box-column-2 col-lg-12 col-md-12 col-sm-12 fusion-content-box-hover content-box-column-last-in-row\"><div class=\"col content-box-wrapper content-wrapper link-area-box link-type-text icon-hover-animation-fade\" data-link=\"http:\/\/kastipmerkezi.com.tr\/en\/video-gallery\/oral-and-dental-health-video-gallery\/\" data-link-target=\"_self\" data-animationOffset=\"top-into-view\"><div class=\"heading heading-with-icon icon-right\"><a class=\"heading-link\" href=\"http:\/\/kastipmerkezi.com.tr\/en\/video-gallery\/oral-and-dental-health-video-gallery\/\" target=\"_self\"><div aria-hidden=\"true\" class=\"image\"><img decoding=\"async\" src=\"http:\/\/kastipmerkezi.com.tr\/wp-content\/uploads\/2018\/08\/video-icon.png\" width=\"50\" height=\"50\" alt=\"\" \/><\/div><h2 class=\"content-box-heading\" style=\"--h2_typography-font-size:14px;line-height:19px;padding-right:70px;\">\u0635\u062d\u0629 \u0627\u0644\u0641\u0645 \u0648\u0627\u0644\u0623\u0633\u0646\u0627\u0646<\/h2><\/a><\/div><\/div><\/div><div style=\"--awb-backgroundcolor:rgba(255,255,255,0);--awb-content-padding-right:70px;--awb-content-text-align:right;border-color:rgba(255,255,255,0);\" class=\"fusion-column content-box-column content-box-column content-box-column-3 col-lg-12 col-md-12 col-sm-12 fusion-content-box-hover content-box-column-last content-box-column-last-in-row\"><div class=\"col content-box-wrapper content-wrapper link-area-box link-type-text icon-hover-animation-fade\" data-link=\"http:\/\/kastipmerkezi.com.tr\/en\/video-gallery\/nutrition-and-dietetics-video-gallery\/\" data-link-target=\"_self\" data-animationOffset=\"top-into-view\"><div class=\"heading heading-with-icon icon-right\"><a class=\"heading-link\" href=\"http:\/\/kastipmerkezi.com.tr\/en\/video-gallery\/nutrition-and-dietetics-video-gallery\/\" target=\"_self\"><div aria-hidden=\"true\" class=\"image\"><img decoding=\"async\" src=\"http:\/\/kastipmerkezi.com.tr\/wp-content\/uploads\/2018\/08\/video-icon.png\" width=\"50\" height=\"50\" alt=\"\" \/><\/div><h2 class=\"content-box-heading\" style=\"--h2_typography-font-size:14px;line-height:19px;padding-right:70px;\">\u0627\u0644\u062a\u063a\u0630\u064a\u0629 \u0648\u0627\u0644\u062d\u0645\u064a\u0629<\/h2><\/a><\/div><\/div><\/div><div class=\"fusion-clearfix\"><\/div><\/div><div class=\"fusion-clearfix\"><\/div><\/div><\/div><div class=\"fusion-layout-column fusion_builder_column fusion-builder-column-2 fusion_builder_column_1_4 1_4 fusion-one-fourth\" style=\"--awb-bg-size:cover;width:25%;width:calc(25% - ( ( 4% + 4% + 4% ) * 0.25 ) );margin-left: 4%;\"><div class=\"fusion-column-wrapper fusion-flex-column-wrapper-legacy\"><div class=\"fusion-content-boxes content-boxes columns row fusion-columns-1 fusion-columns-total-3 fusion-content-boxes-2 content-boxes-clean-horizontal content-right content-boxes-icon-on-side bolum-home\" style=\"--awb-title-color:#ffffff;--awb-hover-accent-color:#ffffff;--awb-circle-hover-accent-color:#ffffff;--awb-item-margin-bottom:40px;\" data-animationOffset=\"top-into-view\"><div style=\"--awb-backgroundcolor:rgba(255,255,255,0);--awb-content-padding-right:70px;--awb-content-text-align:right;border-color:rgba(255,255,255,0);\" class=\"fusion-column content-box-column content-box-column content-box-column-1 col-lg-12 col-md-12 col-sm-12 fusion-content-box-hover content-box-column-last-in-row\"><div class=\"col content-box-wrapper content-wrapper link-area-box link-type-text icon-hover-animation-fade\" data-link=\"http:\/\/kastipmerkezi.com.tr\/en\/video-gallery\/internal-diseases-video-gallery\/\" data-link-target=\"_self\" data-animationOffset=\"top-into-view\"><div class=\"heading heading-with-icon icon-right\"><a class=\"heading-link\" href=\"http:\/\/kastipmerkezi.com.tr\/en\/video-gallery\/internal-diseases-video-gallery\/\" target=\"_self\"><div aria-hidden=\"true\" class=\"image\"><img decoding=\"async\" src=\"http:\/\/kastipmerkezi.com.tr\/wp-content\/uploads\/2018\/08\/video-icon.png\" width=\"50\" height=\"50\" alt=\"\" \/><\/div><h2 class=\"content-box-heading\" style=\"--h2_typography-font-size:14px;line-height:19px;padding-right:70px;\">\u0627\u0644\u0637\u0628 \u0627\u0644\u0628\u0627\u0637\u0646\u064a<\/h2><\/a><\/div><\/div><\/div><div style=\"--awb-backgroundcolor:rgba(255,255,255,0);--awb-content-padding-right:70px;--awb-content-text-align:right;border-color:rgba(255,255,255,0);\" class=\"fusion-column content-box-column content-box-column content-box-column-2 col-lg-12 col-md-12 col-sm-12 fusion-content-box-hover content-box-column-last-in-row\"><div class=\"col content-box-wrapper content-wrapper link-area-box link-type-text icon-hover-animation-fade\" data-link=\"http:\/\/kastipmerkezi.com.tr\/en\/video-gallery\/general-surgery-video-gallery\/\" data-link-target=\"_self\" data-animationOffset=\"top-into-view\"><div class=\"heading heading-with-icon icon-right\"><a class=\"heading-link\" href=\"http:\/\/kastipmerkezi.com.tr\/en\/video-gallery\/general-surgery-video-gallery\/\" target=\"_self\"><div aria-hidden=\"true\" class=\"image\"><img decoding=\"async\" src=\"http:\/\/kastipmerkezi.com.tr\/wp-content\/uploads\/2018\/08\/video-icon.png\" width=\"50\" height=\"50\" alt=\"\" \/><\/div><h2 class=\"content-box-heading\" style=\"--h2_typography-font-size:14px;line-height:19px;padding-right:70px;\">\u0627\u0644\u062c\u0631\u0627\u062d\u0629 \u0627\u0644\u0639\u0627\u0645\u0629<\/h2><\/a><\/div><\/div><\/div><div style=\"--awb-backgroundcolor:rgba(255,255,255,0);--awb-content-padding-right:70px;--awb-content-text-align:right;border-color:rgba(255,255,255,0);\" class=\"fusion-column content-box-column content-box-column content-box-column-3 col-lg-12 col-md-12 col-sm-12 fusion-content-box-hover content-box-column-last content-box-column-last-in-row\"><div class=\"col content-box-wrapper content-wrapper link-area-box link-type-text icon-hover-animation-fade\" data-link=\"http:\/\/kastipmerkezi.com.tr\/en\/video-gallery\/orthopedics-video-gallery\/\" data-link-target=\"_self\" data-animationOffset=\"top-into-view\"><div class=\"heading heading-with-icon icon-right\"><a class=\"heading-link\" href=\"http:\/\/kastipmerkezi.com.tr\/en\/video-gallery\/orthopedics-video-gallery\/\" target=\"_self\"><div aria-hidden=\"true\" class=\"image\"><img decoding=\"async\" src=\"http:\/\/kastipmerkezi.com.tr\/wp-content\/uploads\/2018\/08\/video-icon.png\" width=\"50\" height=\"50\" alt=\"\" \/><\/div><h2 class=\"content-box-heading\" style=\"--h2_typography-font-size:14px;line-height:19px;padding-right:70px;\">\u062c\u0631\u0627\u062d\u0629 \u0627\u0644\u0639\u0638\u0627\u0645<\/h2><\/a><\/div><\/div><\/div><div class=\"fusion-clearfix\"><\/div><\/div><div class=\"fusion-clearfix\"><\/div><\/div><\/div><div class=\"fusion-layout-column fusion_builder_column fusion-builder-column-3 fusion_builder_column_1_4 1_4 fusion-one-fourth\" style=\"--awb-bg-size:cover;width:25%;width:calc(25% - ( ( 4% + 4% + 4% ) * 0.25 ) );margin-left: 4%;\"><div class=\"fusion-column-wrapper fusion-flex-column-wrapper-legacy\"><div class=\"fusion-content-boxes content-boxes columns row fusion-columns-1 fusion-columns-total-3 fusion-content-boxes-3 content-boxes-clean-horizontal content-right content-boxes-icon-on-side bolum-home\" style=\"--awb-title-color:#ffffff;--awb-hover-accent-color:#ffffff;--awb-circle-hover-accent-color:#ffffff;--awb-item-margin-bottom:40px;\" data-animationOffset=\"top-into-view\"><div style=\"--awb-backgroundcolor:rgba(255,255,255,0);--awb-content-padding-right:70px;--awb-content-text-align:right;border-color:rgba(255,255,255,0);\" class=\"fusion-column content-box-column content-box-column content-box-column-1 col-lg-12 col-md-12 col-sm-12 fusion-content-box-hover content-box-column-last-in-row\"><div class=\"col content-box-wrapper content-wrapper link-area-box link-type-text icon-hover-animation-fade\" data-link=\"http:\/\/kastipmerkezi.com.tr\/en\/video-gallery\/pediatrics-video-gallery\/\" data-link-target=\"_self\" data-animationOffset=\"top-into-view\"><div class=\"heading heading-with-icon icon-right\"><a class=\"heading-link\" href=\"http:\/\/kastipmerkezi.com.tr\/en\/video-gallery\/pediatrics-video-gallery\/\" target=\"_self\"><div aria-hidden=\"true\" class=\"image\"><img decoding=\"async\" src=\"http:\/\/kastipmerkezi.com.tr\/wp-content\/uploads\/2018\/08\/video-icon.png\" width=\"50\" height=\"50\" alt=\"\" \/><\/div><h2 class=\"content-box-heading\" style=\"--h2_typography-font-size:14px;line-height:19px;padding-right:70px;\">\u0635\u062d\u0629 \u0627\u0644\u0637\u0641\u0644 \u0648\u0627\u0644\u0645\u0631\u0636<\/h2><\/a><\/div><\/div><\/div><div style=\"--awb-backgroundcolor:rgba(255,255,255,0);--awb-content-padding-right:70px;--awb-content-text-align:right;border-color:rgba(255,255,255,0);\" class=\"fusion-column content-box-column content-box-column content-box-column-2 col-lg-12 col-md-12 col-sm-12 fusion-content-box-hover content-box-column-last-in-row\"><div class=\"col content-box-wrapper content-wrapper link-area-box link-type-text icon-hover-animation-fade\" data-link=\"http:\/\/kastipmerkezi.com.tr\/en\/video-gallery\/eye-diseases-video-gallery\/\" data-link-target=\"_self\" data-animationOffset=\"top-into-view\"><div class=\"heading heading-with-icon icon-right\"><a class=\"heading-link\" href=\"http:\/\/kastipmerkezi.com.tr\/en\/video-gallery\/eye-diseases-video-gallery\/\" target=\"_self\"><div aria-hidden=\"true\" class=\"image\"><img decoding=\"async\" src=\"http:\/\/kastipmerkezi.com.tr\/wp-content\/uploads\/2018\/08\/video-icon.png\" width=\"50\" height=\"50\" alt=\"\" \/><\/div><h2 class=\"content-box-heading\" style=\"--h2_typography-font-size:14px;line-height:19px;padding-right:70px;\">\u0623\u0645\u0631\u0627\u0636 \u0627\u0644\u0639\u064a\u0648\u0646<\/h2><\/a><\/div><\/div><\/div><div style=\"--awb-backgroundcolor:rgba(255,255,255,0);--awb-content-padding-right:70px;--awb-content-text-align:right;border-color:rgba(255,255,255,0);\" class=\"fusion-column content-box-column content-box-column content-box-column-3 col-lg-12 col-md-12 col-sm-12 fusion-content-box-hover content-box-column-last content-box-column-last-in-row\"><div class=\"col content-box-wrapper content-wrapper link-area-box link-type-text icon-hover-animation-fade\" data-link=\"http:\/\/kastipmerkezi.com.tr\/en\/video-gallery\/neurology-video-gallery\/\" data-link-target=\"_self\" data-animationOffset=\"top-into-view\"><div class=\"heading heading-with-icon icon-right\"><a class=\"heading-link\" href=\"http:\/\/kastipmerkezi.com.tr\/en\/video-gallery\/neurology-video-gallery\/\" target=\"_self\"><div aria-hidden=\"true\" class=\"image\"><img decoding=\"async\" src=\"http:\/\/kastipmerkezi.com.tr\/wp-content\/uploads\/2018\/08\/video-icon.png\" width=\"50\" height=\"50\" alt=\"\" \/><\/div><h2 class=\"content-box-heading\" style=\"--h2_typography-font-size:14px;line-height:19px;padding-right:70px;\">\u0627\u0644\u0627\u0645\u0631\u0627\u0636 \u0627\u0644\u0639\u0635\u0628\u064a\u06c0<\/h2><\/a><\/div><\/div><\/div><div class=\"fusion-clearfix\"><\/div><\/div><div class=\"fusion-clearfix\"><\/div><\/div><\/div><div class=\"fusion-layout-column fusion_builder_column fusion-builder-column-4 fusion_builder_column_1_4 1_4 fusion-one-fourth fusion-column-last\" style=\"--awb-bg-size:cover;width:25%;width:calc(25% - ( ( 4% + 4% + 4% ) * 0.25 ) );\"><div class=\"fusion-column-wrapper fusion-flex-column-wrapper-legacy\"><div class=\"fusion-content-boxes content-boxes columns row fusion-columns-1 fusion-columns-total-2 fusion-content-boxes-4 content-boxes-clean-horizontal content-right content-boxes-icon-on-side bolum-home\" style=\"--awb-title-color:#ffffff;--awb-hover-accent-color:#ffffff;--awb-circle-hover-accent-color:#ffffff;--awb-item-margin-bottom:40px;\" data-animationOffset=\"top-into-view\"><div style=\"--awb-backgroundcolor:rgba(255,255,255,0);--awb-content-padding-right:70px;--awb-content-text-align:right;border-color:rgba(255,255,255,0);\" class=\"fusion-column content-box-column content-box-column content-box-column-1 col-lg-12 col-md-12 col-sm-12 fusion-content-box-hover content-box-column-last-in-row\"><div class=\"col content-box-wrapper content-wrapper link-area-box link-type-text icon-hover-animation-fade\" data-link=\"http:\/\/kastipmerkezi.com.tr\/en\/video-gallery\/gynecology-and-obstetrics-video-gallery\/\" data-link-target=\"_self\" data-animationOffset=\"top-into-view\"><div class=\"heading heading-with-icon icon-right\"><a class=\"heading-link\" href=\"http:\/\/kastipmerkezi.com.tr\/en\/video-gallery\/gynecology-and-obstetrics-video-gallery\/\" target=\"_self\"><div aria-hidden=\"true\" class=\"image\"><img decoding=\"async\" src=\"http:\/\/kastipmerkezi.com.tr\/wp-content\/uploads\/2018\/08\/video-icon.png\" width=\"50\" height=\"50\" alt=\"\" \/><\/div><h2 class=\"content-box-heading\" style=\"--h2_typography-font-size:14px;line-height:19px;padding-right:70px;\">\u0623\u0645\u0631\u0627\u0636 \u0627\u0644\u0646\u0633\u0627\u0621 \u0648\u0627\u0644\u062a\u0648\u0644\u064a\u062f<\/h2><\/a><\/div><\/div><\/div><div style=\"--awb-backgroundcolor:rgba(255,255,255,0);--awb-content-padding-right:70px;--awb-content-text-align:right;border-color:rgba(255,255,255,0);\" class=\"fusion-column content-box-column content-box-column content-box-column-2 col-lg-12 col-md-12 col-sm-12 fusion-content-box-hover content-box-column-last content-box-column-last-in-row\"><div class=\"col content-box-wrapper content-wrapper link-area-box link-type-text icon-hover-animation-fade\" data-link=\"http:\/\/kastipmerkezi.com.tr\/en\/video-gallery\/medical-aesthetics-video-gallery\/\" data-link-target=\"_self\" data-animationOffset=\"top-into-view\"><div class=\"heading heading-with-icon icon-right\"><a class=\"heading-link\" href=\"http:\/\/kastipmerkezi.com.tr\/en\/video-gallery\/medical-aesthetics-video-gallery\/\" target=\"_self\"><div aria-hidden=\"true\" class=\"image\"><img decoding=\"async\" src=\"http:\/\/kastipmerkezi.com.tr\/wp-content\/uploads\/2018\/08\/video-icon.png\" width=\"50\" height=\"50\" alt=\"\" \/><\/div><h2 class=\"content-box-heading\" style=\"--h2_typography-font-size:14px;line-height:19px;padding-right:70px;\">\u0627\u0644\u0637\u0628 \u0627\u0644\u062a\u062c\u0645\u064a\u0644\u064a<\/h2><\/a><\/div><\/div><\/div><div class=\"fusion-clearfix\"><\/div><\/div><div class=\"fusion-clearfix\"><\/div><\/div><\/div><\/div><\/div>\n","protected":false},"excerpt":{"rendered":"","protected":false},"author":1,"featured_media":0,"parent":0,"menu_order":0,"comment_status":"closed","ping_status":"closed","template":"100-width.php","meta":{"footnotes":""},"class_list":["post-2665","page","type-page","status-publish","hentry"],"yoast_head":"<!-- This site is optimized with the Yoast SEO plugin v26.9 - https:\/\/yoast.com\/product\/yoast-seo-wordpress\/ -->\n<title>\u0645\u0639\u0631\u0636-\u0627\u0644\u0641\u064a\u062f\u064a\u0648 - Ka\u015f T\u0131p Merkezi<\/title>\n<meta name=\"robots\" content=\"index, follow, max-snippet:-1, max-image-preview:large, max-video-preview:-1\" \/>\n<link rel=\"canonical\" href=\"https:\/\/www.kastipmerkezi.com.tr\/ar\/%d9%85%d8%b9%d8%b1%d8%b6-%d8%a7%d9%84%d9%81%d9%8a%d8%af%d9%8a%d9%88\/\" \/>\n<meta property=\"og:locale\" content=\"ar_AR\" \/>\n<meta property=\"og:type\" content=\"article\" \/>\n<meta property=\"og:title\" content=\"\u0645\u0639\u0631\u0636-\u0627\u0644\u0641\u064a\u062f\u064a\u0648 - Ka\u015f T\u0131p Merkezi\" \/>\n<meta property=\"og:url\" content=\"https:\/\/www.kastipmerkezi.com.tr\/ar\/%d9%85%d8%b9%d8%b1%d8%b6-%d8%a7%d9%84%d9%81%d9%8a%d8%af%d9%8a%d9%88\/\" \/>\n<meta property=\"og:site_name\" content=\"Ka\u015f T\u0131p Merkezi\" \/>\n<meta property=\"article:publisher\" content=\"https:\/\/www.facebook.com\/kastipmerkezi\/\" \/>\n<meta property=\"article:modified_time\" content=\"2019-12-30T12:03:37+00:00\" \/>\n<meta name=\"twitter:card\" content=\"summary_large_image\" \/>\n<meta name=\"twitter:label1\" content=\"\u0648\u0642\u062a \u0627\u0644\u0642\u0631\u0627\u0621\u0629 \u0627\u0644\u0645\u064f\u0642\u062f\u0651\u0631\" \/>\n\t<meta name=\"twitter:data1\" content=\"7 \u062f\u0642\u0627\u0626\u0642\" \/>\n<script type=\"application\/ld+json\" class=\"yoast-schema-graph\">{\"@context\":\"https:\/\/schema.org\",\"@graph\":[{\"@type\":\"WebPage\",\"@id\":\"https:\/\/www.kastipmerkezi.com.tr\/ar\/%d9%85%d8%b9%d8%b1%d8%b6-%d8%a7%d9%84%d9%81%d9%8a%d8%af%d9%8a%d9%88\/\",\"url\":\"https:\/\/www.kastipmerkezi.com.tr\/ar\/%d9%85%d8%b9%d8%b1%d8%b6-%d8%a7%d9%84%d9%81%d9%8a%d8%af%d9%8a%d9%88\/\",\"name\":\"\u0645\u0639\u0631\u0636-\u0627\u0644\u0641\u064a\u062f\u064a\u0648 - Ka\u015f T\u0131p Merkezi\",\"isPartOf\":{\"@id\":\"https:\/\/www.kastipmerkezi.com.tr\/ar\/#website\"},\"datePublished\":\"2018-06-27T07:33:10+00:00\",\"dateModified\":\"2019-12-30T12:03:37+00:00\",\"breadcrumb\":{\"@id\":\"https:\/\/www.kastipmerkezi.com.tr\/ar\/%d9%85%d8%b9%d8%b1%d8%b6-%d8%a7%d9%84%d9%81%d9%8a%d8%af%d9%8a%d9%88\/#breadcrumb\"},\"inLanguage\":\"ar\",\"potentialAction\":[{\"@type\":\"ReadAction\",\"target\":[\"https:\/\/www.kastipmerkezi.com.tr\/ar\/%d9%85%d8%b9%d8%b1%d8%b6-%d8%a7%d9%84%d9%81%d9%8a%d8%af%d9%8a%d9%88\/\"]}]},{\"@type\":\"BreadcrumbList\",\"@id\":\"https:\/\/www.kastipmerkezi.com.tr\/ar\/%d9%85%d8%b9%d8%b1%d8%b6-%d8%a7%d9%84%d9%81%d9%8a%d8%af%d9%8a%d9%88\/#breadcrumb\",\"itemListElement\":[{\"@type\":\"ListItem\",\"position\":1,\"name\":\"Ana sayfa\",\"item\":\"https:\/\/www.kastipmerkezi.com.tr\/ar\/\"},{\"@type\":\"ListItem\",\"position\":2,\"name\":\"\u0645\u0639\u0631\u0636-\u0627\u0644\u0641\u064a\u062f\u064a\u0648\"}]},{\"@type\":\"WebSite\",\"@id\":\"https:\/\/www.kastipmerkezi.com.tr\/ar\/#website\",\"url\":\"https:\/\/www.kastipmerkezi.com.tr\/ar\/\",\"name\":\"Ka\u015f T\u0131p Merkezi\",\"description\":\"\",\"publisher\":{\"@id\":\"https:\/\/www.kastipmerkezi.com.tr\/ar\/#organization\"},\"potentialAction\":[{\"@type\":\"SearchAction\",\"target\":{\"@type\":\"EntryPoint\",\"urlTemplate\":\"https:\/\/www.kastipmerkezi.com.tr\/ar\/?s={search_term_string}\"},\"query-input\":{\"@type\":\"PropertyValueSpecification\",\"valueRequired\":true,\"valueName\":\"search_term_string\"}}],\"inLanguage\":\"ar\"},{\"@type\":\"Organization\",\"@id\":\"https:\/\/www.kastipmerkezi.com.tr\/ar\/#organization\",\"name\":\"\u0130stanbul \u00d6zel Ka\u015f T\u0131p Merkezi\",\"url\":\"https:\/\/www.kastipmerkezi.com.tr\/ar\/\",\"logo\":{\"@type\":\"ImageObject\",\"inLanguage\":\"ar\",\"@id\":\"https:\/\/www.kastipmerkezi.com.tr\/ar\/#\/schema\/logo\/image\/\",\"url\":\"https:\/\/www.kastipmerkezi.com.tr\/wp-content\/uploads\/2020\/12\/kas-logo-512.png\",\"contentUrl\":\"https:\/\/www.kastipmerkezi.com.tr\/wp-content\/uploads\/2020\/12\/kas-logo-512.png\",\"width\":512,\"height\":512,\"caption\":\"\u0130stanbul \u00d6zel Ka\u015f T\u0131p Merkezi\"},\"image\":{\"@id\":\"https:\/\/www.kastipmerkezi.com.tr\/ar\/#\/schema\/logo\/image\/\"},\"sameAs\":[\"https:\/\/www.facebook.com\/kastipmerkezi\/\"]}]}<\/script>\n<!-- \/ Yoast SEO plugin. -->","yoast_head_json":{"title":"\u0645\u0639\u0631\u0636-\u0627\u0644\u0641\u064a\u062f\u064a\u0648 - Ka\u015f T\u0131p Merkezi","robots":{"index":"index","follow":"follow","max-snippet":"max-snippet:-1","max-image-preview":"max-image-preview:large","max-video-preview":"max-video-preview:-1"},"canonical":"https:\/\/www.kastipmerkezi.com.tr\/ar\/%d9%85%d8%b9%d8%b1%d8%b6-%d8%a7%d9%84%d9%81%d9%8a%d8%af%d9%8a%d9%88\/","og_locale":"ar_AR","og_type":"article","og_title":"\u0645\u0639\u0631\u0636-\u0627\u0644\u0641\u064a\u062f\u064a\u0648 - Ka\u015f T\u0131p Merkezi","og_url":"https:\/\/www.kastipmerkezi.com.tr\/ar\/%d9%85%d8%b9%d8%b1%d8%b6-%d8%a7%d9%84%d9%81%d9%8a%d8%af%d9%8a%d9%88\/","og_site_name":"Ka\u015f T\u0131p Merkezi","article_publisher":"https:\/\/www.facebook.com\/kastipmerkezi\/","article_modified_time":"2019-12-30T12:03:37+00:00","twitter_card":"summary_large_image","twitter_misc":{"\u0648\u0642\u062a \u0627\u0644\u0642\u0631\u0627\u0621\u0629 \u0627\u0644\u0645\u064f\u0642\u062f\u0651\u0631":"7 \u062f\u0642\u0627\u0626\u0642"},"schema":{"@context":"https:\/\/schema.org","@graph":[{"@type":"WebPage","@id":"https:\/\/www.kastipmerkezi.com.tr\/ar\/%d9%85%d8%b9%d8%b1%d8%b6-%d8%a7%d9%84%d9%81%d9%8a%d8%af%d9%8a%d9%88\/","url":"https:\/\/www.kastipmerkezi.com.tr\/ar\/%d9%85%d8%b9%d8%b1%d8%b6-%d8%a7%d9%84%d9%81%d9%8a%d8%af%d9%8a%d9%88\/","name":"\u0645\u0639\u0631\u0636-\u0627\u0644\u0641\u064a\u062f\u064a\u0648 - Ka\u015f T\u0131p Merkezi","isPartOf":{"@id":"https:\/\/www.kastipmerkezi.com.tr\/ar\/#website"},"datePublished":"2018-06-27T07:33:10+00:00","dateModified":"2019-12-30T12:03:37+00:00","breadcrumb":{"@id":"https:\/\/www.kastipmerkezi.com.tr\/ar\/%d9%85%d8%b9%d8%b1%d8%b6-%d8%a7%d9%84%d9%81%d9%8a%d8%af%d9%8a%d9%88\/#breadcrumb"},"inLanguage":"ar","potentialAction":[{"@type":"ReadAction","target":["https:\/\/www.kastipmerkezi.com.tr\/ar\/%d9%85%d8%b9%d8%b1%d8%b6-%d8%a7%d9%84%d9%81%d9%8a%d8%af%d9%8a%d9%88\/"]}]},{"@type":"BreadcrumbList","@id":"https:\/\/www.kastipmerkezi.com.tr\/ar\/%d9%85%d8%b9%d8%b1%d8%b6-%d8%a7%d9%84%d9%81%d9%8a%d8%af%d9%8a%d9%88\/#breadcrumb","itemListElement":[{"@type":"ListItem","position":1,"name":"Ana sayfa","item":"https:\/\/www.kastipmerkezi.com.tr\/ar\/"},{"@type":"ListItem","position":2,"name":"\u0645\u0639\u0631\u0636-\u0627\u0644\u0641\u064a\u062f\u064a\u0648"}]},{"@type":"WebSite","@id":"https:\/\/www.kastipmerkezi.com.tr\/ar\/#website","url":"https:\/\/www.kastipmerkezi.com.tr\/ar\/","name":"Ka\u015f T\u0131p Merkezi","description":"","publisher":{"@id":"https:\/\/www.kastipmerkezi.com.tr\/ar\/#organization"},"potentialAction":[{"@type":"SearchAction","target":{"@type":"EntryPoint","urlTemplate":"https:\/\/www.kastipmerkezi.com.tr\/ar\/?s={search_term_string}"},"query-input":{"@type":"PropertyValueSpecification","valueRequired":true,"valueName":"search_term_string"}}],"inLanguage":"ar"},{"@type":"Organization","@id":"https:\/\/www.kastipmerkezi.com.tr\/ar\/#organization","name":"\u0130stanbul \u00d6zel Ka\u015f T\u0131p Merkezi","url":"https:\/\/www.kastipmerkezi.com.tr\/ar\/","logo":{"@type":"ImageObject","inLanguage":"ar","@id":"https:\/\/www.kastipmerkezi.com.tr\/ar\/#\/schema\/logo\/image\/","url":"https:\/\/www.kastipmerkezi.com.tr\/wp-content\/uploads\/2020\/12\/kas-logo-512.png","contentUrl":"https:\/\/www.kastipmerkezi.com.tr\/wp-content\/uploads\/2020\/12\/kas-logo-512.png","width":512,"height":512,"caption":"\u0130stanbul \u00d6zel Ka\u015f T\u0131p Merkezi"},"image":{"@id":"https:\/\/www.kastipmerkezi.com.tr\/ar\/#\/schema\/logo\/image\/"},"sameAs":["https:\/\/www.facebook.com\/kastipmerkezi\/"]}]}},"_links":{"self":[{"href":"https:\/\/www.kastipmerkezi.com.tr\/ar\/wp-json\/wp\/v2\/pages\/2665","targetHints":{"allow":["GET"]}}],"collection":[{"href":"https:\/\/www.kastipmerkezi.com.tr\/ar\/wp-json\/wp\/v2\/pages"}],"about":[{"href":"https:\/\/www.kastipmerkezi.com.tr\/ar\/wp-json\/wp\/v2\/types\/page"}],"author":[{"embeddable":true,"href":"https:\/\/www.kastipmerkezi.com.tr\/ar\/wp-json\/wp\/v2\/users\/1"}],"replies":[{"embeddable":true,"href":"https:\/\/www.kastipmerkezi.com.tr\/ar\/wp-json\/wp\/v2\/comments?post=2665"}],"version-history":[{"count":0,"href":"https:\/\/www.kastipmerkezi.com.tr\/ar\/wp-json\/wp\/v2\/pages\/2665\/revisions"}],"wp:attachment":[{"href":"https:\/\/www.kastipmerkezi.com.tr\/ar\/wp-json\/wp\/v2\/media?parent=2665"}],"curies":[{"name":"wp","href":"https:\/\/api.w.org\/{rel}","templated":true}]}}