{"id":12749,"date":"2019-09-23T15:50:45","date_gmt":"2019-09-23T12:50:45","guid":{"rendered":"http:\/\/kastipmerkezi.com.tr\/?page_id=12749"},"modified":"2021-03-12T20:01:59","modified_gmt":"2021-03-12T17:01:59","slug":"fettabsaugung-liposuktion","status":"publish","type":"page","link":"https:\/\/www.kastipmerkezi.com.tr\/de\/fettabsaugung-liposuktion\/","title":{"rendered":"FETTABSAUGUNG (LIPOSUKTION)"},"content":{"rendered":"<div class=\"fusion-fullwidth fullwidth-box fusion-builder-row-1 nonhundred-percent-fullwidth non-hundred-percent-height-scrolling\" style=\"--awb-border-radius-top-left:0px;--awb-border-radius-top-right:0px;--awb-border-radius-bottom-right:0px;--awb-border-radius-bottom-left:0px;--awb-flex-wrap:wrap;\" ><div class=\"fusion-builder-row fusion-row\"><div class=\"fusion-layout-column fusion_builder_column fusion-builder-column-0 fusion_builder_column_1_2 1_2 fusion-one-half fusion-column-first\" style=\"--awb-bg-size:cover;width:50%;width:calc(50% - ( ( 4% ) * 0.5 ) );margin-right: 4%;\"><div class=\"fusion-column-wrapper fusion-flex-column-wrapper-legacy\"><div class=\"fusion-image-element in-legacy-container\" style=\"--awb-caption-title-font-family:var(--h2_typography-font-family);--awb-caption-title-font-weight:var(--h2_typography-font-weight);--awb-caption-title-font-style:var(--h2_typography-font-style);--awb-caption-title-size:var(--h2_typography-font-size);--awb-caption-title-transform:var(--h2_typography-text-transform);--awb-caption-title-line-height:var(--h2_typography-line-height);--awb-caption-title-letter-spacing:var(--h2_typography-letter-spacing);\"><span class=\" fusion-imageframe imageframe-none imageframe-1 hover-type-none\"><img decoding=\"async\" width=\"626\" height=\"385\" title=\"liposuction\" src=\"https:\/\/www.kastipmerkezi.com.tr\/wp-content\/uploads\/2021\/03\/liposuction.jpg\" alt class=\"img-responsive wp-image-39491\" srcset=\"https:\/\/www.kastipmerkezi.com.tr\/wp-content\/uploads\/2021\/03\/liposuction-200x123.jpg 200w, https:\/\/www.kastipmerkezi.com.tr\/wp-content\/uploads\/2021\/03\/liposuction-400x246.jpg 400w, https:\/\/www.kastipmerkezi.com.tr\/wp-content\/uploads\/2021\/03\/liposuction-600x369.jpg 600w, https:\/\/www.kastipmerkezi.com.tr\/wp-content\/uploads\/2021\/03\/liposuction.jpg 626w\" sizes=\"(max-width: 800px) 100vw, 600px\" \/><\/span><\/div><div class=\"fusion-clearfix\"><\/div><\/div><\/div><div class=\"fusion-layout-column fusion_builder_column fusion-builder-column-1 fusion_builder_column_1_2 1_2 fusion-one-half fusion-column-last\" style=\"--awb-bg-size:cover;width:50%;width:calc(50% - ( ( 4% ) * 0.5 ) );\"><div class=\"fusion-column-wrapper fusion-flex-column-wrapper-legacy\"><div class=\"fusion-text fusion-text-1\"><p>Eine Fettabsaugung dient dazu, Fettzellen\u00a0an bestimmten Stellen unter der Haut mit Kan\u00fclen abzusaugen.<\/p>\n<p>Es ist nicht zu vergessen, dass eine Fettabsaugung keine Operation ist, die gegen Fettleibigkeit oder zwecks einer Gewichtabnahme gemacht wird. Sie dient dazu bestimmte wiederstandsf\u00e4hige Fettzellen, die durch Sport oder Di\u00e4t nicht verschwinden, zu entfernen.<\/p>\n<p>Als Erstes wird in die Region mit den wiederstandsf\u00e4higen Fettzellen Fl\u00fcssigkeit injektiert. Danach werden kleine, wenige mm gro\u00dfe Schnitte in die durch die Injektion angeschwollene Region gemacht.<\/p>\n<\/div><div class=\"fusion-clearfix\"><\/div><\/div><\/div><div class=\"fusion-layout-column fusion_builder_column fusion-builder-column-2 fusion_builder_column_1_1 1_1 fusion-one-full fusion-column-first fusion-column-last\" style=\"--awb-bg-size:cover;\"><div class=\"fusion-column-wrapper fusion-flex-column-wrapper-legacy\"><div class=\"fusion-text fusion-text-2\"><p>Durch die Schnitte werden Kan\u00fclen von etwa 2-6 mm Durchmesser ins Unterhautgewebe eingesetzt. Die Kan\u00fclen sind durch durchsichtige R\u00f6hre mit einem Vakuumger\u00e4t verbunden. W\u00e4hrend das Vakuumger\u00e4t eingeschaltet ist bewegen die Chirurgen die Kan\u00fclen, um alle wiederstandsf\u00e4higen Fettzellen ergreifen zu k\u00f6nnen.<\/p>\n<p>Dieser Prozess wird so lange fortgesetzt, bis die gew\u00fcnschte Figur und eine ebenm\u00e4\u00dfige Hautstruktur erzielt ist.<\/p>\n<p>LIPOSUKTION AM\u00a0 HALS<\/p>\n<p>Mit Hilfe sehr kleinen Kan\u00fclen werden bei diesem Eingriff Fette aus der Hals- und Kieferregion abgesaugt. Nach der Fettabsaugung regeneriert und haftet die Haut wieder mit Hilfe eines Korsetts. Der Eingriff dauert etwa 1 Stunde und der Regenerierungsprozess ist sehr kurz. Nach einer Liposuktion am Hals kann der Patient in der Regel in 2-3 Tagen wieder in den Alltag zur\u00fcckkehren.<\/p>\n<\/div><div class=\"fusion-clearfix\"><\/div><\/div><\/div><\/div><\/div><div class=\"fusion-fullwidth fullwidth-box fusion-builder-row-2 nonhundred-percent-fullwidth non-hundred-percent-height-scrolling\" style=\"--awb-border-radius-top-left:0px;--awb-border-radius-top-right:0px;--awb-border-radius-bottom-right:0px;--awb-border-radius-bottom-left:0px;--awb-flex-wrap:wrap;\" ><div class=\"fusion-builder-row fusion-row\"><div class=\"fusion-layout-column fusion_builder_column fusion-builder-column-3 fusion_builder_column_1_1 1_1 fusion-one-full fusion-column-first fusion-column-last\" style=\"--awb-bg-size:cover;\"><div class=\"fusion-column-wrapper fusion-flex-column-wrapper-legacy\"><div class=\"fusion-alert alert general alert-info fusion-alert-left awb-alert-native-link-color alert-shadow\" role=\"alert\"><div class=\"fusion-alert-content-wrapper\"><span class=\"alert-icon\"><i class=\"awb-icon-info-circle\" aria-hidden=\"true\"><\/i><\/span><span class=\"fusion-alert-content\"><div class=\"vc_message_box vc_message_box-standard vc_message_box-rounded vc_color-blue\">\n<p>Hinterlassen sie eine nachricht f\u00fcr weitere \u0131nformationen und wir werden sie kontaktieren.<\/p>\n<\/div><\/span><\/div><\/div>\n<div class=\"wpcf7 no-js\" id=\"wpcf7-f14293-o1\" lang=\"tr-TR\" dir=\"ltr\" data-wpcf7-id=\"14293\">\n<div class=\"screen-reader-response\"><p role=\"status\" aria-live=\"polite\" aria-atomic=\"true\"><\/p> <ul><\/ul><\/div>\n<form action=\"\/de\/wp-json\/wp\/v2\/pages\/12749#wpcf7-f14293-o1\" method=\"post\" class=\"wpcf7-form init\" aria-label=\"\u0130leti\u015fim Formu\" novalidate=\"novalidate\" data-status=\"init\">\n<fieldset class=\"hidden-fields-container\"><input type=\"hidden\" name=\"_wpcf7\" value=\"14293\" \/><input type=\"hidden\" name=\"_wpcf7_version\" value=\"6.1.5\" \/><input type=\"hidden\" name=\"_wpcf7_locale\" value=\"tr_TR\" \/><input type=\"hidden\" name=\"_wpcf7_unit_tag\" value=\"wpcf7-f14293-o1\" \/><input type=\"hidden\" name=\"_wpcf7_container_post\" value=\"0\" \/><input type=\"hidden\" name=\"_wpcf7_posted_data_hash\" value=\"\" \/>\n<\/fieldset>\n<p><label> <span class=\"wpcf7-form-control-wrap\" data-name=\"your-name\"><input size=\"40\" maxlength=\"400\" class=\"wpcf7-form-control wpcf7-text wpcf7-validates-as-required\" aria-required=\"true\" aria-invalid=\"false\" placeholder=\"Vorname Nachname (erforderlich)\" value=\"\" type=\"text\" name=\"your-name\" \/><\/span> <\/label>\n<\/p>\n<p><label><span class=\"wpcf7-form-control-wrap\" data-name=\"your-email\"><input size=\"40\" maxlength=\"400\" class=\"wpcf7-form-control wpcf7-email wpcf7-text wpcf7-validates-as-email\" aria-invalid=\"false\" placeholder=\"E- Mail\" value=\"\" type=\"email\" name=\"your-email\" \/><\/span> <\/label>\n<\/p>\n<p><label><span class=\"wpcf7-form-control-wrap\" data-name=\"telefon\"><input size=\"40\" maxlength=\"400\" class=\"wpcf7-form-control wpcf7-tel wpcf7-validates-as-required wpcf7-text wpcf7-validates-as-tel\" aria-required=\"true\" aria-invalid=\"false\" placeholder=\"Telefon (erforderlich)\" value=\"\" type=\"tel\" name=\"telefon\" \/><\/span> <\/label>\n<\/p>\n<p><label> <span class=\"wpcf7-form-control-wrap\" data-name=\"your-message\"><textarea cols=\"40\" rows=\"10\" maxlength=\"2000\" class=\"wpcf7-form-control wpcf7-textarea\" aria-invalid=\"false\" placeholder=\"Ihre Nachricht\" name=\"your-message\"><\/textarea><\/span> <\/label>\n<\/p>\n<p><input class=\"wpcf7-form-control wpcf7-submit has-spinner\" type=\"submit\" value=\"senden\" \/>\n<\/p><p style=\"display: none !important;\" class=\"akismet-fields-container\" data-prefix=\"_wpcf7_ak_\"><label>&#916;<textarea name=\"_wpcf7_ak_hp_textarea\" cols=\"45\" rows=\"8\" maxlength=\"100\"><\/textarea><\/label><input type=\"hidden\" id=\"ak_js_1\" name=\"_wpcf7_ak_js\" value=\"95\"\/><script>document.getElementById( \"ak_js_1\" ).setAttribute( \"value\", ( new Date() ).getTime() );<\/script><\/p><div class=\"fusion-alert alert custom alert-custom fusion-alert-left wpcf7-response-output awb-alert-native-link-color alert-dismissable awb-alert-close-boxed alert-shadow\" style=\"--awb-border-size:1px;--awb-border-top-left-radius:0px;--awb-border-top-right-radius:0px;--awb-border-bottom-left-radius:0px;--awb-border-bottom-right-radius:0px;\" role=\"alert\"><div class=\"fusion-alert-content-wrapper\"><span class=\"fusion-alert-content\"><\/span><\/div><button type=\"button\" class=\"close toggle-alert\" data-dismiss=\"alert\" aria-label=\"Close\">&times;<\/button><\/div>\n<\/form>\n<\/div>\n<div class=\"fusion-clearfix\"><\/div><\/div><\/div><\/div><\/div>\n","protected":false},"excerpt":{"rendered":"","protected":false},"author":2,"featured_media":0,"parent":0,"menu_order":40,"comment_status":"closed","ping_status":"closed","template":"","meta":{"footnotes":""},"class_list":["post-12749","page","type-page","status-publish","hentry"],"yoast_head":"<!-- This site is optimized with the Yoast SEO plugin v26.9 - https:\/\/yoast.com\/product\/yoast-seo-wordpress\/ -->\n<title>FETTABSAUGUNG (LIPOSUKTION) - Ka\u015f T\u0131p Merkezi<\/title>\n<meta name=\"robots\" content=\"index, follow, max-snippet:-1, max-image-preview:large, max-video-preview:-1\" \/>\n<link rel=\"canonical\" href=\"https:\/\/www.kastipmerkezi.com.tr\/de\/fettabsaugung-liposuktion\/\" \/>\n<meta property=\"og:locale\" content=\"de_DE\" \/>\n<meta property=\"og:type\" content=\"article\" \/>\n<meta property=\"og:title\" content=\"FETTABSAUGUNG (LIPOSUKTION) - Ka\u015f T\u0131p Merkezi\" \/>\n<meta property=\"og:url\" content=\"https:\/\/www.kastipmerkezi.com.tr\/de\/fettabsaugung-liposuktion\/\" \/>\n<meta property=\"og:site_name\" content=\"Ka\u015f T\u0131p Merkezi\" \/>\n<meta property=\"article:publisher\" content=\"https:\/\/www.facebook.com\/kastipmerkezi\/\" \/>\n<meta property=\"article:modified_time\" content=\"2021-03-12T17:01:59+00:00\" \/>\n<meta name=\"twitter:card\" content=\"summary_large_image\" \/>\n<meta name=\"twitter:label1\" content=\"Gesch\u00e4tzte Lesezeit\" \/>\n\t<meta name=\"twitter:data1\" content=\"5\u00a0Minuten\" \/>\n<script type=\"application\/ld+json\" class=\"yoast-schema-graph\">{\"@context\":\"https:\/\/schema.org\",\"@graph\":[{\"@type\":\"WebPage\",\"@id\":\"https:\/\/www.kastipmerkezi.com.tr\/de\/fettabsaugung-liposuktion\/\",\"url\":\"https:\/\/www.kastipmerkezi.com.tr\/de\/fettabsaugung-liposuktion\/\",\"name\":\"FETTABSAUGUNG (LIPOSUKTION) - Ka\u015f T\u0131p Merkezi\",\"isPartOf\":{\"@id\":\"https:\/\/www.kastipmerkezi.com.tr\/de\/#website\"},\"datePublished\":\"2019-09-23T12:50:45+00:00\",\"dateModified\":\"2021-03-12T17:01:59+00:00\",\"breadcrumb\":{\"@id\":\"https:\/\/www.kastipmerkezi.com.tr\/de\/fettabsaugung-liposuktion\/#breadcrumb\"},\"inLanguage\":\"de\",\"potentialAction\":[{\"@type\":\"ReadAction\",\"target\":[\"https:\/\/www.kastipmerkezi.com.tr\/de\/fettabsaugung-liposuktion\/\"]}]},{\"@type\":\"BreadcrumbList\",\"@id\":\"https:\/\/www.kastipmerkezi.com.tr\/de\/fettabsaugung-liposuktion\/#breadcrumb\",\"itemListElement\":[{\"@type\":\"ListItem\",\"position\":1,\"name\":\"Ana sayfa\",\"item\":\"https:\/\/www.kastipmerkezi.com.tr\/de\/\"},{\"@type\":\"ListItem\",\"position\":2,\"name\":\"FETTABSAUGUNG (LIPOSUKTION)\"}]},{\"@type\":\"WebSite\",\"@id\":\"https:\/\/www.kastipmerkezi.com.tr\/de\/#website\",\"url\":\"https:\/\/www.kastipmerkezi.com.tr\/de\/\",\"name\":\"Ka\u015f T\u0131p Merkezi\",\"description\":\"\",\"publisher\":{\"@id\":\"https:\/\/www.kastipmerkezi.com.tr\/de\/#organization\"},\"potentialAction\":[{\"@type\":\"SearchAction\",\"target\":{\"@type\":\"EntryPoint\",\"urlTemplate\":\"https:\/\/www.kastipmerkezi.com.tr\/de\/?s={search_term_string}\"},\"query-input\":{\"@type\":\"PropertyValueSpecification\",\"valueRequired\":true,\"valueName\":\"search_term_string\"}}],\"inLanguage\":\"de\"},{\"@type\":\"Organization\",\"@id\":\"https:\/\/www.kastipmerkezi.com.tr\/de\/#organization\",\"name\":\"\u0130stanbul \u00d6zel Ka\u015f T\u0131p Merkezi\",\"url\":\"https:\/\/www.kastipmerkezi.com.tr\/de\/\",\"logo\":{\"@type\":\"ImageObject\",\"inLanguage\":\"de\",\"@id\":\"https:\/\/www.kastipmerkezi.com.tr\/de\/#\/schema\/logo\/image\/\",\"url\":\"https:\/\/www.kastipmerkezi.com.tr\/wp-content\/uploads\/2020\/12\/kas-logo-512.png\",\"contentUrl\":\"https:\/\/www.kastipmerkezi.com.tr\/wp-content\/uploads\/2020\/12\/kas-logo-512.png\",\"width\":512,\"height\":512,\"caption\":\"\u0130stanbul \u00d6zel Ka\u015f T\u0131p Merkezi\"},\"image\":{\"@id\":\"https:\/\/www.kastipmerkezi.com.tr\/de\/#\/schema\/logo\/image\/\"},\"sameAs\":[\"https:\/\/www.facebook.com\/kastipmerkezi\/\"]}]}<\/script>\n<!-- \/ Yoast SEO plugin. -->","yoast_head_json":{"title":"FETTABSAUGUNG (LIPOSUKTION) - Ka\u015f T\u0131p Merkezi","robots":{"index":"index","follow":"follow","max-snippet":"max-snippet:-1","max-image-preview":"max-image-preview:large","max-video-preview":"max-video-preview:-1"},"canonical":"https:\/\/www.kastipmerkezi.com.tr\/de\/fettabsaugung-liposuktion\/","og_locale":"de_DE","og_type":"article","og_title":"FETTABSAUGUNG (LIPOSUKTION) - Ka\u015f T\u0131p Merkezi","og_url":"https:\/\/www.kastipmerkezi.com.tr\/de\/fettabsaugung-liposuktion\/","og_site_name":"Ka\u015f T\u0131p Merkezi","article_publisher":"https:\/\/www.facebook.com\/kastipmerkezi\/","article_modified_time":"2021-03-12T17:01:59+00:00","twitter_card":"summary_large_image","twitter_misc":{"Gesch\u00e4tzte Lesezeit":"5\u00a0Minuten"},"schema":{"@context":"https:\/\/schema.org","@graph":[{"@type":"WebPage","@id":"https:\/\/www.kastipmerkezi.com.tr\/de\/fettabsaugung-liposuktion\/","url":"https:\/\/www.kastipmerkezi.com.tr\/de\/fettabsaugung-liposuktion\/","name":"FETTABSAUGUNG (LIPOSUKTION) - Ka\u015f T\u0131p Merkezi","isPartOf":{"@id":"https:\/\/www.kastipmerkezi.com.tr\/de\/#website"},"datePublished":"2019-09-23T12:50:45+00:00","dateModified":"2021-03-12T17:01:59+00:00","breadcrumb":{"@id":"https:\/\/www.kastipmerkezi.com.tr\/de\/fettabsaugung-liposuktion\/#breadcrumb"},"inLanguage":"de","potentialAction":[{"@type":"ReadAction","target":["https:\/\/www.kastipmerkezi.com.tr\/de\/fettabsaugung-liposuktion\/"]}]},{"@type":"BreadcrumbList","@id":"https:\/\/www.kastipmerkezi.com.tr\/de\/fettabsaugung-liposuktion\/#breadcrumb","itemListElement":[{"@type":"ListItem","position":1,"name":"Ana sayfa","item":"https:\/\/www.kastipmerkezi.com.tr\/de\/"},{"@type":"ListItem","position":2,"name":"FETTABSAUGUNG (LIPOSUKTION)"}]},{"@type":"WebSite","@id":"https:\/\/www.kastipmerkezi.com.tr\/de\/#website","url":"https:\/\/www.kastipmerkezi.com.tr\/de\/","name":"Ka\u015f T\u0131p Merkezi","description":"","publisher":{"@id":"https:\/\/www.kastipmerkezi.com.tr\/de\/#organization"},"potentialAction":[{"@type":"SearchAction","target":{"@type":"EntryPoint","urlTemplate":"https:\/\/www.kastipmerkezi.com.tr\/de\/?s={search_term_string}"},"query-input":{"@type":"PropertyValueSpecification","valueRequired":true,"valueName":"search_term_string"}}],"inLanguage":"de"},{"@type":"Organization","@id":"https:\/\/www.kastipmerkezi.com.tr\/de\/#organization","name":"\u0130stanbul \u00d6zel Ka\u015f T\u0131p Merkezi","url":"https:\/\/www.kastipmerkezi.com.tr\/de\/","logo":{"@type":"ImageObject","inLanguage":"de","@id":"https:\/\/www.kastipmerkezi.com.tr\/de\/#\/schema\/logo\/image\/","url":"https:\/\/www.kastipmerkezi.com.tr\/wp-content\/uploads\/2020\/12\/kas-logo-512.png","contentUrl":"https:\/\/www.kastipmerkezi.com.tr\/wp-content\/uploads\/2020\/12\/kas-logo-512.png","width":512,"height":512,"caption":"\u0130stanbul \u00d6zel Ka\u015f T\u0131p Merkezi"},"image":{"@id":"https:\/\/www.kastipmerkezi.com.tr\/de\/#\/schema\/logo\/image\/"},"sameAs":["https:\/\/www.facebook.com\/kastipmerkezi\/"]}]}},"_links":{"self":[{"href":"https:\/\/www.kastipmerkezi.com.tr\/de\/wp-json\/wp\/v2\/pages\/12749","targetHints":{"allow":["GET"]}}],"collection":[{"href":"https:\/\/www.kastipmerkezi.com.tr\/de\/wp-json\/wp\/v2\/pages"}],"about":[{"href":"https:\/\/www.kastipmerkezi.com.tr\/de\/wp-json\/wp\/v2\/types\/page"}],"author":[{"embeddable":true,"href":"https:\/\/www.kastipmerkezi.com.tr\/de\/wp-json\/wp\/v2\/users\/2"}],"replies":[{"embeddable":true,"href":"https:\/\/www.kastipmerkezi.com.tr\/de\/wp-json\/wp\/v2\/comments?post=12749"}],"version-history":[{"count":0,"href":"https:\/\/www.kastipmerkezi.com.tr\/de\/wp-json\/wp\/v2\/pages\/12749\/revisions"}],"wp:attachment":[{"href":"https:\/\/www.kastipmerkezi.com.tr\/de\/wp-json\/wp\/v2\/media?parent=12749"}],"curies":[{"name":"wp","href":"https:\/\/api.w.org\/{rel}","templated":true}]}}