{"id":15015,"date":"2019-12-16T16:08:55","date_gmt":"2019-12-16T13:08:55","guid":{"rendered":"http:\/\/kastipmerkezi.com.tr\/?page_id=15015"},"modified":"2019-12-16T16:24:54","modified_gmt":"2019-12-16T13:24:54","slug":"krampfaderbehandlung-sklerotherapie","status":"publish","type":"page","link":"https:\/\/www.kastipmerkezi.com.tr\/de\/behandlungen-leistungspektrum\/medizinische-aesthetik\/krampfaderbehandlung-sklerotherapie\/","title":{"rendered":"Krampfaderbehandlung (Sklerotherapie)"},"content":{"rendered":"<div class=\"fusion-fullwidth fullwidth-box fusion-builder-row-1 nonhundred-percent-fullwidth non-hundred-percent-height-scrolling\" style=\"--awb-border-radius-top-left:0px;--awb-border-radius-top-right:0px;--awb-border-radius-bottom-right:0px;--awb-border-radius-bottom-left:0px;--awb-flex-wrap:wrap;\" ><div class=\"fusion-builder-row fusion-row\"><div class=\"fusion-layout-column fusion_builder_column fusion-builder-column-0 fusion_builder_column_1_2 1_2 fusion-one-half fusion-column-first\" style=\"--awb-bg-size:cover;width:50%;width:calc(50% - ( ( 4% ) * 0.5 ) );margin-right: 4%;\"><div class=\"fusion-column-wrapper fusion-flex-column-wrapper-legacy\"><div class=\"fusion-image-element in-legacy-container\" style=\"--awb-caption-title-font-family:var(--h2_typography-font-family);--awb-caption-title-font-weight:var(--h2_typography-font-weight);--awb-caption-title-font-style:var(--h2_typography-font-style);--awb-caption-title-size:var(--h2_typography-font-size);--awb-caption-title-transform:var(--h2_typography-text-transform);--awb-caption-title-line-height:var(--h2_typography-line-height);--awb-caption-title-letter-spacing:var(--h2_typography-letter-spacing);\"><span class=\" fusion-imageframe imageframe-none imageframe-1 hover-type-none\"><img decoding=\"async\" width=\"600\" height=\"300\" alt=\"varis tedavisi\" title=\"varis\" src=\"https:\/\/www.kastipmerkezi.com.tr\/wp-content\/uploads\/2018\/06\/varis.jpg\" class=\"img-responsive wp-image-15016\" srcset=\"https:\/\/www.kastipmerkezi.com.tr\/wp-content\/uploads\/2018\/06\/varis-200x100.jpg 200w, https:\/\/www.kastipmerkezi.com.tr\/wp-content\/uploads\/2018\/06\/varis-400x200.jpg 400w, https:\/\/www.kastipmerkezi.com.tr\/wp-content\/uploads\/2018\/06\/varis.jpg 600w\" sizes=\"(max-width: 800px) 100vw, 600px\" \/><\/span><\/div><div class=\"fusion-clearfix\"><\/div><\/div><\/div><div class=\"fusion-layout-column fusion_builder_column fusion-builder-column-1 fusion_builder_column_1_2 1_2 fusion-one-half fusion-column-last\" style=\"--awb-bg-size:cover;width:50%;width:calc(50% - ( ( 4% ) * 0.5 ) );\"><div class=\"fusion-column-wrapper fusion-flex-column-wrapper-legacy\"><div class=\"fusion-text fusion-text-1\"><p><strong>Krampfaderbehandlung (Sklerotherapie)<\/strong><\/p>\n<p>Venen sind die Adern, die das Blut vom K\u00f6rper zum Herz transportieren. Die Klappen in diesen Adern dienen dazu, den Blutfluss in eine Richtung zum Herzen zu richten. Die sogenannte Krampfader ist die Erweiterung der Venen vom Normalzustand aufgrund funktionsunt\u00fcchtiger oder \u2013beschr\u00e4nkter Klappen. Infolge dieser Krankheit werden die Venen breit und gekr\u00fcmmt und k\u00f6nnen ihre Aufgaben nicht mehr erf\u00fcllen.<\/p>\n<\/div><div class=\"fusion-clearfix\"><\/div><\/div><\/div><div class=\"fusion-layout-column fusion_builder_column fusion-builder-column-2 fusion_builder_column_1_1 1_1 fusion-one-full fusion-column-first fusion-column-last\" style=\"--awb-bg-size:cover;\"><div class=\"fusion-column-wrapper fusion-flex-column-wrapper-legacy\"><div class=\"fusion-text fusion-text-2\"><p>Dies kann bei einigen Patienten zu schwerwiegenden Beschwerden f\u00fchren, bei anderen jedoch nicht. Krampfadern sind eine sehr h\u00e4ufige Erkrankung bei jeder f\u00fcnften oder sechsten Person. Da Krampfadern mit dem Auge erkennbar sind, auch gr\u00f6\u00dfere mit den Fingern zu sp\u00fcren sind, ist die Diagnose recht einfach. Bei Patienten mit Krampfadern kann dies nur als kosmetisches Problem angesehen werden. Bei einigen anderen Patienten hingegen k\u00f6nnen Schmerzen, M\u00fcdigkeit, Brennen, Kr\u00e4mpfe und Schwellungen im Sprunggelenk die Lebensqualit\u00e4t beeintr\u00e4chtigen. Unbehandelte und wachsende Krampfadern k\u00f6nnen manchmal gerinnen, bluten oder sogar Wunden am Kn\u00f6chel verursachen.<\/p>\n<p>Krampfadern werden in drei Arten als gro\u00dfe Varizen, mittlere Varizen und Kapillarvarizen unterteilt.<\/p>\n<p>Diese Krankheit kann bei jedem Menschen beobachtet werden, aber es gibt einige Faktoren, die die Wahrscheinlichkeit von Krampfadern erh\u00f6hen:<\/p>\n<p>Krampfadern in der Familie (Vererbung)<\/p>\n<p>Bei Frauen<\/p>\n<p>Diejenigen, die entbunden haben (insbesondere diejenigen, die 2 oder mehr Kinder entbunden haben)<\/p>\n<p>\u00dcbergewichtige Menschen (vor allem Frauen)<\/p>\n<p>Dies ist h\u00e4ufiger bei Personen der Fall, die l\u00e4ngere Zeit stehen (z. B. Lehrer) oder berufsbedingt l\u00e4ngere Zeit sitzen m\u00fcssen.<\/p>\n<p>Eine Behandlung wird empfohlen, wenn Krampfadern Sie optisch oder physisch st\u00f6ren.<\/p>\n<p><strong>Behandlung von Krampfadern<\/strong><\/p>\n<p>Obwohl es viele Methoden zur Behandlung von Krampfadern gibt, ist die Sklerotherapie die zuverl\u00e4ssigste Methode zur Behandlung. Sklerotherapie, auch als Nadeltherapie bei Krampfadern bekannt, wird in die Krampfadern injiziert, um diese Ader zu zerst\u00f6ren. Wenn das Medikament durch Sch\u00e4umen verabreicht wird, spricht man von einer Schaumbehandlung. In der Tat ist dies auch eine Form der Sklerotherapie. Nachdem das Medikament der Krampfader verabreicht wurde, wirkt es sich auf das Innere der Ader aus und bewirkt, dass sie sich schlie\u00dft oder verschwindet.<\/p>\n<p>Krampfadern werden vom K\u00f6rper nicht ben\u00f6tigt. Diese Behandlung schadet dem Betroffenen daher nicht, im Gegenteil, werden die Beschwerden beseitigt.<\/p>\n<p>Die Ader schlie\u00dft sich sofort nach der Behandlung, es dauert jedoch einige Zeit, bis die optischen Spuren vollst\u00e4ndig verschwinden. Diese Zeitspanne variiert von Individuum zu Individuum und manchmal kann es mehrere Monate dauern, bis die Krampfader vollst\u00e4ndig verschwunden ist. Die Sklerotherapie wird zur Behandlung von Kapillarvarizen, mittleren Varizen und gro\u00dfen Varizen eingesetzt. Es wird jedoch nicht zur Behandlung der Hauptadern (Vena Saphena) empfohlen.<\/p>\n<p>Die Hauptanwendung einer Sklerotherapieist die Behandlung von Kapillar- und Mittelkrampfadern. Diese beiden Gruppen sind bekannterma\u00dfen die wirksamste Methode bei der Behandlung von Krampfadern und die erste Wahl bei der Behandlung.<\/p>\n<p>Es wird auch als Zusatz bei der Behandlung von gro\u00dfen Krampfadern verwendet, die nach der Behandlung der Hauptvene durch intraven\u00f6se Laser- oder HF-Behandlung verbleiben.<\/p>\n<p><strong>ANWENDUNGEN<\/strong><\/p>\n<p>Sklerotherapie ist ein Verfahren, das keine Vollnarkose erfordert.<\/p>\n<p>F\u00fcr die Sklerotherapie werden verschiedene L\u00f6sungen verwendet. Aufgrund der unterschiedlichen Durchmesser variiert die Konzentration der chemischen Substanz, die an die Krampfadern und Kapillaren abgegeben wird. Die Sklerotherapie ist ein sehr kurzes Verfahren: Im Allgemeinen dauert die Anwendung pro Sitzung 20-30 Minuten. Die Anzahl der Sitzungen variiert je nach Intensit\u00e4t der Varizen. Die Patienten k\u00f6nnen sofort in ihren Alltag zur\u00fcckkehren. R\u00f6tungen und Juckreiz im Anwendungsbereich verschwinden innerhalb von 24 Stunden. Die vollst\u00e4ndige Genesung dauert grunds\u00e4tzlich 4-6 Wochen, kann aber aufgrund individueller Unterschiede variieren.<\/p>\n<p><strong>NEBENWIRKUNGEN<\/strong><\/p>\n<p>In seltenen F\u00e4llen k\u00f6nnen Nebenwirkungen wie leichte Schmerzen und Bluterg\u00fcsse auftreten. Wenn das Verfahren bei gro\u00dfen Adern angewendet wird, kann es zu einer Thrombophlebitis in den Krampfadern kommen. Dies kann sowohl Schmerzen als auch eine verl\u00e4ngerte Wundheilung verursachen. Arzneimittelallergien, vor\u00fcbergehende \u00d6dembildung, Schwellungen und Hautverf\u00e4rbungen sind weitere Nebenwirkungen.<\/p>\n<\/div><div class=\"fusion-clearfix\"><\/div><\/div><\/div><\/div><\/div><div class=\"fusion-fullwidth fullwidth-box fusion-builder-row-2 nonhundred-percent-fullwidth non-hundred-percent-height-scrolling\" style=\"--awb-border-radius-top-left:0px;--awb-border-radius-top-right:0px;--awb-border-radius-bottom-right:0px;--awb-border-radius-bottom-left:0px;--awb-flex-wrap:wrap;\" ><div class=\"fusion-builder-row fusion-row\"><div class=\"fusion-layout-column fusion_builder_column fusion-builder-column-3 fusion_builder_column_1_1 1_1 fusion-one-full fusion-column-first fusion-column-last\" style=\"--awb-bg-size:cover;\"><div class=\"fusion-column-wrapper fusion-flex-column-wrapper-legacy\"><div class=\"fusion-alert alert general alert-info fusion-alert-left awb-alert-native-link-color alert-shadow\" role=\"alert\"><div class=\"fusion-alert-content-wrapper\"><span class=\"alert-icon\"><i class=\"awb-icon-info-circle\" aria-hidden=\"true\"><\/i><\/span><span class=\"fusion-alert-content\"><div class=\"vc_message_box vc_message_box-standard vc_message_box-rounded vc_color-blue\">\n<p>Hinterlassen sie eine nachricht f\u00fcr weitere \u0131nformationen und wir werden sie kontaktieren.<\/p>\n<\/div><\/span><\/div><\/div>\n<div class=\"wpcf7 no-js\" id=\"wpcf7-f14293-o1\" lang=\"tr-TR\" dir=\"ltr\" data-wpcf7-id=\"14293\">\n<div class=\"screen-reader-response\"><p role=\"status\" aria-live=\"polite\" aria-atomic=\"true\"><\/p> <ul><\/ul><\/div>\n<form action=\"\/de\/wp-json\/wp\/v2\/pages\/15015#wpcf7-f14293-o1\" method=\"post\" class=\"wpcf7-form init\" aria-label=\"\u0130leti\u015fim Formu\" novalidate=\"novalidate\" data-status=\"init\">\n<fieldset class=\"hidden-fields-container\"><input type=\"hidden\" name=\"_wpcf7\" value=\"14293\" \/><input type=\"hidden\" name=\"_wpcf7_version\" value=\"6.1.5\" \/><input type=\"hidden\" name=\"_wpcf7_locale\" value=\"tr_TR\" \/><input type=\"hidden\" name=\"_wpcf7_unit_tag\" value=\"wpcf7-f14293-o1\" \/><input type=\"hidden\" name=\"_wpcf7_container_post\" value=\"0\" \/><input type=\"hidden\" name=\"_wpcf7_posted_data_hash\" value=\"\" \/>\n<\/fieldset>\n<p><label> <span class=\"wpcf7-form-control-wrap\" data-name=\"your-name\"><input size=\"40\" maxlength=\"400\" class=\"wpcf7-form-control wpcf7-text wpcf7-validates-as-required\" aria-required=\"true\" aria-invalid=\"false\" placeholder=\"Vorname Nachname (erforderlich)\" value=\"\" type=\"text\" name=\"your-name\" \/><\/span> <\/label>\n<\/p>\n<p><label><span class=\"wpcf7-form-control-wrap\" data-name=\"your-email\"><input size=\"40\" maxlength=\"400\" class=\"wpcf7-form-control wpcf7-email wpcf7-text wpcf7-validates-as-email\" aria-invalid=\"false\" placeholder=\"E- Mail\" value=\"\" type=\"email\" name=\"your-email\" \/><\/span> <\/label>\n<\/p>\n<p><label><span class=\"wpcf7-form-control-wrap\" data-name=\"telefon\"><input size=\"40\" maxlength=\"400\" class=\"wpcf7-form-control wpcf7-tel wpcf7-validates-as-required wpcf7-text wpcf7-validates-as-tel\" aria-required=\"true\" aria-invalid=\"false\" placeholder=\"Telefon (erforderlich)\" value=\"\" type=\"tel\" name=\"telefon\" \/><\/span> <\/label>\n<\/p>\n<p><label> <span class=\"wpcf7-form-control-wrap\" data-name=\"your-message\"><textarea cols=\"40\" rows=\"10\" maxlength=\"2000\" class=\"wpcf7-form-control wpcf7-textarea\" aria-invalid=\"false\" placeholder=\"Ihre Nachricht\" name=\"your-message\"><\/textarea><\/span> <\/label>\n<\/p>\n<p><input class=\"wpcf7-form-control wpcf7-submit has-spinner\" type=\"submit\" value=\"senden\" \/>\n<\/p><p style=\"display: none !important;\" class=\"akismet-fields-container\" data-prefix=\"_wpcf7_ak_\"><label>&#916;<textarea name=\"_wpcf7_ak_hp_textarea\" cols=\"45\" rows=\"8\" maxlength=\"100\"><\/textarea><\/label><input type=\"hidden\" id=\"ak_js_1\" name=\"_wpcf7_ak_js\" value=\"169\"\/><script>document.getElementById( \"ak_js_1\" ).setAttribute( \"value\", ( new Date() ).getTime() );<\/script><\/p><div class=\"fusion-alert alert custom alert-custom fusion-alert-left wpcf7-response-output awb-alert-native-link-color alert-dismissable awb-alert-close-boxed alert-shadow\" style=\"--awb-border-size:1px;--awb-border-top-left-radius:0px;--awb-border-top-right-radius:0px;--awb-border-bottom-left-radius:0px;--awb-border-bottom-right-radius:0px;\" role=\"alert\"><div class=\"fusion-alert-content-wrapper\"><span class=\"fusion-alert-content\"><\/span><\/div><button type=\"button\" class=\"close toggle-alert\" data-dismiss=\"alert\" aria-label=\"Close\">&times;<\/button><\/div>\n<\/form>\n<\/div>\n<div class=\"fusion-clearfix\"><\/div><\/div><\/div><\/div><\/div>\n","protected":false},"excerpt":{"rendered":"","protected":false},"author":2,"featured_media":0,"parent":12744,"menu_order":130,"comment_status":"closed","ping_status":"closed","template":"","meta":{"footnotes":""},"class_list":["post-15015","page","type-page","status-publish","hentry"],"yoast_head":"<!-- This site is optimized with the Yoast SEO plugin v26.9 - https:\/\/yoast.com\/product\/yoast-seo-wordpress\/ -->\n<title>Krampfaderbehandlung (Sklerotherapie) - Ka\u015f T\u0131p Merkezi<\/title>\n<meta name=\"robots\" content=\"index, follow, max-snippet:-1, max-image-preview:large, max-video-preview:-1\" \/>\n<link rel=\"canonical\" href=\"https:\/\/www.kastipmerkezi.com.tr\/de\/behandlungen-leistungspektrum\/medizinische-aesthetik\/krampfaderbehandlung-sklerotherapie\/\" \/>\n<meta property=\"og:locale\" content=\"de_DE\" \/>\n<meta property=\"og:type\" content=\"article\" \/>\n<meta property=\"og:title\" content=\"Krampfaderbehandlung (Sklerotherapie) - Ka\u015f T\u0131p Merkezi\" \/>\n<meta property=\"og:url\" content=\"https:\/\/www.kastipmerkezi.com.tr\/de\/behandlungen-leistungspektrum\/medizinische-aesthetik\/krampfaderbehandlung-sklerotherapie\/\" \/>\n<meta property=\"og:site_name\" content=\"Ka\u015f T\u0131p Merkezi\" \/>\n<meta property=\"article:publisher\" content=\"https:\/\/www.facebook.com\/kastipmerkezi\/\" \/>\n<meta property=\"article:modified_time\" content=\"2019-12-16T13:24:54+00:00\" \/>\n<meta name=\"twitter:card\" content=\"summary_large_image\" \/>\n<meta name=\"twitter:label1\" content=\"Gesch\u00e4tzte Lesezeit\" \/>\n\t<meta name=\"twitter:data1\" content=\"7\u00a0Minuten\" \/>\n<script type=\"application\/ld+json\" class=\"yoast-schema-graph\">{\"@context\":\"https:\/\/schema.org\",\"@graph\":[{\"@type\":\"WebPage\",\"@id\":\"https:\/\/www.kastipmerkezi.com.tr\/de\/behandlungen-leistungspektrum\/medizinische-aesthetik\/krampfaderbehandlung-sklerotherapie\/\",\"url\":\"https:\/\/www.kastipmerkezi.com.tr\/de\/behandlungen-leistungspektrum\/medizinische-aesthetik\/krampfaderbehandlung-sklerotherapie\/\",\"name\":\"Krampfaderbehandlung (Sklerotherapie) - Ka\u015f T\u0131p Merkezi\",\"isPartOf\":{\"@id\":\"https:\/\/www.kastipmerkezi.com.tr\/de\/#website\"},\"datePublished\":\"2019-12-16T13:08:55+00:00\",\"dateModified\":\"2019-12-16T13:24:54+00:00\",\"breadcrumb\":{\"@id\":\"https:\/\/www.kastipmerkezi.com.tr\/de\/behandlungen-leistungspektrum\/medizinische-aesthetik\/krampfaderbehandlung-sklerotherapie\/#breadcrumb\"},\"inLanguage\":\"de\",\"potentialAction\":[{\"@type\":\"ReadAction\",\"target\":[\"https:\/\/www.kastipmerkezi.com.tr\/de\/behandlungen-leistungspektrum\/medizinische-aesthetik\/krampfaderbehandlung-sklerotherapie\/\"]}]},{\"@type\":\"BreadcrumbList\",\"@id\":\"https:\/\/www.kastipmerkezi.com.tr\/de\/behandlungen-leistungspektrum\/medizinische-aesthetik\/krampfaderbehandlung-sklerotherapie\/#breadcrumb\",\"itemListElement\":[{\"@type\":\"ListItem\",\"position\":1,\"name\":\"Ana sayfa\",\"item\":\"https:\/\/www.kastipmerkezi.com.tr\/de\/\"},{\"@type\":\"ListItem\",\"position\":2,\"name\":\"BEHANDLUNGEN\",\"item\":\"https:\/\/www.kastipmerkezi.com.tr\/de\/behandlungen-leistungspektrum\/\"},{\"@type\":\"ListItem\",\"position\":3,\"name\":\"MEDIZINISCHE \u00c4STHETIK\",\"item\":\"https:\/\/www.kastipmerkezi.com.tr\/de\/behandlungen-leistungspektrum\/medizinische-aesthetik\/\"},{\"@type\":\"ListItem\",\"position\":4,\"name\":\"Krampfaderbehandlung (Sklerotherapie)\"}]},{\"@type\":\"WebSite\",\"@id\":\"https:\/\/www.kastipmerkezi.com.tr\/de\/#website\",\"url\":\"https:\/\/www.kastipmerkezi.com.tr\/de\/\",\"name\":\"Ka\u015f T\u0131p Merkezi\",\"description\":\"\",\"publisher\":{\"@id\":\"https:\/\/www.kastipmerkezi.com.tr\/de\/#organization\"},\"potentialAction\":[{\"@type\":\"SearchAction\",\"target\":{\"@type\":\"EntryPoint\",\"urlTemplate\":\"https:\/\/www.kastipmerkezi.com.tr\/de\/?s={search_term_string}\"},\"query-input\":{\"@type\":\"PropertyValueSpecification\",\"valueRequired\":true,\"valueName\":\"search_term_string\"}}],\"inLanguage\":\"de\"},{\"@type\":\"Organization\",\"@id\":\"https:\/\/www.kastipmerkezi.com.tr\/de\/#organization\",\"name\":\"\u0130stanbul \u00d6zel Ka\u015f T\u0131p Merkezi\",\"url\":\"https:\/\/www.kastipmerkezi.com.tr\/de\/\",\"logo\":{\"@type\":\"ImageObject\",\"inLanguage\":\"de\",\"@id\":\"https:\/\/www.kastipmerkezi.com.tr\/de\/#\/schema\/logo\/image\/\",\"url\":\"https:\/\/www.kastipmerkezi.com.tr\/wp-content\/uploads\/2020\/12\/kas-logo-512.png\",\"contentUrl\":\"https:\/\/www.kastipmerkezi.com.tr\/wp-content\/uploads\/2020\/12\/kas-logo-512.png\",\"width\":512,\"height\":512,\"caption\":\"\u0130stanbul \u00d6zel Ka\u015f T\u0131p Merkezi\"},\"image\":{\"@id\":\"https:\/\/www.kastipmerkezi.com.tr\/de\/#\/schema\/logo\/image\/\"},\"sameAs\":[\"https:\/\/www.facebook.com\/kastipmerkezi\/\"]}]}<\/script>\n<!-- \/ Yoast SEO plugin. -->","yoast_head_json":{"title":"Krampfaderbehandlung (Sklerotherapie) - Ka\u015f T\u0131p Merkezi","robots":{"index":"index","follow":"follow","max-snippet":"max-snippet:-1","max-image-preview":"max-image-preview:large","max-video-preview":"max-video-preview:-1"},"canonical":"https:\/\/www.kastipmerkezi.com.tr\/de\/behandlungen-leistungspektrum\/medizinische-aesthetik\/krampfaderbehandlung-sklerotherapie\/","og_locale":"de_DE","og_type":"article","og_title":"Krampfaderbehandlung (Sklerotherapie) - Ka\u015f T\u0131p Merkezi","og_url":"https:\/\/www.kastipmerkezi.com.tr\/de\/behandlungen-leistungspektrum\/medizinische-aesthetik\/krampfaderbehandlung-sklerotherapie\/","og_site_name":"Ka\u015f T\u0131p Merkezi","article_publisher":"https:\/\/www.facebook.com\/kastipmerkezi\/","article_modified_time":"2019-12-16T13:24:54+00:00","twitter_card":"summary_large_image","twitter_misc":{"Gesch\u00e4tzte Lesezeit":"7\u00a0Minuten"},"schema":{"@context":"https:\/\/schema.org","@graph":[{"@type":"WebPage","@id":"https:\/\/www.kastipmerkezi.com.tr\/de\/behandlungen-leistungspektrum\/medizinische-aesthetik\/krampfaderbehandlung-sklerotherapie\/","url":"https:\/\/www.kastipmerkezi.com.tr\/de\/behandlungen-leistungspektrum\/medizinische-aesthetik\/krampfaderbehandlung-sklerotherapie\/","name":"Krampfaderbehandlung (Sklerotherapie) - Ka\u015f T\u0131p Merkezi","isPartOf":{"@id":"https:\/\/www.kastipmerkezi.com.tr\/de\/#website"},"datePublished":"2019-12-16T13:08:55+00:00","dateModified":"2019-12-16T13:24:54+00:00","breadcrumb":{"@id":"https:\/\/www.kastipmerkezi.com.tr\/de\/behandlungen-leistungspektrum\/medizinische-aesthetik\/krampfaderbehandlung-sklerotherapie\/#breadcrumb"},"inLanguage":"de","potentialAction":[{"@type":"ReadAction","target":["https:\/\/www.kastipmerkezi.com.tr\/de\/behandlungen-leistungspektrum\/medizinische-aesthetik\/krampfaderbehandlung-sklerotherapie\/"]}]},{"@type":"BreadcrumbList","@id":"https:\/\/www.kastipmerkezi.com.tr\/de\/behandlungen-leistungspektrum\/medizinische-aesthetik\/krampfaderbehandlung-sklerotherapie\/#breadcrumb","itemListElement":[{"@type":"ListItem","position":1,"name":"Ana sayfa","item":"https:\/\/www.kastipmerkezi.com.tr\/de\/"},{"@type":"ListItem","position":2,"name":"BEHANDLUNGEN","item":"https:\/\/www.kastipmerkezi.com.tr\/de\/behandlungen-leistungspektrum\/"},{"@type":"ListItem","position":3,"name":"MEDIZINISCHE \u00c4STHETIK","item":"https:\/\/www.kastipmerkezi.com.tr\/de\/behandlungen-leistungspektrum\/medizinische-aesthetik\/"},{"@type":"ListItem","position":4,"name":"Krampfaderbehandlung (Sklerotherapie)"}]},{"@type":"WebSite","@id":"https:\/\/www.kastipmerkezi.com.tr\/de\/#website","url":"https:\/\/www.kastipmerkezi.com.tr\/de\/","name":"Ka\u015f T\u0131p Merkezi","description":"","publisher":{"@id":"https:\/\/www.kastipmerkezi.com.tr\/de\/#organization"},"potentialAction":[{"@type":"SearchAction","target":{"@type":"EntryPoint","urlTemplate":"https:\/\/www.kastipmerkezi.com.tr\/de\/?s={search_term_string}"},"query-input":{"@type":"PropertyValueSpecification","valueRequired":true,"valueName":"search_term_string"}}],"inLanguage":"de"},{"@type":"Organization","@id":"https:\/\/www.kastipmerkezi.com.tr\/de\/#organization","name":"\u0130stanbul \u00d6zel Ka\u015f T\u0131p Merkezi","url":"https:\/\/www.kastipmerkezi.com.tr\/de\/","logo":{"@type":"ImageObject","inLanguage":"de","@id":"https:\/\/www.kastipmerkezi.com.tr\/de\/#\/schema\/logo\/image\/","url":"https:\/\/www.kastipmerkezi.com.tr\/wp-content\/uploads\/2020\/12\/kas-logo-512.png","contentUrl":"https:\/\/www.kastipmerkezi.com.tr\/wp-content\/uploads\/2020\/12\/kas-logo-512.png","width":512,"height":512,"caption":"\u0130stanbul \u00d6zel Ka\u015f T\u0131p Merkezi"},"image":{"@id":"https:\/\/www.kastipmerkezi.com.tr\/de\/#\/schema\/logo\/image\/"},"sameAs":["https:\/\/www.facebook.com\/kastipmerkezi\/"]}]}},"_links":{"self":[{"href":"https:\/\/www.kastipmerkezi.com.tr\/de\/wp-json\/wp\/v2\/pages\/15015","targetHints":{"allow":["GET"]}}],"collection":[{"href":"https:\/\/www.kastipmerkezi.com.tr\/de\/wp-json\/wp\/v2\/pages"}],"about":[{"href":"https:\/\/www.kastipmerkezi.com.tr\/de\/wp-json\/wp\/v2\/types\/page"}],"author":[{"embeddable":true,"href":"https:\/\/www.kastipmerkezi.com.tr\/de\/wp-json\/wp\/v2\/users\/2"}],"replies":[{"embeddable":true,"href":"https:\/\/www.kastipmerkezi.com.tr\/de\/wp-json\/wp\/v2\/comments?post=15015"}],"version-history":[{"count":0,"href":"https:\/\/www.kastipmerkezi.com.tr\/de\/wp-json\/wp\/v2\/pages\/15015\/revisions"}],"up":[{"embeddable":true,"href":"https:\/\/www.kastipmerkezi.com.tr\/de\/wp-json\/wp\/v2\/pages\/12744"}],"wp:attachment":[{"href":"https:\/\/www.kastipmerkezi.com.tr\/de\/wp-json\/wp\/v2\/media?parent=15015"}],"curies":[{"name":"wp","href":"https:\/\/api.w.org\/{rel}","templated":true}]}}