{"id":15021,"date":"2019-12-16T16:14:03","date_gmt":"2019-12-16T13:14:03","guid":{"rendered":"http:\/\/kastipmerkezi.com.tr\/?page_id=15021"},"modified":"2021-03-13T09:57:31","modified_gmt":"2021-03-13T06:57:31","slug":"regionales-abnehmen-und-cellulite-behandlung","status":"publish","type":"page","link":"https:\/\/www.kastipmerkezi.com.tr\/de\/behandlungen-leistungspektrum\/medizinische-aesthetik\/regionales-abnehmen-und-cellulite-behandlung\/","title":{"rendered":"REGIONALES ABNEHMEN UND CELLULITE-BEHANDLUNG"},"content":{"rendered":"<div class=\"fusion-fullwidth fullwidth-box fusion-builder-row-1 nonhundred-percent-fullwidth non-hundred-percent-height-scrolling\" style=\"--awb-border-radius-top-left:0px;--awb-border-radius-top-right:0px;--awb-border-radius-bottom-right:0px;--awb-border-radius-bottom-left:0px;--awb-flex-wrap:wrap;\" ><div class=\"fusion-builder-row fusion-row\"><div class=\"fusion-layout-column fusion_builder_column fusion-builder-column-0 fusion_builder_column_1_2 1_2 fusion-one-half fusion-column-first\" style=\"--awb-bg-size:cover;width:50%;width:calc(50% - ( ( 4% ) * 0.5 ) );margin-right: 4%;\"><div class=\"fusion-column-wrapper fusion-flex-column-wrapper-legacy\"><div class=\"fusion-image-element in-legacy-container\" style=\"--awb-caption-title-font-family:var(--h2_typography-font-family);--awb-caption-title-font-weight:var(--h2_typography-font-weight);--awb-caption-title-font-style:var(--h2_typography-font-style);--awb-caption-title-size:var(--h2_typography-font-size);--awb-caption-title-transform:var(--h2_typography-text-transform);--awb-caption-title-line-height:var(--h2_typography-line-height);--awb-caption-title-letter-spacing:var(--h2_typography-letter-spacing);\"><span class=\" fusion-imageframe imageframe-none imageframe-1 hover-type-none\"><img decoding=\"async\" width=\"600\" height=\"600\" alt=\"lumishape\" title=\"lumishape\" src=\"https:\/\/www.kastipmerkezi.com.tr\/wp-content\/uploads\/2018\/08\/lumishape.jpg\" class=\"img-responsive wp-image-15023\" srcset=\"https:\/\/www.kastipmerkezi.com.tr\/wp-content\/uploads\/2018\/08\/lumishape-200x200.jpg 200w, https:\/\/www.kastipmerkezi.com.tr\/wp-content\/uploads\/2018\/08\/lumishape-400x400.jpg 400w, https:\/\/www.kastipmerkezi.com.tr\/wp-content\/uploads\/2018\/08\/lumishape.jpg 600w\" sizes=\"(max-width: 800px) 100vw, 600px\" \/><\/span><\/div><div class=\"fusion-clearfix\"><\/div><\/div><\/div><div class=\"fusion-layout-column fusion_builder_column fusion-builder-column-1 fusion_builder_column_1_2 1_2 fusion-one-half fusion-column-last\" style=\"--awb-bg-size:cover;width:50%;width:calc(50% - ( ( 4% ) * 0.5 ) );\"><div class=\"fusion-column-wrapper fusion-flex-column-wrapper-legacy\"><div class=\"fusion-text fusion-text-1\"><p><strong>REGIONALES ABNEHMEN UND CELLULITE-BEHANDLUNG<\/strong><\/p>\n<p>Heutzutage kann es auch bei normalgewichtigen Menschen zu regionalem Fett\u00fcberschuss, wie z. B. im Bauch- und Beckenbereich kommen. Dieser Zustand, den wir regionale Fettansammlung nennen, verursacht ein unverh\u00e4ltnism\u00e4\u00dfiges Erscheinungsbild im K\u00f6rper. Dar\u00fcber hinaus ist Cellulite in diesen Gebieten der Albtraum von Frauen.<\/p>\n<p>Cellulite ist ein Problem, das als Folge von Unregelm\u00e4\u00dfigkeiten in der Haut und im Fettgewebe durch Auftreten von Orangenhaut und Gr\u00fcbchen verursacht wird.<\/p>\n<\/div><div class=\"fusion-clearfix\"><\/div><\/div><\/div><div class=\"fusion-layout-column fusion_builder_column fusion-builder-column-2 fusion_builder_column_1_1 1_1 fusion-one-full fusion-column-first fusion-column-last\" style=\"--awb-bg-size:cover;\"><div class=\"fusion-column-wrapper fusion-flex-column-wrapper-legacy\"><div class=\"fusion-text fusion-text-2\"><p style=\"background: white;\"><span style=\"font-size: 11.5pt; font-family: Roboto;\">Regionale Fettansammlung, die Cellulite verursacht, sollte nicht mit Fettleibigkeit verwechselt werden. Es ist auch bei Menschen mit normalem Gewicht zu sehen. Obwohl diese Erkrankung haupts\u00e4chlich bei Frauen auftritt, ist sie bei M\u00e4nnern um den Nabel herum zu beobachten und kann als regionale Stoffwechselst\u00f6rung des subkutanen Fettgewebes erkl\u00e4rt werden.<\/span><\/p>\n<p style=\"background: white;\"><span style=\"font-size: 11.5pt; font-family: Roboto;\">Es gibt viele Faktoren, die Cellulite verursachen, aber die wichtigsten sind;<\/span><\/p>\n<p style=\"background: white;\"><span style=\"font-size: 11.5pt; font-family: Roboto;\">1) Genetische Faktoren<br \/>\n<\/span><span style=\"font-size: 11.5pt; font-family: Roboto;\">2) Hormonst\u00f6rungen<br \/>\n<\/span><span style=\"font-size: 11.5pt; font-family: Roboto;\">3) Durchblutungsst\u00f6rungen<br \/>\n<\/span><span style=\"font-size: 11.5pt; font-family: Roboto;\">4) Bindegewebsschw\u00e4che<br \/>\n<\/span><span style=\"font-size: 11.5pt; font-family: Roboto;\">5) Schlechte Gewohnheiten (Ern\u00e4hrung, Kaffee, Cola, Alkohol usw.)<br \/>\n<\/span><span style=\"font-size: 11.5pt; font-family: Roboto;\">6) Inaktivit\u00e4t<br \/>\n<\/span><span style=\"font-size: 11.5pt; font-family: Roboto;\">7) Psychologische Faktoren<\/span><\/p>\n<\/div><div class=\"fusion-clearfix\"><\/div><\/div><\/div><\/div><\/div><div class=\"fusion-fullwidth fullwidth-box fusion-builder-row-2 nonhundred-percent-fullwidth non-hundred-percent-height-scrolling\" style=\"--awb-border-radius-top-left:0px;--awb-border-radius-top-right:0px;--awb-border-radius-bottom-right:0px;--awb-border-radius-bottom-left:0px;--awb-flex-wrap:wrap;\" ><div class=\"fusion-builder-row fusion-row\"><div class=\"fusion-layout-column fusion_builder_column fusion-builder-column-3 fusion_builder_column_1_1 1_1 fusion-one-full fusion-column-first fusion-column-last\" style=\"--awb-bg-size:cover;\"><div class=\"fusion-column-wrapper fusion-flex-column-wrapper-legacy\"><div class=\"fusion-text fusion-text-3\"><p><strong>IDEALE KOMBINIERTE BEHANDLUNG (LUMISHAPE)<\/strong><\/p>\n<p>Da es so viele Faktoren gibt, die zu Cellulite f\u00fchren, erfordert die Cellulitebehandlung eher einen multidisziplin\u00e4ren Ansatz als eine einzelne Behandlung. Mit anderen Worten, kombinierte Behandlungsmodelle sollten einer Einzelbehandlung vorgezogen werden.<\/p>\n<p>Der erste Schritt der Behandlung ist die \u00c4nderung des Lebensstils. Faktoren, die die Bildung von Cellulite ausl\u00f6sen, sollten beseitigt werden. Die Anwendung eines geeigneten Di\u00e4t- und Bewegungsprogramms, die Vermeidung von Alkohol und Zigaretten, die Beachtung des Drogenkonsums und Stresskontrolle sollten die ersten Behandlungsschritte sein.<\/p>\n<p>Nach diesen ersten Schritten, die unter Aufsicht von Spezialisten f\u00fcr die Behandlung durchgef\u00fchrt werden m\u00fcssen, k\u00f6nnen Hilfsger\u00e4te in Betracht gezogen werden. Das in unserem Zentrum verwendete Lumishape-Ger\u00e4t ist eines der wichtigsten Ger\u00e4te f\u00fcr die regionale Gewichtsabnahme \u00a0und Cellulitebehandlung. Mit Lumishape, das 4 verschiedene Funktionen hat und jede Funktion separat zur Behandlung beitr\u00e4gt, wird Ihre Behandlungseffizienz maximiert.<\/p>\n<p>Lumishape hat 4 Funktionen: Radiofrequenz-Programm, das das Gewebe bis in die Tiefe erw\u00e4rmen kann, Infrarot-Licht-Programm, Vakuum-Programm, das die Durchblutung beschleunigt und die Wirkung von W\u00e4rme und des mechanischen Massage-Programms erh\u00f6ht.<\/p>\n<p>Anhand des Radiofrequenz- und Infrarotlichtprogramms wird die Haut erw\u00e4rmt, was dazu beitr\u00e4gt, die intrazellul\u00e4re Diffusion von Sauerstoff zu erh\u00f6hen, womit der Aufbau von Kollagen beschleunigt wird. Mit diesen Programmen kann der gew\u00fcnschte und ausgew\u00e4hlte Tiefenbereich erw\u00e4rmt werden, w\u00e4hrend die Hautoberfl\u00e4che vor \u00dcberhitzung gesch\u00fctzt ist. Gleichzeitig wird die Wirkung der Anwendung mit dem Vakuumprogramm gesteigert und das mechanische Massageprogramm beschleunigt die Durchblutung und die Giftstoffe im K\u00f6rper werden entfernt. So werden Erfolge bei der Behandlung von Cellulite erzielt.<\/p>\n<p><strong>LUMISHAPE-ANWENDUNGSBEREICHE<\/strong><\/p>\n<p>Regionale Gewichtsabnahme und Fettverbrennung<br \/>\nDeutliche Reduzierung des Erscheinungsbildes von Cellulite<br \/>\nDetox-Effekt durch Lymphdrainage<br \/>\nLifting-Effekt durch Erw\u00e4rmung der Haut<br \/>\nReduzierung von Falten und Hauterneuerung<\/p>\n<\/div><div class=\"fusion-text fusion-text-4\"><p><strong>LUMISHAPE-EFFEKT-MECHANISMUS<\/strong><\/p>\n<p>940 nm IR-Laser<\/p>\n<p>IR-Laserstrahlen von 940 nm erw\u00e4rmen die Haut bis zu einer Tiefe von 5 mm.<\/p>\n<p>Der Laser verringert den Widerstand der Haut gegen Hochfrequenz, welche somit besser in die Haut eindringen kann.<\/p>\n<p>Die Gr\u00f6\u00dfe der erhitzten Fettzellen nimmt ab.<\/p>\n<p>Die Durchblutungs- und Stoffwechselrate steigt. Die Fettverbrennung wird beschleunigt<\/p>\n<p><strong>Bi-polare Hochfrequenz <\/strong><\/p>\n<p>Bi-Polare Hochfrequenz erw\u00e4rmt sich 5-15 mm zwischen der Haut.<\/p>\n<p>Im erhitzten Bereich steigt die Durchblutungs- und Stoffwechselrate, wodurch auch die Fettverbrennung steigt.<\/p>\n<p>Die Gr\u00f6\u00dfe der erhitzten Fettzellen wird reduziert und abgebaut.<\/p>\n<p>Verbrannte Fette werden durch das Blut- und Lymphsystem ausgeschieden.<\/p>\n<p><strong>Vakuum + Massage<\/strong><\/p>\n<p>Die Effizienz von Infrared-Laser und der Hochfrequenzwelle steigt mit der Saugkraft des Vakuumkopfes.<\/p>\n<p>Die Wirkung von Vakuum und Massage erh\u00f6ht die Durchblutungs- und Lymphzirkulationsrate.<\/p>\n<p><strong>GESICHTSANWENDUNG<\/strong><\/p>\n<p>Lumi Shape zeigt bereits in der ersten Sitzung einen signifikanten Unterschied bei allen Gesichts- und Fl\u00e4chenbehandlungen. Es ist ein sehr wirksames Ger\u00e4t f\u00fcr die Wiedergestaltung der Gesichtskonturen. Mit der Lifting-Anwendung im Gesicht k\u00f6nnen die gew\u00fcnschten Stellen leicht erreicht werden und somit erhalten Patienten mit der Faltenbehandlung ein j\u00fcngeres Aussehen und eine j\u00fcngere Haut. Mit Lumi Shape k\u00f6nnen Sie auch Augenringe und -falten loswerden.<\/p>\n<\/div><div class=\"fusion-clearfix\"><\/div><\/div><\/div><\/div><\/div><div class=\"fusion-fullwidth fullwidth-box fusion-builder-row-3 nonhundred-percent-fullwidth non-hundred-percent-height-scrolling\" style=\"--awb-border-radius-top-left:0px;--awb-border-radius-top-right:0px;--awb-border-radius-bottom-right:0px;--awb-border-radius-bottom-left:0px;--awb-flex-wrap:wrap;\" ><div class=\"fusion-builder-row fusion-row\"><div class=\"fusion-layout-column fusion_builder_column fusion-builder-column-4 fusion_builder_column_1_1 1_1 fusion-one-full fusion-column-first fusion-column-last\" style=\"--awb-bg-size:cover;\"><div class=\"fusion-column-wrapper fusion-flex-column-wrapper-legacy\"><div class=\"fusion-alert alert general alert-info fusion-alert-left awb-alert-native-link-color alert-shadow\" role=\"alert\"><div class=\"fusion-alert-content-wrapper\"><span class=\"alert-icon\"><i class=\"awb-icon-info-circle\" aria-hidden=\"true\"><\/i><\/span><span class=\"fusion-alert-content\"><div class=\"vc_message_box vc_message_box-standard vc_message_box-rounded vc_color-blue\">\n<p>Hinterlassen sie eine nachricht f\u00fcr weitere \u0131nformationen und wir werden sie kontaktieren.<\/p>\n<\/div><\/span><\/div><\/div>\n<div class=\"wpcf7 no-js\" id=\"wpcf7-f14293-o1\" lang=\"tr-TR\" dir=\"ltr\" data-wpcf7-id=\"14293\">\n<div class=\"screen-reader-response\"><p role=\"status\" aria-live=\"polite\" aria-atomic=\"true\"><\/p> <ul><\/ul><\/div>\n<form action=\"\/de\/wp-json\/wp\/v2\/pages\/15021#wpcf7-f14293-o1\" method=\"post\" class=\"wpcf7-form init\" aria-label=\"\u0130leti\u015fim Formu\" novalidate=\"novalidate\" data-status=\"init\">\n<fieldset class=\"hidden-fields-container\"><input type=\"hidden\" name=\"_wpcf7\" value=\"14293\" \/><input type=\"hidden\" name=\"_wpcf7_version\" value=\"6.1.5\" \/><input type=\"hidden\" name=\"_wpcf7_locale\" value=\"tr_TR\" \/><input type=\"hidden\" name=\"_wpcf7_unit_tag\" value=\"wpcf7-f14293-o1\" \/><input type=\"hidden\" name=\"_wpcf7_container_post\" value=\"0\" \/><input type=\"hidden\" name=\"_wpcf7_posted_data_hash\" value=\"\" \/>\n<\/fieldset>\n<p><label> <span class=\"wpcf7-form-control-wrap\" data-name=\"your-name\"><input size=\"40\" maxlength=\"400\" class=\"wpcf7-form-control wpcf7-text wpcf7-validates-as-required\" aria-required=\"true\" aria-invalid=\"false\" placeholder=\"Vorname Nachname (erforderlich)\" value=\"\" type=\"text\" name=\"your-name\" \/><\/span> <\/label>\n<\/p>\n<p><label><span class=\"wpcf7-form-control-wrap\" data-name=\"your-email\"><input size=\"40\" maxlength=\"400\" class=\"wpcf7-form-control wpcf7-email wpcf7-text wpcf7-validates-as-email\" aria-invalid=\"false\" placeholder=\"E- Mail\" value=\"\" type=\"email\" name=\"your-email\" \/><\/span> <\/label>\n<\/p>\n<p><label><span class=\"wpcf7-form-control-wrap\" data-name=\"telefon\"><input size=\"40\" maxlength=\"400\" class=\"wpcf7-form-control wpcf7-tel wpcf7-validates-as-required wpcf7-text wpcf7-validates-as-tel\" aria-required=\"true\" aria-invalid=\"false\" placeholder=\"Telefon (erforderlich)\" value=\"\" type=\"tel\" name=\"telefon\" \/><\/span> <\/label>\n<\/p>\n<p><label> <span class=\"wpcf7-form-control-wrap\" data-name=\"your-message\"><textarea cols=\"40\" rows=\"10\" maxlength=\"2000\" class=\"wpcf7-form-control wpcf7-textarea\" aria-invalid=\"false\" placeholder=\"Ihre Nachricht\" name=\"your-message\"><\/textarea><\/span> <\/label>\n<\/p>\n<p><input class=\"wpcf7-form-control wpcf7-submit has-spinner\" type=\"submit\" value=\"senden\" \/>\n<\/p><p style=\"display: none !important;\" class=\"akismet-fields-container\" data-prefix=\"_wpcf7_ak_\"><label>&#916;<textarea name=\"_wpcf7_ak_hp_textarea\" cols=\"45\" rows=\"8\" maxlength=\"100\"><\/textarea><\/label><input type=\"hidden\" id=\"ak_js_1\" name=\"_wpcf7_ak_js\" value=\"28\"\/><script>document.getElementById( \"ak_js_1\" ).setAttribute( \"value\", ( new Date() ).getTime() );<\/script><\/p><div class=\"fusion-alert alert custom alert-custom fusion-alert-left wpcf7-response-output awb-alert-native-link-color alert-dismissable awb-alert-close-boxed alert-shadow\" style=\"--awb-border-size:1px;--awb-border-top-left-radius:0px;--awb-border-top-right-radius:0px;--awb-border-bottom-left-radius:0px;--awb-border-bottom-right-radius:0px;\" role=\"alert\"><div class=\"fusion-alert-content-wrapper\"><span class=\"fusion-alert-content\"><\/span><\/div><button type=\"button\" class=\"close toggle-alert\" data-dismiss=\"alert\" aria-label=\"Close\">&times;<\/button><\/div>\n<\/form>\n<\/div>\n<div class=\"fusion-clearfix\"><\/div><\/div><\/div><\/div><\/div>\n","protected":false},"excerpt":{"rendered":"","protected":false},"author":2,"featured_media":0,"parent":12744,"menu_order":140,"comment_status":"closed","ping_status":"closed","template":"","meta":{"footnotes":""},"class_list":["post-15021","page","type-page","status-publish","hentry"],"yoast_head":"<!-- This site is optimized with the Yoast SEO plugin v26.9 - https:\/\/yoast.com\/product\/yoast-seo-wordpress\/ -->\n<title>REGIONALES ABNEHMEN UND CELLULITE-BEHANDLUNG - Ka\u015f T\u0131p Merkezi<\/title>\n<meta name=\"robots\" content=\"index, follow, max-snippet:-1, max-image-preview:large, max-video-preview:-1\" \/>\n<link rel=\"canonical\" href=\"https:\/\/www.kastipmerkezi.com.tr\/de\/behandlungen-leistungspektrum\/medizinische-aesthetik\/regionales-abnehmen-und-cellulite-behandlung\/\" \/>\n<meta property=\"og:locale\" content=\"de_DE\" \/>\n<meta property=\"og:type\" content=\"article\" \/>\n<meta property=\"og:title\" content=\"REGIONALES ABNEHMEN UND CELLULITE-BEHANDLUNG - Ka\u015f T\u0131p Merkezi\" \/>\n<meta property=\"og:url\" content=\"https:\/\/www.kastipmerkezi.com.tr\/de\/behandlungen-leistungspektrum\/medizinische-aesthetik\/regionales-abnehmen-und-cellulite-behandlung\/\" \/>\n<meta property=\"og:site_name\" content=\"Ka\u015f T\u0131p Merkezi\" \/>\n<meta property=\"article:publisher\" content=\"https:\/\/www.facebook.com\/kastipmerkezi\/\" \/>\n<meta property=\"article:modified_time\" content=\"2021-03-13T06:57:31+00:00\" \/>\n<meta name=\"twitter:card\" content=\"summary_large_image\" \/>\n<meta name=\"twitter:label1\" content=\"Gesch\u00e4tzte Lesezeit\" \/>\n\t<meta name=\"twitter:data1\" content=\"8\u00a0Minuten\" \/>\n<script type=\"application\/ld+json\" class=\"yoast-schema-graph\">{\"@context\":\"https:\/\/schema.org\",\"@graph\":[{\"@type\":\"WebPage\",\"@id\":\"https:\/\/www.kastipmerkezi.com.tr\/de\/behandlungen-leistungspektrum\/medizinische-aesthetik\/regionales-abnehmen-und-cellulite-behandlung\/\",\"url\":\"https:\/\/www.kastipmerkezi.com.tr\/de\/behandlungen-leistungspektrum\/medizinische-aesthetik\/regionales-abnehmen-und-cellulite-behandlung\/\",\"name\":\"REGIONALES ABNEHMEN UND CELLULITE-BEHANDLUNG - Ka\u015f T\u0131p Merkezi\",\"isPartOf\":{\"@id\":\"https:\/\/www.kastipmerkezi.com.tr\/de\/#website\"},\"datePublished\":\"2019-12-16T13:14:03+00:00\",\"dateModified\":\"2021-03-13T06:57:31+00:00\",\"breadcrumb\":{\"@id\":\"https:\/\/www.kastipmerkezi.com.tr\/de\/behandlungen-leistungspektrum\/medizinische-aesthetik\/regionales-abnehmen-und-cellulite-behandlung\/#breadcrumb\"},\"inLanguage\":\"de\",\"potentialAction\":[{\"@type\":\"ReadAction\",\"target\":[\"https:\/\/www.kastipmerkezi.com.tr\/de\/behandlungen-leistungspektrum\/medizinische-aesthetik\/regionales-abnehmen-und-cellulite-behandlung\/\"]}]},{\"@type\":\"BreadcrumbList\",\"@id\":\"https:\/\/www.kastipmerkezi.com.tr\/de\/behandlungen-leistungspektrum\/medizinische-aesthetik\/regionales-abnehmen-und-cellulite-behandlung\/#breadcrumb\",\"itemListElement\":[{\"@type\":\"ListItem\",\"position\":1,\"name\":\"Ana sayfa\",\"item\":\"https:\/\/www.kastipmerkezi.com.tr\/de\/\"},{\"@type\":\"ListItem\",\"position\":2,\"name\":\"BEHANDLUNGEN\",\"item\":\"https:\/\/www.kastipmerkezi.com.tr\/de\/behandlungen-leistungspektrum\/\"},{\"@type\":\"ListItem\",\"position\":3,\"name\":\"MEDIZINISCHE \u00c4STHETIK\",\"item\":\"https:\/\/www.kastipmerkezi.com.tr\/de\/behandlungen-leistungspektrum\/medizinische-aesthetik\/\"},{\"@type\":\"ListItem\",\"position\":4,\"name\":\"REGIONALES ABNEHMEN UND CELLULITE-BEHANDLUNG\"}]},{\"@type\":\"WebSite\",\"@id\":\"https:\/\/www.kastipmerkezi.com.tr\/de\/#website\",\"url\":\"https:\/\/www.kastipmerkezi.com.tr\/de\/\",\"name\":\"Ka\u015f T\u0131p Merkezi\",\"description\":\"\",\"publisher\":{\"@id\":\"https:\/\/www.kastipmerkezi.com.tr\/de\/#organization\"},\"potentialAction\":[{\"@type\":\"SearchAction\",\"target\":{\"@type\":\"EntryPoint\",\"urlTemplate\":\"https:\/\/www.kastipmerkezi.com.tr\/de\/?s={search_term_string}\"},\"query-input\":{\"@type\":\"PropertyValueSpecification\",\"valueRequired\":true,\"valueName\":\"search_term_string\"}}],\"inLanguage\":\"de\"},{\"@type\":\"Organization\",\"@id\":\"https:\/\/www.kastipmerkezi.com.tr\/de\/#organization\",\"name\":\"\u0130stanbul \u00d6zel Ka\u015f T\u0131p Merkezi\",\"url\":\"https:\/\/www.kastipmerkezi.com.tr\/de\/\",\"logo\":{\"@type\":\"ImageObject\",\"inLanguage\":\"de\",\"@id\":\"https:\/\/www.kastipmerkezi.com.tr\/de\/#\/schema\/logo\/image\/\",\"url\":\"https:\/\/www.kastipmerkezi.com.tr\/wp-content\/uploads\/2020\/12\/kas-logo-512.png\",\"contentUrl\":\"https:\/\/www.kastipmerkezi.com.tr\/wp-content\/uploads\/2020\/12\/kas-logo-512.png\",\"width\":512,\"height\":512,\"caption\":\"\u0130stanbul \u00d6zel Ka\u015f T\u0131p Merkezi\"},\"image\":{\"@id\":\"https:\/\/www.kastipmerkezi.com.tr\/de\/#\/schema\/logo\/image\/\"},\"sameAs\":[\"https:\/\/www.facebook.com\/kastipmerkezi\/\"]}]}<\/script>\n<!-- \/ Yoast SEO plugin. -->","yoast_head_json":{"title":"REGIONALES ABNEHMEN UND CELLULITE-BEHANDLUNG - Ka\u015f T\u0131p Merkezi","robots":{"index":"index","follow":"follow","max-snippet":"max-snippet:-1","max-image-preview":"max-image-preview:large","max-video-preview":"max-video-preview:-1"},"canonical":"https:\/\/www.kastipmerkezi.com.tr\/de\/behandlungen-leistungspektrum\/medizinische-aesthetik\/regionales-abnehmen-und-cellulite-behandlung\/","og_locale":"de_DE","og_type":"article","og_title":"REGIONALES ABNEHMEN UND CELLULITE-BEHANDLUNG - Ka\u015f T\u0131p Merkezi","og_url":"https:\/\/www.kastipmerkezi.com.tr\/de\/behandlungen-leistungspektrum\/medizinische-aesthetik\/regionales-abnehmen-und-cellulite-behandlung\/","og_site_name":"Ka\u015f T\u0131p Merkezi","article_publisher":"https:\/\/www.facebook.com\/kastipmerkezi\/","article_modified_time":"2021-03-13T06:57:31+00:00","twitter_card":"summary_large_image","twitter_misc":{"Gesch\u00e4tzte Lesezeit":"8\u00a0Minuten"},"schema":{"@context":"https:\/\/schema.org","@graph":[{"@type":"WebPage","@id":"https:\/\/www.kastipmerkezi.com.tr\/de\/behandlungen-leistungspektrum\/medizinische-aesthetik\/regionales-abnehmen-und-cellulite-behandlung\/","url":"https:\/\/www.kastipmerkezi.com.tr\/de\/behandlungen-leistungspektrum\/medizinische-aesthetik\/regionales-abnehmen-und-cellulite-behandlung\/","name":"REGIONALES ABNEHMEN UND CELLULITE-BEHANDLUNG - Ka\u015f T\u0131p Merkezi","isPartOf":{"@id":"https:\/\/www.kastipmerkezi.com.tr\/de\/#website"},"datePublished":"2019-12-16T13:14:03+00:00","dateModified":"2021-03-13T06:57:31+00:00","breadcrumb":{"@id":"https:\/\/www.kastipmerkezi.com.tr\/de\/behandlungen-leistungspektrum\/medizinische-aesthetik\/regionales-abnehmen-und-cellulite-behandlung\/#breadcrumb"},"inLanguage":"de","potentialAction":[{"@type":"ReadAction","target":["https:\/\/www.kastipmerkezi.com.tr\/de\/behandlungen-leistungspektrum\/medizinische-aesthetik\/regionales-abnehmen-und-cellulite-behandlung\/"]}]},{"@type":"BreadcrumbList","@id":"https:\/\/www.kastipmerkezi.com.tr\/de\/behandlungen-leistungspektrum\/medizinische-aesthetik\/regionales-abnehmen-und-cellulite-behandlung\/#breadcrumb","itemListElement":[{"@type":"ListItem","position":1,"name":"Ana sayfa","item":"https:\/\/www.kastipmerkezi.com.tr\/de\/"},{"@type":"ListItem","position":2,"name":"BEHANDLUNGEN","item":"https:\/\/www.kastipmerkezi.com.tr\/de\/behandlungen-leistungspektrum\/"},{"@type":"ListItem","position":3,"name":"MEDIZINISCHE \u00c4STHETIK","item":"https:\/\/www.kastipmerkezi.com.tr\/de\/behandlungen-leistungspektrum\/medizinische-aesthetik\/"},{"@type":"ListItem","position":4,"name":"REGIONALES ABNEHMEN UND CELLULITE-BEHANDLUNG"}]},{"@type":"WebSite","@id":"https:\/\/www.kastipmerkezi.com.tr\/de\/#website","url":"https:\/\/www.kastipmerkezi.com.tr\/de\/","name":"Ka\u015f T\u0131p Merkezi","description":"","publisher":{"@id":"https:\/\/www.kastipmerkezi.com.tr\/de\/#organization"},"potentialAction":[{"@type":"SearchAction","target":{"@type":"EntryPoint","urlTemplate":"https:\/\/www.kastipmerkezi.com.tr\/de\/?s={search_term_string}"},"query-input":{"@type":"PropertyValueSpecification","valueRequired":true,"valueName":"search_term_string"}}],"inLanguage":"de"},{"@type":"Organization","@id":"https:\/\/www.kastipmerkezi.com.tr\/de\/#organization","name":"\u0130stanbul \u00d6zel Ka\u015f T\u0131p Merkezi","url":"https:\/\/www.kastipmerkezi.com.tr\/de\/","logo":{"@type":"ImageObject","inLanguage":"de","@id":"https:\/\/www.kastipmerkezi.com.tr\/de\/#\/schema\/logo\/image\/","url":"https:\/\/www.kastipmerkezi.com.tr\/wp-content\/uploads\/2020\/12\/kas-logo-512.png","contentUrl":"https:\/\/www.kastipmerkezi.com.tr\/wp-content\/uploads\/2020\/12\/kas-logo-512.png","width":512,"height":512,"caption":"\u0130stanbul \u00d6zel Ka\u015f T\u0131p Merkezi"},"image":{"@id":"https:\/\/www.kastipmerkezi.com.tr\/de\/#\/schema\/logo\/image\/"},"sameAs":["https:\/\/www.facebook.com\/kastipmerkezi\/"]}]}},"_links":{"self":[{"href":"https:\/\/www.kastipmerkezi.com.tr\/de\/wp-json\/wp\/v2\/pages\/15021","targetHints":{"allow":["GET"]}}],"collection":[{"href":"https:\/\/www.kastipmerkezi.com.tr\/de\/wp-json\/wp\/v2\/pages"}],"about":[{"href":"https:\/\/www.kastipmerkezi.com.tr\/de\/wp-json\/wp\/v2\/types\/page"}],"author":[{"embeddable":true,"href":"https:\/\/www.kastipmerkezi.com.tr\/de\/wp-json\/wp\/v2\/users\/2"}],"replies":[{"embeddable":true,"href":"https:\/\/www.kastipmerkezi.com.tr\/de\/wp-json\/wp\/v2\/comments?post=15021"}],"version-history":[{"count":0,"href":"https:\/\/www.kastipmerkezi.com.tr\/de\/wp-json\/wp\/v2\/pages\/15021\/revisions"}],"up":[{"embeddable":true,"href":"https:\/\/www.kastipmerkezi.com.tr\/de\/wp-json\/wp\/v2\/pages\/12744"}],"wp:attachment":[{"href":"https:\/\/www.kastipmerkezi.com.tr\/de\/wp-json\/wp\/v2\/media?parent=15021"}],"curies":[{"name":"wp","href":"https:\/\/api.w.org\/{rel}","templated":true}]}}