{"id":2048,"date":"2018-06-14T14:04:17","date_gmt":"2018-06-14T11:04:17","guid":{"rendered":"http:\/\/kastipmerkezi.com.tr\/units\/pediatrics\/fmf-ailevi-akdeniz-atesi\/"},"modified":"2022-06-08T12:44:27","modified_gmt":"2022-06-08T09:44:27","slug":"familial-mediterranean-fever","status":"publish","type":"page","link":"https:\/\/www.kastipmerkezi.com.tr\/en\/units\/pediatrics\/familial-mediterranean-fever\/","title":{"rendered":"Familial Mediterranean Fever"},"content":{"rendered":"<div class=\"fusion-fullwidth fullwidth-box fusion-builder-row-1 nonhundred-percent-fullwidth non-hundred-percent-height-scrolling\" style=\"--awb-border-radius-top-left:0px;--awb-border-radius-top-right:0px;--awb-border-radius-bottom-right:0px;--awb-border-radius-bottom-left:0px;--awb-flex-wrap:wrap;\" ><div class=\"fusion-builder-row fusion-row\"><div class=\"fusion-layout-column fusion_builder_column fusion-builder-column-0 fusion_builder_column_1_2 1_2 fusion-one-half fusion-column-first\" style=\"--awb-bg-size:cover;width:50%;width:calc(50% - ( ( 4% ) * 0.5 ) );margin-right: 4%;\"><div class=\"fusion-column-wrapper fusion-flex-column-wrapper-legacy\"><div class=\"fusion-image-element in-legacy-container\" style=\"--awb-caption-title-font-family:var(--h2_typography-font-family);--awb-caption-title-font-weight:var(--h2_typography-font-weight);--awb-caption-title-font-style:var(--h2_typography-font-style);--awb-caption-title-size:var(--h2_typography-font-size);--awb-caption-title-transform:var(--h2_typography-text-transform);--awb-caption-title-line-height:var(--h2_typography-line-height);--awb-caption-title-letter-spacing:var(--h2_typography-letter-spacing);\"><span class=\" fusion-imageframe imageframe-none imageframe-1 hover-type-none\"><img decoding=\"async\" width=\"716\" height=\"640\" alt=\"akdeniz anemisi\" title=\"akdeniz-anemisi\" src=\"https:\/\/www.kastipmerkezi.com.tr\/wp-content\/uploads\/2018\/06\/akdeniz-anemisi.jpg\" class=\"img-responsive wp-image-3833\" srcset=\"https:\/\/www.kastipmerkezi.com.tr\/wp-content\/uploads\/2018\/06\/akdeniz-anemisi-200x179.jpg 200w, https:\/\/www.kastipmerkezi.com.tr\/wp-content\/uploads\/2018\/06\/akdeniz-anemisi-400x358.jpg 400w, https:\/\/www.kastipmerkezi.com.tr\/wp-content\/uploads\/2018\/06\/akdeniz-anemisi-600x536.jpg 600w, https:\/\/www.kastipmerkezi.com.tr\/wp-content\/uploads\/2018\/06\/akdeniz-anemisi.jpg 716w\" sizes=\"(max-width: 800px) 100vw, 600px\" \/><\/span><\/div><div class=\"fusion-clearfix\"><\/div><\/div><\/div><div class=\"fusion-layout-column fusion_builder_column fusion-builder-column-1 fusion_builder_column_1_2 1_2 fusion-one-half fusion-column-last\" style=\"--awb-bg-size:cover;width:50%;width:calc(50% - ( ( 4% ) * 0.5 ) );\"><div class=\"fusion-column-wrapper fusion-flex-column-wrapper-legacy\"><div class=\"fusion-text fusion-text-1\"><p><strong>\u00a0<\/strong><strong>WHAT <\/strong><strong>I<\/strong><strong>S <\/strong><strong>THE IMPORTANCE<\/strong><strong> OF ABDOM<\/strong><strong>I<\/strong><strong>NAL PA<\/strong><strong>I<\/strong><strong>N <\/strong><strong>AS IT RELATES TO <\/strong><strong>FAM\u0130L\u0130AL MED<\/strong><strong>I<\/strong><strong>TERRANEAN FEVER?<\/strong><\/p>\n<p>One of the reasons that families bring their children to the hospital is abdominal pain. Abdominal pain is not a disease but it is a common symptom of many diseases. Familial Mediterranean Fever, which is common among\u00a0 people of Turkey, is a disease that is accompanied by abdominal pain and fever, and may sometimes can have late diagnosis. Delays in diagnosing may result in significant health problems in older ages.<\/p>\n<p><strong>WHAT <\/strong><strong>I<\/strong><strong>S FAM<\/strong><strong>I<\/strong><strong>L<\/strong><strong>I<\/strong><strong>AL MED<\/strong><strong>I<\/strong><strong>TERRANEAN FEVER (FMF)?<\/strong><\/p>\n<p>FMF is a genetic disease plagued by attacks. In other words, the patient has complaints for a certain period of time, and then these complaints will regress spontaneously. Most \u00a0recurring attacks include abdominal pain with fever, chest pain and joint pain. Symptoms of testicular pain, calf pain, redness on the foot or leg skin can also be found, though less often. It is a genetic disease.<\/p>\n<\/div><div class=\"fusion-clearfix\"><\/div><\/div><\/div><div class=\"fusion-layout-column fusion_builder_column fusion-builder-column-2 fusion_builder_column_1_1 1_1 fusion-one-full fusion-column-first fusion-column-last\" style=\"--awb-bg-size:cover;\"><div class=\"fusion-column-wrapper fusion-flex-column-wrapper-legacy\"><div class=\"fusion-text fusion-text-2\"><p>WHAT IS THE FREQUENCY OF OCCURRENCE IN TURKEY?<\/p>\n<p>Although it is seen in every region in our country, the occurrence of the disease is higher in Central Anatolia. One out of every 6 people\u00a0 in Turkey also has a genetic disorder that causes this disease.\u00a0 1-3 of every 1,000 people have FMF . Because of this, genetic testing and genetic counseling should be done before marriage in the regions where the disease is seen more frequently. Testing is also recommended for people who live in other regions as well.<\/p>\n<p>WHAT ARE THE SYMPTOMS OF FAM\u0130L\u0130AL MED\u0130TERRANEAN FEVER (FMF)?<\/p>\n<p>Basic clinical symptoms of the disease; attacks in case of fever and pain in affected areas.<\/p>\n<p>Attacks usually takes 1-3 days. Pain is\u00a0 most often seen in the abdomen, chest and in the large leg joints (knee, ankle).<\/p>\n<p>A high fever of up to 38.5-40 \u00b0C is the most\u00a0common symptom of Familial Mediterranean Fever.<\/p>\n<p>90% of patients experience abdominal pain. It usually starts at an unexpected time. It can start in one area of the abdomen and spread to other areas of the abdomen.<\/p>\n<p>IS FAMILIAL MEDITERRANEAN FEVER A TEMPORARY DISEASE?<\/p>\n<p>FMF is a chronic (long-term) disease. Treatment should be planned for life. Although there is no cure, there are treatments available to help you live a normal, happy life.<\/p>\n<p>The time between attacks varies. For example, the period between two attacks may be 15 days, while the next attack may occur 1-2 months later. The main characteristic of the attacks is that they occur\u00a0 unexpectedly.<\/p>\n<p>Symptoms of the disease occur in 70% of\u00a0 patients in the first 10 years. The disease occurs in %90 of patients in first 20 years of life. In fact, most cases of FMF begin during childhood. The onset of the disease after age 40 is very rare.<\/p>\n<p>HOW IS FAMILIAL MEDITERRANEAN DIAGNOSED?<\/p>\n<p>Familial Mediterranean Fever has no definitive diagnostic laboratory tests findings. Fibrinogen and Amyloid A tests are done to determine any abnormalities during an FMF attack. However, none of them are diagnostic. In the diagnosis, it is very important that the disease is followed by attacks and the characteristics of the attacks are analyzed well. Since the clinical findings of familial Mediterranean fever can be seen in many diseases, diagnosis of the disease can be delayed most of the time. If the patient has\u00a0 genetic analysis typical findings, there is no need for extra diagnosis. But the definitive diagnostic test is the genetic analysis. It is important to note that not all patients who have FMF receive positive genetic test results, and not all who receive a positive diagnosis have FMF.<\/p>\n<p>HOW TO TREAT FAMILIAL MEDITERRANEAN FEVER (FMF) AND WHAT HAPPENS IF IT IS LEFT UNTREATED?<\/p>\n<p>A drug called Colchicine is used to treat FMF. If the adequate doses are used,\u00a0 65% of the patient\u2019s\u00a0 symptoms are completely resolved. In 30% of the patients, the severity and frequency of attacks is decreased. The risk of developing Amyloidosis (a disease that causes dysfunction in kidneys and other organs), which is an undesirable by-product of Familial Mediterranean Fever, is very low in patients who have been using Colchicine since the onset of the disease. Colchicine should be used regularly to avoid Amyloidosis.<\/p>\n<\/div><div class=\"fusion-clearfix\"><\/div><\/div><\/div><\/div><\/div><div class=\"fusion-fullwidth fullwidth-box fusion-builder-row-2 nonhundred-percent-fullwidth non-hundred-percent-height-scrolling\" style=\"--awb-border-radius-top-left:0px;--awb-border-radius-top-right:0px;--awb-border-radius-bottom-right:0px;--awb-border-radius-bottom-left:0px;--awb-flex-wrap:wrap;\" ><div class=\"fusion-builder-row fusion-row\"><div class=\"fusion-layout-column fusion_builder_column fusion-builder-column-3 fusion_builder_column_1_1 1_1 fusion-one-full fusion-column-first fusion-column-last\" style=\"--awb-bg-size:cover;\"><div class=\"fusion-column-wrapper fusion-flex-column-wrapper-legacy\"><div class=\"fusion-alert alert general alert-info fusion-alert-left awb-alert-native-link-color alert-shadow\" role=\"alert\"><div class=\"fusion-alert-content-wrapper\"><span class=\"alert-icon\"><i class=\"awb-icon-info-circle\" aria-hidden=\"true\"><\/i><\/span><span class=\"fusion-alert-content\"><div class=\"vc_message_box vc_message_box-standard vc_message_box-rounded vc_color-blue\">\n<p>For detailed information, leave a message and we\u2019ll call you !<\/p>\n<\/div><\/span><\/div><\/div>\n<div class=\"wpcf7 no-js\" id=\"wpcf7-f2423-o1\" lang=\"tr-TR\" dir=\"ltr\" data-wpcf7-id=\"2423\">\n<div class=\"screen-reader-response\"><p role=\"status\" aria-live=\"polite\" aria-atomic=\"true\"><\/p> <ul><\/ul><\/div>\n<form action=\"\/en\/wp-json\/wp\/v2\/pages\/2048#wpcf7-f2423-o1\" method=\"post\" class=\"wpcf7-form init\" aria-label=\"\u0130leti\u015fim Formu\" novalidate=\"novalidate\" data-status=\"init\">\n<fieldset class=\"hidden-fields-container\"><input type=\"hidden\" name=\"_wpcf7\" value=\"2423\" \/><input type=\"hidden\" name=\"_wpcf7_version\" value=\"6.1.5\" \/><input type=\"hidden\" name=\"_wpcf7_locale\" value=\"tr_TR\" \/><input type=\"hidden\" name=\"_wpcf7_unit_tag\" value=\"wpcf7-f2423-o1\" \/><input type=\"hidden\" name=\"_wpcf7_container_post\" value=\"0\" \/><input type=\"hidden\" name=\"_wpcf7_posted_data_hash\" value=\"\" \/>\n<\/fieldset>\n<p><label> <span class=\"wpcf7-form-control-wrap\" data-name=\"your-name\"><input size=\"40\" maxlength=\"400\" class=\"wpcf7-form-control wpcf7-text wpcf7-validates-as-required\" aria-required=\"true\" aria-invalid=\"false\" placeholder=\"Name Surname (*)\" value=\"\" type=\"text\" name=\"your-name\" \/><\/span> <\/label>\n<\/p>\n<p><label><span class=\"wpcf7-form-control-wrap\" data-name=\"your-email\"><input size=\"40\" maxlength=\"400\" class=\"wpcf7-form-control wpcf7-email wpcf7-validates-as-required wpcf7-text wpcf7-validates-as-email\" aria-required=\"true\" aria-invalid=\"false\" placeholder=\"E-mail (*)\" value=\"\" type=\"email\" name=\"your-email\" \/><\/span> <\/label>\n<\/p>\n<p><label><span class=\"wpcf7-form-control-wrap\" data-name=\"telefon\"><input size=\"40\" maxlength=\"400\" class=\"wpcf7-form-control wpcf7-tel wpcf7-validates-as-required wpcf7-text wpcf7-validates-as-tel\" aria-required=\"true\" aria-invalid=\"false\" placeholder=\"Phone (*)\" value=\"\" type=\"tel\" name=\"telefon\" \/><\/span> <\/label>\n<\/p>\n<p><label> <span class=\"wpcf7-form-control-wrap\" data-name=\"your-message\"><textarea cols=\"40\" rows=\"10\" maxlength=\"2000\" class=\"wpcf7-form-control wpcf7-textarea wpcf7-validates-as-required\" aria-required=\"true\" aria-invalid=\"false\" placeholder=\"Information Details (*)\" name=\"your-message\"><\/textarea><\/span> <\/label>\n<\/p>\n<p><input class=\"wpcf7-form-control wpcf7-submit has-spinner\" type=\"submit\" value=\"Send\" \/>\n<\/p><p style=\"display: none !important;\" class=\"akismet-fields-container\" data-prefix=\"_wpcf7_ak_\"><label>&#916;<textarea name=\"_wpcf7_ak_hp_textarea\" cols=\"45\" rows=\"8\" maxlength=\"100\"><\/textarea><\/label><input type=\"hidden\" id=\"ak_js_1\" name=\"_wpcf7_ak_js\" value=\"187\"\/><script>document.getElementById( \"ak_js_1\" ).setAttribute( \"value\", ( new Date() ).getTime() );<\/script><\/p><div class=\"fusion-alert alert custom alert-custom fusion-alert-left wpcf7-response-output awb-alert-native-link-color alert-dismissable awb-alert-close-boxed alert-shadow\" style=\"--awb-border-size:1px;--awb-border-top-left-radius:0px;--awb-border-top-right-radius:0px;--awb-border-bottom-left-radius:0px;--awb-border-bottom-right-radius:0px;\" role=\"alert\"><div class=\"fusion-alert-content-wrapper\"><span class=\"fusion-alert-content\"><\/span><\/div><button type=\"button\" class=\"close toggle-alert\" data-dismiss=\"alert\" aria-label=\"Close\">&times;<\/button><\/div>\n<\/form>\n<\/div>\n<div class=\"fusion-clearfix\"><\/div><\/div><\/div><\/div><\/div>\n","protected":false},"excerpt":{"rendered":"","protected":false},"author":1,"featured_media":0,"parent":2045,"menu_order":10,"comment_status":"closed","ping_status":"closed","template":"","meta":{"footnotes":""},"class_list":["post-2048","page","type-page","status-publish","hentry"],"yoast_head":"<!-- This site is optimized with the Yoast SEO plugin v26.9 - https:\/\/yoast.com\/product\/yoast-seo-wordpress\/ -->\n<title>Familial Mediterranean Fever - Ka\u015f T\u0131p Merkezi<\/title>\n<meta name=\"description\" content=\"Familial Mediterranean Fever, which is common among\u00a0people of Turkey, is a disease that is accompanied by abdominal pain and fever, and may sometimes can have late diagnosis. Delays in diagnosing may result in significant health problems in older ages.\" \/>\n<meta name=\"robots\" content=\"index, follow, max-snippet:-1, max-image-preview:large, max-video-preview:-1\" \/>\n<link rel=\"canonical\" href=\"https:\/\/www.kastipmerkezi.com.tr\/en\/units\/pediatrics\/familial-mediterranean-fever\/\" \/>\n<meta property=\"og:locale\" content=\"en_US\" \/>\n<meta property=\"og:type\" content=\"article\" \/>\n<meta property=\"og:title\" content=\"Familial Mediterranean Fever - Ka\u015f T\u0131p Merkezi\" \/>\n<meta property=\"og:description\" content=\"Familial Mediterranean Fever, which is common among\u00a0people of Turkey, is a disease that is accompanied by abdominal pain and fever, and may sometimes can have late diagnosis. Delays in diagnosing may result in significant health problems in older ages.\" \/>\n<meta property=\"og:url\" content=\"https:\/\/www.kastipmerkezi.com.tr\/en\/units\/pediatrics\/familial-mediterranean-fever\/\" \/>\n<meta property=\"og:site_name\" content=\"Ka\u015f T\u0131p Merkezi\" \/>\n<meta property=\"article:publisher\" content=\"https:\/\/www.facebook.com\/kastipmerkezi\/\" \/>\n<meta property=\"article:modified_time\" content=\"2022-06-08T09:44:27+00:00\" \/>\n<meta name=\"twitter:card\" content=\"summary_large_image\" \/>\n<meta name=\"twitter:label1\" content=\"Est. reading time\" \/>\n\t<meta name=\"twitter:data1\" content=\"7 minutes\" \/>\n<script type=\"application\/ld+json\" class=\"yoast-schema-graph\">{\"@context\":\"https:\/\/schema.org\",\"@graph\":[{\"@type\":\"WebPage\",\"@id\":\"https:\/\/www.kastipmerkezi.com.tr\/en\/units\/pediatrics\/familial-mediterranean-fever\/\",\"url\":\"https:\/\/www.kastipmerkezi.com.tr\/en\/units\/pediatrics\/familial-mediterranean-fever\/\",\"name\":\"Familial Mediterranean Fever - Ka\u015f T\u0131p Merkezi\",\"isPartOf\":{\"@id\":\"https:\/\/www.kastipmerkezi.com.tr\/en\/#website\"},\"datePublished\":\"2018-06-14T11:04:17+00:00\",\"dateModified\":\"2022-06-08T09:44:27+00:00\",\"description\":\"Familial Mediterranean Fever, which is common among\u00a0people of Turkey, is a disease that is accompanied by abdominal pain and fever, and may sometimes can have late diagnosis. Delays in diagnosing may result in significant health problems in older ages.\",\"breadcrumb\":{\"@id\":\"https:\/\/www.kastipmerkezi.com.tr\/en\/units\/pediatrics\/familial-mediterranean-fever\/#breadcrumb\"},\"inLanguage\":\"en-US\",\"potentialAction\":[{\"@type\":\"ReadAction\",\"target\":[\"https:\/\/www.kastipmerkezi.com.tr\/en\/units\/pediatrics\/familial-mediterranean-fever\/\"]}]},{\"@type\":\"BreadcrumbList\",\"@id\":\"https:\/\/www.kastipmerkezi.com.tr\/en\/units\/pediatrics\/familial-mediterranean-fever\/#breadcrumb\",\"itemListElement\":[{\"@type\":\"ListItem\",\"position\":1,\"name\":\"Ana sayfa\",\"item\":\"https:\/\/www.kastipmerkezi.com.tr\/en\/\"},{\"@type\":\"ListItem\",\"position\":2,\"name\":\"UNITS\",\"item\":\"https:\/\/www.kastipmerkezi.com.tr\/en\/units\/\"},{\"@type\":\"ListItem\",\"position\":3,\"name\":\"Pediatrics\",\"item\":\"https:\/\/www.kastipmerkezi.com.tr\/en\/units\/pediatrics\/\"},{\"@type\":\"ListItem\",\"position\":4,\"name\":\"Familial Mediterranean Fever\"}]},{\"@type\":\"WebSite\",\"@id\":\"https:\/\/www.kastipmerkezi.com.tr\/en\/#website\",\"url\":\"https:\/\/www.kastipmerkezi.com.tr\/en\/\",\"name\":\"Ka\u015f T\u0131p Merkezi\",\"description\":\"\",\"publisher\":{\"@id\":\"https:\/\/www.kastipmerkezi.com.tr\/en\/#organization\"},\"potentialAction\":[{\"@type\":\"SearchAction\",\"target\":{\"@type\":\"EntryPoint\",\"urlTemplate\":\"https:\/\/www.kastipmerkezi.com.tr\/en\/?s={search_term_string}\"},\"query-input\":{\"@type\":\"PropertyValueSpecification\",\"valueRequired\":true,\"valueName\":\"search_term_string\"}}],\"inLanguage\":\"en-US\"},{\"@type\":\"Organization\",\"@id\":\"https:\/\/www.kastipmerkezi.com.tr\/en\/#organization\",\"name\":\"\u0130stanbul \u00d6zel Ka\u015f T\u0131p Merkezi\",\"url\":\"https:\/\/www.kastipmerkezi.com.tr\/en\/\",\"logo\":{\"@type\":\"ImageObject\",\"inLanguage\":\"en-US\",\"@id\":\"https:\/\/www.kastipmerkezi.com.tr\/en\/#\/schema\/logo\/image\/\",\"url\":\"https:\/\/www.kastipmerkezi.com.tr\/wp-content\/uploads\/2020\/12\/kas-logo-512.png\",\"contentUrl\":\"https:\/\/www.kastipmerkezi.com.tr\/wp-content\/uploads\/2020\/12\/kas-logo-512.png\",\"width\":512,\"height\":512,\"caption\":\"\u0130stanbul \u00d6zel Ka\u015f T\u0131p Merkezi\"},\"image\":{\"@id\":\"https:\/\/www.kastipmerkezi.com.tr\/en\/#\/schema\/logo\/image\/\"},\"sameAs\":[\"https:\/\/www.facebook.com\/kastipmerkezi\/\"]}]}<\/script>\n<!-- \/ Yoast SEO plugin. -->","yoast_head_json":{"title":"Familial Mediterranean Fever - Ka\u015f T\u0131p Merkezi","description":"Familial Mediterranean Fever, which is common among\u00a0people of Turkey, is a disease that is accompanied by abdominal pain and fever, and may sometimes can have late diagnosis. Delays in diagnosing may result in significant health problems in older ages.","robots":{"index":"index","follow":"follow","max-snippet":"max-snippet:-1","max-image-preview":"max-image-preview:large","max-video-preview":"max-video-preview:-1"},"canonical":"https:\/\/www.kastipmerkezi.com.tr\/en\/units\/pediatrics\/familial-mediterranean-fever\/","og_locale":"en_US","og_type":"article","og_title":"Familial Mediterranean Fever - Ka\u015f T\u0131p Merkezi","og_description":"Familial Mediterranean Fever, which is common among\u00a0people of Turkey, is a disease that is accompanied by abdominal pain and fever, and may sometimes can have late diagnosis. Delays in diagnosing may result in significant health problems in older ages.","og_url":"https:\/\/www.kastipmerkezi.com.tr\/en\/units\/pediatrics\/familial-mediterranean-fever\/","og_site_name":"Ka\u015f T\u0131p Merkezi","article_publisher":"https:\/\/www.facebook.com\/kastipmerkezi\/","article_modified_time":"2022-06-08T09:44:27+00:00","twitter_card":"summary_large_image","twitter_misc":{"Est. reading time":"7 minutes"},"schema":{"@context":"https:\/\/schema.org","@graph":[{"@type":"WebPage","@id":"https:\/\/www.kastipmerkezi.com.tr\/en\/units\/pediatrics\/familial-mediterranean-fever\/","url":"https:\/\/www.kastipmerkezi.com.tr\/en\/units\/pediatrics\/familial-mediterranean-fever\/","name":"Familial Mediterranean Fever - Ka\u015f T\u0131p Merkezi","isPartOf":{"@id":"https:\/\/www.kastipmerkezi.com.tr\/en\/#website"},"datePublished":"2018-06-14T11:04:17+00:00","dateModified":"2022-06-08T09:44:27+00:00","description":"Familial Mediterranean Fever, which is common among\u00a0people of Turkey, is a disease that is accompanied by abdominal pain and fever, and may sometimes can have late diagnosis. Delays in diagnosing may result in significant health problems in older ages.","breadcrumb":{"@id":"https:\/\/www.kastipmerkezi.com.tr\/en\/units\/pediatrics\/familial-mediterranean-fever\/#breadcrumb"},"inLanguage":"en-US","potentialAction":[{"@type":"ReadAction","target":["https:\/\/www.kastipmerkezi.com.tr\/en\/units\/pediatrics\/familial-mediterranean-fever\/"]}]},{"@type":"BreadcrumbList","@id":"https:\/\/www.kastipmerkezi.com.tr\/en\/units\/pediatrics\/familial-mediterranean-fever\/#breadcrumb","itemListElement":[{"@type":"ListItem","position":1,"name":"Ana sayfa","item":"https:\/\/www.kastipmerkezi.com.tr\/en\/"},{"@type":"ListItem","position":2,"name":"UNITS","item":"https:\/\/www.kastipmerkezi.com.tr\/en\/units\/"},{"@type":"ListItem","position":3,"name":"Pediatrics","item":"https:\/\/www.kastipmerkezi.com.tr\/en\/units\/pediatrics\/"},{"@type":"ListItem","position":4,"name":"Familial Mediterranean Fever"}]},{"@type":"WebSite","@id":"https:\/\/www.kastipmerkezi.com.tr\/en\/#website","url":"https:\/\/www.kastipmerkezi.com.tr\/en\/","name":"Ka\u015f T\u0131p Merkezi","description":"","publisher":{"@id":"https:\/\/www.kastipmerkezi.com.tr\/en\/#organization"},"potentialAction":[{"@type":"SearchAction","target":{"@type":"EntryPoint","urlTemplate":"https:\/\/www.kastipmerkezi.com.tr\/en\/?s={search_term_string}"},"query-input":{"@type":"PropertyValueSpecification","valueRequired":true,"valueName":"search_term_string"}}],"inLanguage":"en-US"},{"@type":"Organization","@id":"https:\/\/www.kastipmerkezi.com.tr\/en\/#organization","name":"\u0130stanbul \u00d6zel Ka\u015f T\u0131p Merkezi","url":"https:\/\/www.kastipmerkezi.com.tr\/en\/","logo":{"@type":"ImageObject","inLanguage":"en-US","@id":"https:\/\/www.kastipmerkezi.com.tr\/en\/#\/schema\/logo\/image\/","url":"https:\/\/www.kastipmerkezi.com.tr\/wp-content\/uploads\/2020\/12\/kas-logo-512.png","contentUrl":"https:\/\/www.kastipmerkezi.com.tr\/wp-content\/uploads\/2020\/12\/kas-logo-512.png","width":512,"height":512,"caption":"\u0130stanbul \u00d6zel Ka\u015f T\u0131p Merkezi"},"image":{"@id":"https:\/\/www.kastipmerkezi.com.tr\/en\/#\/schema\/logo\/image\/"},"sameAs":["https:\/\/www.facebook.com\/kastipmerkezi\/"]}]}},"_links":{"self":[{"href":"https:\/\/www.kastipmerkezi.com.tr\/en\/wp-json\/wp\/v2\/pages\/2048","targetHints":{"allow":["GET"]}}],"collection":[{"href":"https:\/\/www.kastipmerkezi.com.tr\/en\/wp-json\/wp\/v2\/pages"}],"about":[{"href":"https:\/\/www.kastipmerkezi.com.tr\/en\/wp-json\/wp\/v2\/types\/page"}],"author":[{"embeddable":true,"href":"https:\/\/www.kastipmerkezi.com.tr\/en\/wp-json\/wp\/v2\/users\/1"}],"replies":[{"embeddable":true,"href":"https:\/\/www.kastipmerkezi.com.tr\/en\/wp-json\/wp\/v2\/comments?post=2048"}],"version-history":[{"count":1,"href":"https:\/\/www.kastipmerkezi.com.tr\/en\/wp-json\/wp\/v2\/pages\/2048\/revisions"}],"predecessor-version":[{"id":63217,"href":"https:\/\/www.kastipmerkezi.com.tr\/en\/wp-json\/wp\/v2\/pages\/2048\/revisions\/63217"}],"up":[{"embeddable":true,"href":"https:\/\/www.kastipmerkezi.com.tr\/en\/wp-json\/wp\/v2\/pages\/2045"}],"wp:attachment":[{"href":"https:\/\/www.kastipmerkezi.com.tr\/en\/wp-json\/wp\/v2\/media?parent=2048"}],"curies":[{"name":"wp","href":"https:\/\/api.w.org\/{rel}","templated":true}]}}