{"id":2086,"date":"2018-06-14T14:36:08","date_gmt":"2018-06-14T11:36:08","guid":{"rendered":"http:\/\/kastipmerkezi.com.tr\/units\/gynecology-and-obstetrics\/kadinlarda-idrar-kacirma\/"},"modified":"2022-02-15T16:39:42","modified_gmt":"2022-02-15T13:39:42","slug":"female-urinary-incontinence","status":"publish","type":"page","link":"https:\/\/www.kastipmerkezi.com.tr\/en\/units\/gynecology-and-obstetrics\/female-urinary-incontinence\/","title":{"rendered":"Female Urinary Incontinence"},"content":{"rendered":"<div class=\"fusion-fullwidth fullwidth-box fusion-builder-row-1 nonhundred-percent-fullwidth non-hundred-percent-height-scrolling\" style=\"--awb-border-radius-top-left:0px;--awb-border-radius-top-right:0px;--awb-border-radius-bottom-right:0px;--awb-border-radius-bottom-left:0px;--awb-flex-wrap:wrap;\" ><div class=\"fusion-builder-row fusion-row\"><div class=\"fusion-layout-column fusion_builder_column fusion-builder-column-0 fusion_builder_column_1_2 1_2 fusion-one-half fusion-column-first\" style=\"--awb-bg-size:cover;width:50%;width:calc(50% - ( ( 4% ) * 0.5 ) );margin-right: 4%;\"><div class=\"fusion-column-wrapper fusion-flex-column-wrapper-legacy\"><div class=\"fusion-column-content-centered\"><div class=\"fusion-column-content\"><div class=\"fusion-image-element in-legacy-container\" style=\"--awb-caption-title-font-family:var(--h2_typography-font-family);--awb-caption-title-font-weight:var(--h2_typography-font-weight);--awb-caption-title-font-style:var(--h2_typography-font-style);--awb-caption-title-size:var(--h2_typography-font-size);--awb-caption-title-transform:var(--h2_typography-text-transform);--awb-caption-title-line-height:var(--h2_typography-line-height);--awb-caption-title-letter-spacing:var(--h2_typography-letter-spacing);\"><span class=\" fusion-imageframe imageframe-none imageframe-1 hover-type-none\"><img decoding=\"async\" width=\"1080\" height=\"980\" title=\"idrar-ka\u00e7\u0131rma\" src=\"https:\/\/www.kastipmerkezi.com.tr\/wp-content\/uploads\/2021\/03\/idrar-kacirma.jpg\" alt class=\"img-responsive wp-image-39190\" srcset=\"https:\/\/www.kastipmerkezi.com.tr\/wp-content\/uploads\/2021\/03\/idrar-kacirma-200x181.jpg 200w, https:\/\/www.kastipmerkezi.com.tr\/wp-content\/uploads\/2021\/03\/idrar-kacirma-400x363.jpg 400w, https:\/\/www.kastipmerkezi.com.tr\/wp-content\/uploads\/2021\/03\/idrar-kacirma-600x544.jpg 600w, https:\/\/www.kastipmerkezi.com.tr\/wp-content\/uploads\/2021\/03\/idrar-kacirma-800x726.jpg 800w, https:\/\/www.kastipmerkezi.com.tr\/wp-content\/uploads\/2021\/03\/idrar-kacirma.jpg 1080w\" sizes=\"(max-width: 800px) 100vw, 600px\" \/><\/span><\/div><\/div><\/div><div class=\"fusion-clearfix\"><\/div><\/div><\/div><div class=\"fusion-layout-column fusion_builder_column fusion-builder-column-1 fusion_builder_column_1_2 1_2 fusion-one-half fusion-column-last\" style=\"--awb-bg-size:cover;width:50%;width:calc(50% - ( ( 4% ) * 0.5 ) );\"><div class=\"fusion-column-wrapper fusion-flex-column-wrapper-legacy\"><div class=\"fusion-column-content-centered\"><div class=\"fusion-column-content\"><div class=\"fusion-text fusion-text-1\"><p><strong>Urinary Incontinence in Women<\/strong><\/p>\n<p>Urinary incontinence is one of the most common problems faced by women. Research shows that 20-46% of women of childbearing age and 40-69% of menopausal women struggle with urinary incontinence. Suddenly increase of the intra-abdominal pressure, sneezing, coughing can cause urinary leakage. This urinary incontinence can be seen in the form of inability to reach the toilet. Women who suffer from urinary incontinence generally try to solve this problem by themselves, such as using pads and not leaving the house. However, urinary incontinence problem, which can cause psychological problems besides physical disorders, can be easily treated.<\/p>\n<\/div><\/div><\/div><div class=\"fusion-clearfix\"><\/div><\/div><\/div><div class=\"fusion-layout-column fusion_builder_column fusion-builder-column-2 fusion_builder_column_1_1 1_1 fusion-one-full fusion-column-first fusion-column-last\" style=\"--awb-bg-size:cover;\"><div class=\"fusion-column-wrapper fusion-flex-column-wrapper-legacy\"><div class=\"fusion-text fusion-text-2\"><p>These organs are kept fixed by the muscles supporting the pelvic cavity from the lower part. Relaxation and weakening of these muscles can cause difficulty in urinary retention and incontinence.<\/p>\n<p>The most important reasons for muscle relaxation and weakness are previous pregnancies and normal births, long-term constipation, overweight, diseases that cause chronic cough, menopause and old age. As a result of the relaxation of the pelvic muscles, bladder sagging (cystocele), rectum sagging (rectocele) and incontinence (urinary incontinence) can be seen.<br \/>\nTOT (Transobturator Tape) method is successfully applied in our center as urinary incontinence treatment.<\/p>\n<p>TOT:<br \/>\nThe TOT method is a relatively new procedure. It was first described in 2001. In TOT technique, with a thin vaginal incision, a special band called \u2018polypropylene mesh, is placed with the help of a special needle and the urethral canal is raised. Wound healing after surgery with this technique is quite rapid. Usually the patient is discharged after one day of observation. Complaints after operation are quite rare. The bladder is drained with the catheter placed in the bladder for the first 24 hours after surgery. The catheter is then withdrawn and the patient is discharged.<\/p>\n<p>At Kas Medical Center:<\/p>\n<p>&#8211; Diagnosis and treatment of urinary incontinence<br \/>\n&#8211; Medical treatment (treatment with urinary incontinence drugs)<br \/>\n&#8211; Urinary incontinence operations<br \/>\n&#8211; TOT<br \/>\n&#8211; TVT<br \/>\n&#8211; Burch.<br \/>\n&#8211; Non-surgical urinary incontinence treatment (biofeedback therapy) is applied.<\/p>\n<\/div><div class=\"fusion-clearfix\"><\/div><\/div><\/div><\/div><\/div><div class=\"fusion-fullwidth fullwidth-box fusion-builder-row-2 nonhundred-percent-fullwidth non-hundred-percent-height-scrolling\" style=\"--awb-border-radius-top-left:0px;--awb-border-radius-top-right:0px;--awb-border-radius-bottom-right:0px;--awb-border-radius-bottom-left:0px;--awb-flex-wrap:wrap;\" ><div class=\"fusion-builder-row fusion-row\"><div class=\"fusion-layout-column fusion_builder_column fusion-builder-column-3 fusion_builder_column_1_1 1_1 fusion-one-full fusion-column-first fusion-column-last\" style=\"--awb-bg-size:cover;\"><div class=\"fusion-column-wrapper fusion-flex-column-wrapper-legacy\"><div class=\"fusion-alert alert general alert-info fusion-alert-left awb-alert-native-link-color alert-shadow\" role=\"alert\"><div class=\"fusion-alert-content-wrapper\"><span class=\"alert-icon\"><i class=\"awb-icon-info-circle\" aria-hidden=\"true\"><\/i><\/span><span class=\"fusion-alert-content\"><div class=\"vc_message_box vc_message_box-standard vc_message_box-rounded vc_color-blue\">\n<p>For detailed information, leave a message and we\u2019ll call you !<\/p>\n<\/div><\/span><\/div><\/div>\n<div class=\"wpcf7 no-js\" id=\"wpcf7-f2423-o1\" lang=\"tr-TR\" dir=\"ltr\" data-wpcf7-id=\"2423\">\n<div class=\"screen-reader-response\"><p role=\"status\" aria-live=\"polite\" aria-atomic=\"true\"><\/p> <ul><\/ul><\/div>\n<form action=\"\/en\/wp-json\/wp\/v2\/pages\/2086#wpcf7-f2423-o1\" method=\"post\" class=\"wpcf7-form init\" aria-label=\"\u0130leti\u015fim Formu\" novalidate=\"novalidate\" data-status=\"init\">\n<fieldset class=\"hidden-fields-container\"><input type=\"hidden\" name=\"_wpcf7\" value=\"2423\" \/><input type=\"hidden\" name=\"_wpcf7_version\" value=\"6.1.5\" \/><input type=\"hidden\" name=\"_wpcf7_locale\" value=\"tr_TR\" \/><input type=\"hidden\" name=\"_wpcf7_unit_tag\" value=\"wpcf7-f2423-o1\" \/><input type=\"hidden\" name=\"_wpcf7_container_post\" value=\"0\" \/><input type=\"hidden\" name=\"_wpcf7_posted_data_hash\" value=\"\" \/>\n<\/fieldset>\n<p><label> <span class=\"wpcf7-form-control-wrap\" data-name=\"your-name\"><input size=\"40\" maxlength=\"400\" class=\"wpcf7-form-control wpcf7-text wpcf7-validates-as-required\" aria-required=\"true\" aria-invalid=\"false\" placeholder=\"Name Surname (*)\" value=\"\" type=\"text\" name=\"your-name\" \/><\/span> <\/label>\n<\/p>\n<p><label><span class=\"wpcf7-form-control-wrap\" data-name=\"your-email\"><input size=\"40\" maxlength=\"400\" class=\"wpcf7-form-control wpcf7-email wpcf7-validates-as-required wpcf7-text wpcf7-validates-as-email\" aria-required=\"true\" aria-invalid=\"false\" placeholder=\"E-mail (*)\" value=\"\" type=\"email\" name=\"your-email\" \/><\/span> <\/label>\n<\/p>\n<p><label><span class=\"wpcf7-form-control-wrap\" data-name=\"telefon\"><input size=\"40\" maxlength=\"400\" class=\"wpcf7-form-control wpcf7-tel wpcf7-validates-as-required wpcf7-text wpcf7-validates-as-tel\" aria-required=\"true\" aria-invalid=\"false\" placeholder=\"Phone (*)\" value=\"\" type=\"tel\" name=\"telefon\" \/><\/span> <\/label>\n<\/p>\n<p><label> <span class=\"wpcf7-form-control-wrap\" data-name=\"your-message\"><textarea cols=\"40\" rows=\"10\" maxlength=\"2000\" class=\"wpcf7-form-control wpcf7-textarea wpcf7-validates-as-required\" aria-required=\"true\" aria-invalid=\"false\" placeholder=\"Information Details (*)\" name=\"your-message\"><\/textarea><\/span> <\/label>\n<\/p>\n<p><input class=\"wpcf7-form-control wpcf7-submit has-spinner\" type=\"submit\" value=\"Send\" \/>\n<\/p><p style=\"display: none !important;\" class=\"akismet-fields-container\" data-prefix=\"_wpcf7_ak_\"><label>&#916;<textarea name=\"_wpcf7_ak_hp_textarea\" cols=\"45\" rows=\"8\" maxlength=\"100\"><\/textarea><\/label><input type=\"hidden\" id=\"ak_js_1\" name=\"_wpcf7_ak_js\" value=\"127\"\/><script>document.getElementById( \"ak_js_1\" ).setAttribute( \"value\", ( new Date() ).getTime() );<\/script><\/p><div class=\"fusion-alert alert custom alert-custom fusion-alert-left wpcf7-response-output awb-alert-native-link-color alert-dismissable awb-alert-close-boxed alert-shadow\" style=\"--awb-border-size:1px;--awb-border-top-left-radius:0px;--awb-border-top-right-radius:0px;--awb-border-bottom-left-radius:0px;--awb-border-bottom-right-radius:0px;\" role=\"alert\"><div class=\"fusion-alert-content-wrapper\"><span class=\"fusion-alert-content\"><\/span><\/div><button type=\"button\" class=\"close toggle-alert\" data-dismiss=\"alert\" aria-label=\"Close\">&times;<\/button><\/div>\n<\/form>\n<\/div>\n<div class=\"fusion-clearfix\"><\/div><\/div><\/div><\/div><\/div>\n","protected":false},"excerpt":{"rendered":"","protected":false},"author":1,"featured_media":0,"parent":2054,"menu_order":100,"comment_status":"closed","ping_status":"closed","template":"","meta":{"footnotes":""},"class_list":["post-2086","page","type-page","status-publish","hentry"],"yoast_head":"<!-- This site is optimized with the Yoast SEO plugin v26.9 - https:\/\/yoast.com\/product\/yoast-seo-wordpress\/ -->\n<title>Female Urinary Incontinence - Ka\u015f T\u0131p Merkezi<\/title>\n<meta name=\"description\" content=\"Studies show that 20-46% of women of childbearing age and 40-69% of women in menopause struggle with urinary incontinence.\" \/>\n<meta name=\"robots\" content=\"index, follow, max-snippet:-1, max-image-preview:large, max-video-preview:-1\" \/>\n<link rel=\"canonical\" href=\"https:\/\/www.kastipmerkezi.com.tr\/en\/units\/gynecology-and-obstetrics\/female-urinary-incontinence\/\" \/>\n<meta property=\"og:locale\" content=\"en_US\" \/>\n<meta property=\"og:type\" content=\"article\" \/>\n<meta property=\"og:title\" content=\"Female Urinary Incontinence - Ka\u015f T\u0131p Merkezi\" \/>\n<meta property=\"og:description\" content=\"Studies show that 20-46% of women of childbearing age and 40-69% of women in menopause struggle with urinary incontinence.\" \/>\n<meta property=\"og:url\" content=\"https:\/\/www.kastipmerkezi.com.tr\/en\/units\/gynecology-and-obstetrics\/female-urinary-incontinence\/\" \/>\n<meta property=\"og:site_name\" content=\"Ka\u015f T\u0131p Merkezi\" \/>\n<meta property=\"article:publisher\" content=\"https:\/\/www.facebook.com\/kastipmerkezi\/\" \/>\n<meta property=\"article:modified_time\" content=\"2022-02-15T13:39:42+00:00\" \/>\n<meta name=\"twitter:card\" content=\"summary_large_image\" \/>\n<meta name=\"twitter:label1\" content=\"Est. reading time\" \/>\n\t<meta name=\"twitter:data1\" content=\"6 minutes\" \/>\n<script type=\"application\/ld+json\" class=\"yoast-schema-graph\">{\"@context\":\"https:\/\/schema.org\",\"@graph\":[{\"@type\":\"WebPage\",\"@id\":\"https:\/\/www.kastipmerkezi.com.tr\/en\/units\/gynecology-and-obstetrics\/female-urinary-incontinence\/\",\"url\":\"https:\/\/www.kastipmerkezi.com.tr\/en\/units\/gynecology-and-obstetrics\/female-urinary-incontinence\/\",\"name\":\"Female Urinary Incontinence - Ka\u015f T\u0131p Merkezi\",\"isPartOf\":{\"@id\":\"https:\/\/www.kastipmerkezi.com.tr\/en\/#website\"},\"datePublished\":\"2018-06-14T11:36:08+00:00\",\"dateModified\":\"2022-02-15T13:39:42+00:00\",\"description\":\"Studies show that 20-46% of women of childbearing age and 40-69% of women in menopause struggle with urinary incontinence.\",\"breadcrumb\":{\"@id\":\"https:\/\/www.kastipmerkezi.com.tr\/en\/units\/gynecology-and-obstetrics\/female-urinary-incontinence\/#breadcrumb\"},\"inLanguage\":\"en-US\",\"potentialAction\":[{\"@type\":\"ReadAction\",\"target\":[\"https:\/\/www.kastipmerkezi.com.tr\/en\/units\/gynecology-and-obstetrics\/female-urinary-incontinence\/\"]}]},{\"@type\":\"BreadcrumbList\",\"@id\":\"https:\/\/www.kastipmerkezi.com.tr\/en\/units\/gynecology-and-obstetrics\/female-urinary-incontinence\/#breadcrumb\",\"itemListElement\":[{\"@type\":\"ListItem\",\"position\":1,\"name\":\"Ana sayfa\",\"item\":\"https:\/\/www.kastipmerkezi.com.tr\/en\/\"},{\"@type\":\"ListItem\",\"position\":2,\"name\":\"UNITS\",\"item\":\"https:\/\/www.kastipmerkezi.com.tr\/en\/units\/\"},{\"@type\":\"ListItem\",\"position\":3,\"name\":\"Gynecology And Obstetrics\",\"item\":\"https:\/\/www.kastipmerkezi.com.tr\/en\/units\/gynecology-and-obstetrics\/\"},{\"@type\":\"ListItem\",\"position\":4,\"name\":\"Female Urinary Incontinence\"}]},{\"@type\":\"WebSite\",\"@id\":\"https:\/\/www.kastipmerkezi.com.tr\/en\/#website\",\"url\":\"https:\/\/www.kastipmerkezi.com.tr\/en\/\",\"name\":\"Ka\u015f T\u0131p Merkezi\",\"description\":\"\",\"publisher\":{\"@id\":\"https:\/\/www.kastipmerkezi.com.tr\/en\/#organization\"},\"potentialAction\":[{\"@type\":\"SearchAction\",\"target\":{\"@type\":\"EntryPoint\",\"urlTemplate\":\"https:\/\/www.kastipmerkezi.com.tr\/en\/?s={search_term_string}\"},\"query-input\":{\"@type\":\"PropertyValueSpecification\",\"valueRequired\":true,\"valueName\":\"search_term_string\"}}],\"inLanguage\":\"en-US\"},{\"@type\":\"Organization\",\"@id\":\"https:\/\/www.kastipmerkezi.com.tr\/en\/#organization\",\"name\":\"\u0130stanbul \u00d6zel Ka\u015f T\u0131p Merkezi\",\"url\":\"https:\/\/www.kastipmerkezi.com.tr\/en\/\",\"logo\":{\"@type\":\"ImageObject\",\"inLanguage\":\"en-US\",\"@id\":\"https:\/\/www.kastipmerkezi.com.tr\/en\/#\/schema\/logo\/image\/\",\"url\":\"https:\/\/www.kastipmerkezi.com.tr\/wp-content\/uploads\/2020\/12\/kas-logo-512.png\",\"contentUrl\":\"https:\/\/www.kastipmerkezi.com.tr\/wp-content\/uploads\/2020\/12\/kas-logo-512.png\",\"width\":512,\"height\":512,\"caption\":\"\u0130stanbul \u00d6zel Ka\u015f T\u0131p Merkezi\"},\"image\":{\"@id\":\"https:\/\/www.kastipmerkezi.com.tr\/en\/#\/schema\/logo\/image\/\"},\"sameAs\":[\"https:\/\/www.facebook.com\/kastipmerkezi\/\"]}]}<\/script>\n<!-- \/ Yoast SEO plugin. -->","yoast_head_json":{"title":"Female Urinary Incontinence - Ka\u015f T\u0131p Merkezi","description":"Studies show that 20-46% of women of childbearing age and 40-69% of women in menopause struggle with urinary incontinence.","robots":{"index":"index","follow":"follow","max-snippet":"max-snippet:-1","max-image-preview":"max-image-preview:large","max-video-preview":"max-video-preview:-1"},"canonical":"https:\/\/www.kastipmerkezi.com.tr\/en\/units\/gynecology-and-obstetrics\/female-urinary-incontinence\/","og_locale":"en_US","og_type":"article","og_title":"Female Urinary Incontinence - Ka\u015f T\u0131p Merkezi","og_description":"Studies show that 20-46% of women of childbearing age and 40-69% of women in menopause struggle with urinary incontinence.","og_url":"https:\/\/www.kastipmerkezi.com.tr\/en\/units\/gynecology-and-obstetrics\/female-urinary-incontinence\/","og_site_name":"Ka\u015f T\u0131p Merkezi","article_publisher":"https:\/\/www.facebook.com\/kastipmerkezi\/","article_modified_time":"2022-02-15T13:39:42+00:00","twitter_card":"summary_large_image","twitter_misc":{"Est. reading time":"6 minutes"},"schema":{"@context":"https:\/\/schema.org","@graph":[{"@type":"WebPage","@id":"https:\/\/www.kastipmerkezi.com.tr\/en\/units\/gynecology-and-obstetrics\/female-urinary-incontinence\/","url":"https:\/\/www.kastipmerkezi.com.tr\/en\/units\/gynecology-and-obstetrics\/female-urinary-incontinence\/","name":"Female Urinary Incontinence - Ka\u015f T\u0131p Merkezi","isPartOf":{"@id":"https:\/\/www.kastipmerkezi.com.tr\/en\/#website"},"datePublished":"2018-06-14T11:36:08+00:00","dateModified":"2022-02-15T13:39:42+00:00","description":"Studies show that 20-46% of women of childbearing age and 40-69% of women in menopause struggle with urinary incontinence.","breadcrumb":{"@id":"https:\/\/www.kastipmerkezi.com.tr\/en\/units\/gynecology-and-obstetrics\/female-urinary-incontinence\/#breadcrumb"},"inLanguage":"en-US","potentialAction":[{"@type":"ReadAction","target":["https:\/\/www.kastipmerkezi.com.tr\/en\/units\/gynecology-and-obstetrics\/female-urinary-incontinence\/"]}]},{"@type":"BreadcrumbList","@id":"https:\/\/www.kastipmerkezi.com.tr\/en\/units\/gynecology-and-obstetrics\/female-urinary-incontinence\/#breadcrumb","itemListElement":[{"@type":"ListItem","position":1,"name":"Ana sayfa","item":"https:\/\/www.kastipmerkezi.com.tr\/en\/"},{"@type":"ListItem","position":2,"name":"UNITS","item":"https:\/\/www.kastipmerkezi.com.tr\/en\/units\/"},{"@type":"ListItem","position":3,"name":"Gynecology And Obstetrics","item":"https:\/\/www.kastipmerkezi.com.tr\/en\/units\/gynecology-and-obstetrics\/"},{"@type":"ListItem","position":4,"name":"Female Urinary Incontinence"}]},{"@type":"WebSite","@id":"https:\/\/www.kastipmerkezi.com.tr\/en\/#website","url":"https:\/\/www.kastipmerkezi.com.tr\/en\/","name":"Ka\u015f T\u0131p Merkezi","description":"","publisher":{"@id":"https:\/\/www.kastipmerkezi.com.tr\/en\/#organization"},"potentialAction":[{"@type":"SearchAction","target":{"@type":"EntryPoint","urlTemplate":"https:\/\/www.kastipmerkezi.com.tr\/en\/?s={search_term_string}"},"query-input":{"@type":"PropertyValueSpecification","valueRequired":true,"valueName":"search_term_string"}}],"inLanguage":"en-US"},{"@type":"Organization","@id":"https:\/\/www.kastipmerkezi.com.tr\/en\/#organization","name":"\u0130stanbul \u00d6zel Ka\u015f T\u0131p Merkezi","url":"https:\/\/www.kastipmerkezi.com.tr\/en\/","logo":{"@type":"ImageObject","inLanguage":"en-US","@id":"https:\/\/www.kastipmerkezi.com.tr\/en\/#\/schema\/logo\/image\/","url":"https:\/\/www.kastipmerkezi.com.tr\/wp-content\/uploads\/2020\/12\/kas-logo-512.png","contentUrl":"https:\/\/www.kastipmerkezi.com.tr\/wp-content\/uploads\/2020\/12\/kas-logo-512.png","width":512,"height":512,"caption":"\u0130stanbul \u00d6zel Ka\u015f T\u0131p Merkezi"},"image":{"@id":"https:\/\/www.kastipmerkezi.com.tr\/en\/#\/schema\/logo\/image\/"},"sameAs":["https:\/\/www.facebook.com\/kastipmerkezi\/"]}]}},"_links":{"self":[{"href":"https:\/\/www.kastipmerkezi.com.tr\/en\/wp-json\/wp\/v2\/pages\/2086","targetHints":{"allow":["GET"]}}],"collection":[{"href":"https:\/\/www.kastipmerkezi.com.tr\/en\/wp-json\/wp\/v2\/pages"}],"about":[{"href":"https:\/\/www.kastipmerkezi.com.tr\/en\/wp-json\/wp\/v2\/types\/page"}],"author":[{"embeddable":true,"href":"https:\/\/www.kastipmerkezi.com.tr\/en\/wp-json\/wp\/v2\/users\/1"}],"replies":[{"embeddable":true,"href":"https:\/\/www.kastipmerkezi.com.tr\/en\/wp-json\/wp\/v2\/comments?post=2086"}],"version-history":[{"count":1,"href":"https:\/\/www.kastipmerkezi.com.tr\/en\/wp-json\/wp\/v2\/pages\/2086\/revisions"}],"predecessor-version":[{"id":58216,"href":"https:\/\/www.kastipmerkezi.com.tr\/en\/wp-json\/wp\/v2\/pages\/2086\/revisions\/58216"}],"up":[{"embeddable":true,"href":"https:\/\/www.kastipmerkezi.com.tr\/en\/wp-json\/wp\/v2\/pages\/2054"}],"wp:attachment":[{"href":"https:\/\/www.kastipmerkezi.com.tr\/en\/wp-json\/wp\/v2\/media?parent=2086"}],"curies":[{"name":"wp","href":"https:\/\/api.w.org\/{rel}","templated":true}]}}