{"id":2118,"date":"2018-06-14T14:48:22","date_gmt":"2018-06-14T11:48:22","guid":{"rendered":"http:\/\/kastipmerkezi.com.tr\/units\/general-surgery\/hemoroid-basur\/"},"modified":"2019-07-16T16:15:46","modified_gmt":"2019-07-16T13:15:46","slug":"hemorrhoids","status":"publish","type":"page","link":"https:\/\/www.kastipmerkezi.com.tr\/en\/units\/general-surgery\/hemorrhoids\/","title":{"rendered":"Hemorrhoids"},"content":{"rendered":"<div class=\"fusion-fullwidth fullwidth-box fusion-builder-row-1 nonhundred-percent-fullwidth non-hundred-percent-height-scrolling\" style=\"--awb-border-radius-top-left:0px;--awb-border-radius-top-right:0px;--awb-border-radius-bottom-right:0px;--awb-border-radius-bottom-left:0px;--awb-flex-wrap:wrap;\" ><div class=\"fusion-builder-row fusion-row\"><div class=\"fusion-layout-column fusion_builder_column fusion-builder-column-0 fusion_builder_column_1_2 1_2 fusion-one-half fusion-column-first\" style=\"--awb-bg-size:cover;width:50%;width:calc(50% - ( ( 4% ) * 0.5 ) );margin-right: 4%;\"><div class=\"fusion-column-wrapper fusion-flex-column-wrapper-legacy\"><div class=\"fusion-image-element in-legacy-container\" style=\"--awb-caption-title-font-family:var(--h2_typography-font-family);--awb-caption-title-font-weight:var(--h2_typography-font-weight);--awb-caption-title-font-style:var(--h2_typography-font-style);--awb-caption-title-size:var(--h2_typography-font-size);--awb-caption-title-transform:var(--h2_typography-text-transform);--awb-caption-title-line-height:var(--h2_typography-line-height);--awb-caption-title-letter-spacing:var(--h2_typography-letter-spacing);\"><span class=\" fusion-imageframe imageframe-none imageframe-1 hover-type-none\"><img decoding=\"async\" width=\"400\" height=\"193\" title=\"hemoroid ingilizce\" src=\"https:\/\/www.kastipmerkezi.com.tr\/wp-content\/uploads\/2019\/07\/hemoroid-ingilizce.jpg\" alt class=\"img-responsive wp-image-10837\" srcset=\"https:\/\/www.kastipmerkezi.com.tr\/wp-content\/uploads\/2019\/07\/hemoroid-ingilizce-200x97.jpg 200w, https:\/\/www.kastipmerkezi.com.tr\/wp-content\/uploads\/2019\/07\/hemoroid-ingilizce.jpg 400w\" sizes=\"(max-width: 800px) 100vw, 400px\" \/><\/span><\/div><div class=\"fusion-clearfix\"><\/div><\/div><\/div><div class=\"fusion-layout-column fusion_builder_column fusion-builder-column-1 fusion_builder_column_1_2 1_2 fusion-one-half fusion-column-last\" style=\"--awb-bg-size:cover;width:50%;width:calc(50% - ( ( 4% ) * 0.5 ) );\"><div class=\"fusion-column-wrapper fusion-flex-column-wrapper-legacy\"><div class=\"fusion-text fusion-text-1\"><p><strong>Hemorrhoids<\/strong><\/p>\n<p>Hemorrhoids causes pain, swelling and bleeding. It is very common in our country. Treatment of hemorrhoids is done with non-progressive conditions with drugs and non-operative procedures.<\/p>\n<p>Non-operative procedures are performed on an outpatient basis. No anesthesia is applied in these procedures nor local anesthesia applied circumference of the breech. This process takes a very short time.<\/p>\n<\/div><div class=\"fusion-clearfix\"><\/div><\/div><\/div><div class=\"fusion-layout-column fusion_builder_column fusion-builder-column-2 fusion_builder_column_1_1 1_1 fusion-one-full fusion-column-first fusion-column-last\" style=\"--awb-bg-size:cover;\"><div class=\"fusion-column-wrapper fusion-flex-column-wrapper-legacy\"><div class=\"fusion-text fusion-text-2\"><p><strong>1. Sclerotherapy : <\/strong>A very thin needle is used for this procedure, and a special drug is given to the patient to treat the hemorrhoids.<\/p>\n<p><strong>2. Band Ligation : <\/strong>A rubber band is placed on the bottom of the hemorrhoids with a special tool. With this method, the feeding of thehemorrhoids is broken down and it will fall.<\/p>\n<p><strong>3. Infrared Coagulation : <\/strong>With a special device, the hemorrhoids is treated with light.<\/p>\n<p>In advanced cases, surgery is recommended. The operation can be performed under general anesthesia, under spinal anesthesia or under local anesthesia. There are different options for surgery. The surgical method is decided\u00a0 based on the examination of the patient.<\/p>\n<p>In classical surgery, the hemorrhoid nozzle is cut out. With this method, there is more postoperative pain.After surgery the patient will need to rest for about two weeks.<\/p>\n<p>Using the longo method, the ring-shaped tissue is removed from the top of the hemorrhoids with a special tool. There is less pain with this method than with\u00a0 the classical method. Resting time is usually shorter.<\/p>\n<p><strong>4. Hemorrhoid Treatment With Laser : <\/strong>This is a treatment method that relies on burning hemorrhoids by laser.<\/p>\n<p>It is the first choice for all patients. Laser method is a very comfortable treatment for the patient. There is little or no bleeding during and after the operation. Patients can return to their social lives the same day or one day later. There is no problem in stool and gas retention. After 10 &#8211; 15 minutes of operation, the patient is completely treated. The chance of recurrence after hemorrhoid surgery is low.<\/p>\n<\/div><div class=\"fusion-clearfix\"><\/div><\/div><\/div><\/div><\/div><div class=\"fusion-fullwidth fullwidth-box fusion-builder-row-2 nonhundred-percent-fullwidth non-hundred-percent-height-scrolling\" style=\"--awb-border-radius-top-left:0px;--awb-border-radius-top-right:0px;--awb-border-radius-bottom-right:0px;--awb-border-radius-bottom-left:0px;--awb-flex-wrap:wrap;\" ><div class=\"fusion-builder-row fusion-row\"><div class=\"fusion-layout-column fusion_builder_column fusion-builder-column-3 fusion_builder_column_1_1 1_1 fusion-one-full fusion-column-first fusion-column-last\" style=\"--awb-bg-size:cover;\"><div class=\"fusion-column-wrapper fusion-flex-column-wrapper-legacy\"><div class=\"fusion-alert alert general alert-info fusion-alert-left awb-alert-native-link-color alert-shadow\" role=\"alert\"><div class=\"fusion-alert-content-wrapper\"><span class=\"alert-icon\"><i class=\"awb-icon-info-circle\" aria-hidden=\"true\"><\/i><\/span><span class=\"fusion-alert-content\"><div class=\"vc_message_box vc_message_box-standard vc_message_box-rounded vc_color-blue\">\n<p>For detailed information, leave a message and we\u2019ll call you !<\/p>\n<\/div><\/span><\/div><\/div>\n<div class=\"wpcf7 no-js\" id=\"wpcf7-f2423-o1\" lang=\"tr-TR\" dir=\"ltr\" data-wpcf7-id=\"2423\">\n<div class=\"screen-reader-response\"><p role=\"status\" aria-live=\"polite\" aria-atomic=\"true\"><\/p> <ul><\/ul><\/div>\n<form action=\"\/en\/wp-json\/wp\/v2\/pages\/2118#wpcf7-f2423-o1\" method=\"post\" class=\"wpcf7-form init\" aria-label=\"\u0130leti\u015fim Formu\" novalidate=\"novalidate\" data-status=\"init\">\n<fieldset class=\"hidden-fields-container\"><input type=\"hidden\" name=\"_wpcf7\" value=\"2423\" \/><input type=\"hidden\" name=\"_wpcf7_version\" value=\"6.1.5\" \/><input type=\"hidden\" name=\"_wpcf7_locale\" value=\"tr_TR\" \/><input type=\"hidden\" name=\"_wpcf7_unit_tag\" value=\"wpcf7-f2423-o1\" \/><input type=\"hidden\" name=\"_wpcf7_container_post\" value=\"0\" \/><input type=\"hidden\" name=\"_wpcf7_posted_data_hash\" value=\"\" \/>\n<\/fieldset>\n<p><label> <span class=\"wpcf7-form-control-wrap\" data-name=\"your-name\"><input size=\"40\" maxlength=\"400\" class=\"wpcf7-form-control wpcf7-text wpcf7-validates-as-required\" aria-required=\"true\" aria-invalid=\"false\" placeholder=\"Name Surname (*)\" value=\"\" type=\"text\" name=\"your-name\" \/><\/span> <\/label>\n<\/p>\n<p><label><span class=\"wpcf7-form-control-wrap\" data-name=\"your-email\"><input size=\"40\" maxlength=\"400\" class=\"wpcf7-form-control wpcf7-email wpcf7-validates-as-required wpcf7-text wpcf7-validates-as-email\" aria-required=\"true\" aria-invalid=\"false\" placeholder=\"E-mail (*)\" value=\"\" type=\"email\" name=\"your-email\" \/><\/span> <\/label>\n<\/p>\n<p><label><span class=\"wpcf7-form-control-wrap\" data-name=\"telefon\"><input size=\"40\" maxlength=\"400\" class=\"wpcf7-form-control wpcf7-tel wpcf7-validates-as-required wpcf7-text wpcf7-validates-as-tel\" aria-required=\"true\" aria-invalid=\"false\" placeholder=\"Phone (*)\" value=\"\" type=\"tel\" name=\"telefon\" \/><\/span> <\/label>\n<\/p>\n<p><label> <span class=\"wpcf7-form-control-wrap\" data-name=\"your-message\"><textarea cols=\"40\" rows=\"10\" maxlength=\"2000\" class=\"wpcf7-form-control wpcf7-textarea wpcf7-validates-as-required\" aria-required=\"true\" aria-invalid=\"false\" placeholder=\"Information Details (*)\" name=\"your-message\"><\/textarea><\/span> <\/label>\n<\/p>\n<p><input class=\"wpcf7-form-control wpcf7-submit has-spinner\" type=\"submit\" value=\"Send\" \/>\n<\/p><p style=\"display: none !important;\" class=\"akismet-fields-container\" data-prefix=\"_wpcf7_ak_\"><label>&#916;<textarea name=\"_wpcf7_ak_hp_textarea\" cols=\"45\" rows=\"8\" maxlength=\"100\"><\/textarea><\/label><input type=\"hidden\" id=\"ak_js_1\" name=\"_wpcf7_ak_js\" value=\"199\"\/><script>document.getElementById( \"ak_js_1\" ).setAttribute( \"value\", ( new Date() ).getTime() );<\/script><\/p><div class=\"fusion-alert alert custom alert-custom fusion-alert-left wpcf7-response-output awb-alert-native-link-color alert-dismissable awb-alert-close-boxed alert-shadow\" style=\"--awb-border-size:1px;--awb-border-top-left-radius:0px;--awb-border-top-right-radius:0px;--awb-border-bottom-left-radius:0px;--awb-border-bottom-right-radius:0px;\" role=\"alert\"><div class=\"fusion-alert-content-wrapper\"><span class=\"fusion-alert-content\"><\/span><\/div><button type=\"button\" class=\"close toggle-alert\" data-dismiss=\"alert\" aria-label=\"Close\">&times;<\/button><\/div>\n<\/form>\n<\/div>\n<div class=\"fusion-clearfix\"><\/div><\/div><\/div><\/div><\/div>\n","protected":false},"excerpt":{"rendered":"","protected":false},"author":1,"featured_media":0,"parent":2106,"menu_order":40,"comment_status":"closed","ping_status":"closed","template":"","meta":{"footnotes":""},"class_list":["post-2118","page","type-page","status-publish","hentry"],"yoast_head":"<!-- This site is optimized with the Yoast SEO plugin v26.9 - https:\/\/yoast.com\/product\/yoast-seo-wordpress\/ -->\n<title>Hemorrhoids - Ka\u015f T\u0131p Merkezi<\/title>\n<meta name=\"robots\" content=\"index, follow, max-snippet:-1, max-image-preview:large, max-video-preview:-1\" \/>\n<link rel=\"canonical\" href=\"https:\/\/www.kastipmerkezi.com.tr\/en\/units\/general-surgery\/hemorrhoids\/\" \/>\n<meta property=\"og:locale\" content=\"en_US\" \/>\n<meta property=\"og:type\" content=\"article\" \/>\n<meta property=\"og:title\" content=\"Hemorrhoids - Ka\u015f T\u0131p Merkezi\" \/>\n<meta property=\"og:url\" content=\"https:\/\/www.kastipmerkezi.com.tr\/en\/units\/general-surgery\/hemorrhoids\/\" \/>\n<meta property=\"og:site_name\" content=\"Ka\u015f T\u0131p Merkezi\" \/>\n<meta property=\"article:publisher\" content=\"https:\/\/www.facebook.com\/kastipmerkezi\/\" \/>\n<meta property=\"article:modified_time\" content=\"2019-07-16T13:15:46+00:00\" \/>\n<meta name=\"twitter:card\" content=\"summary_large_image\" \/>\n<meta name=\"twitter:label1\" content=\"Est. reading time\" \/>\n\t<meta name=\"twitter:data1\" content=\"5 minutes\" \/>\n<script type=\"application\/ld+json\" class=\"yoast-schema-graph\">{\"@context\":\"https:\/\/schema.org\",\"@graph\":[{\"@type\":\"WebPage\",\"@id\":\"https:\/\/www.kastipmerkezi.com.tr\/en\/units\/general-surgery\/hemorrhoids\/\",\"url\":\"https:\/\/www.kastipmerkezi.com.tr\/en\/units\/general-surgery\/hemorrhoids\/\",\"name\":\"Hemorrhoids - Ka\u015f T\u0131p Merkezi\",\"isPartOf\":{\"@id\":\"https:\/\/www.kastipmerkezi.com.tr\/en\/#website\"},\"datePublished\":\"2018-06-14T11:48:22+00:00\",\"dateModified\":\"2019-07-16T13:15:46+00:00\",\"breadcrumb\":{\"@id\":\"https:\/\/www.kastipmerkezi.com.tr\/en\/units\/general-surgery\/hemorrhoids\/#breadcrumb\"},\"inLanguage\":\"en-US\",\"potentialAction\":[{\"@type\":\"ReadAction\",\"target\":[\"https:\/\/www.kastipmerkezi.com.tr\/en\/units\/general-surgery\/hemorrhoids\/\"]}]},{\"@type\":\"BreadcrumbList\",\"@id\":\"https:\/\/www.kastipmerkezi.com.tr\/en\/units\/general-surgery\/hemorrhoids\/#breadcrumb\",\"itemListElement\":[{\"@type\":\"ListItem\",\"position\":1,\"name\":\"Ana sayfa\",\"item\":\"https:\/\/www.kastipmerkezi.com.tr\/en\/\"},{\"@type\":\"ListItem\",\"position\":2,\"name\":\"UNITS\",\"item\":\"https:\/\/www.kastipmerkezi.com.tr\/en\/units\/\"},{\"@type\":\"ListItem\",\"position\":3,\"name\":\"General Surgery\",\"item\":\"https:\/\/www.kastipmerkezi.com.tr\/en\/units\/general-surgery\/\"},{\"@type\":\"ListItem\",\"position\":4,\"name\":\"Hemorrhoids\"}]},{\"@type\":\"WebSite\",\"@id\":\"https:\/\/www.kastipmerkezi.com.tr\/en\/#website\",\"url\":\"https:\/\/www.kastipmerkezi.com.tr\/en\/\",\"name\":\"Ka\u015f T\u0131p Merkezi\",\"description\":\"\",\"publisher\":{\"@id\":\"https:\/\/www.kastipmerkezi.com.tr\/en\/#organization\"},\"potentialAction\":[{\"@type\":\"SearchAction\",\"target\":{\"@type\":\"EntryPoint\",\"urlTemplate\":\"https:\/\/www.kastipmerkezi.com.tr\/en\/?s={search_term_string}\"},\"query-input\":{\"@type\":\"PropertyValueSpecification\",\"valueRequired\":true,\"valueName\":\"search_term_string\"}}],\"inLanguage\":\"en-US\"},{\"@type\":\"Organization\",\"@id\":\"https:\/\/www.kastipmerkezi.com.tr\/en\/#organization\",\"name\":\"\u0130stanbul \u00d6zel Ka\u015f T\u0131p Merkezi\",\"url\":\"https:\/\/www.kastipmerkezi.com.tr\/en\/\",\"logo\":{\"@type\":\"ImageObject\",\"inLanguage\":\"en-US\",\"@id\":\"https:\/\/www.kastipmerkezi.com.tr\/en\/#\/schema\/logo\/image\/\",\"url\":\"https:\/\/www.kastipmerkezi.com.tr\/wp-content\/uploads\/2020\/12\/kas-logo-512.png\",\"contentUrl\":\"https:\/\/www.kastipmerkezi.com.tr\/wp-content\/uploads\/2020\/12\/kas-logo-512.png\",\"width\":512,\"height\":512,\"caption\":\"\u0130stanbul \u00d6zel Ka\u015f T\u0131p Merkezi\"},\"image\":{\"@id\":\"https:\/\/www.kastipmerkezi.com.tr\/en\/#\/schema\/logo\/image\/\"},\"sameAs\":[\"https:\/\/www.facebook.com\/kastipmerkezi\/\"]}]}<\/script>\n<!-- \/ Yoast SEO plugin. -->","yoast_head_json":{"title":"Hemorrhoids - Ka\u015f T\u0131p Merkezi","robots":{"index":"index","follow":"follow","max-snippet":"max-snippet:-1","max-image-preview":"max-image-preview:large","max-video-preview":"max-video-preview:-1"},"canonical":"https:\/\/www.kastipmerkezi.com.tr\/en\/units\/general-surgery\/hemorrhoids\/","og_locale":"en_US","og_type":"article","og_title":"Hemorrhoids - Ka\u015f T\u0131p Merkezi","og_url":"https:\/\/www.kastipmerkezi.com.tr\/en\/units\/general-surgery\/hemorrhoids\/","og_site_name":"Ka\u015f T\u0131p Merkezi","article_publisher":"https:\/\/www.facebook.com\/kastipmerkezi\/","article_modified_time":"2019-07-16T13:15:46+00:00","twitter_card":"summary_large_image","twitter_misc":{"Est. reading time":"5 minutes"},"schema":{"@context":"https:\/\/schema.org","@graph":[{"@type":"WebPage","@id":"https:\/\/www.kastipmerkezi.com.tr\/en\/units\/general-surgery\/hemorrhoids\/","url":"https:\/\/www.kastipmerkezi.com.tr\/en\/units\/general-surgery\/hemorrhoids\/","name":"Hemorrhoids - Ka\u015f T\u0131p Merkezi","isPartOf":{"@id":"https:\/\/www.kastipmerkezi.com.tr\/en\/#website"},"datePublished":"2018-06-14T11:48:22+00:00","dateModified":"2019-07-16T13:15:46+00:00","breadcrumb":{"@id":"https:\/\/www.kastipmerkezi.com.tr\/en\/units\/general-surgery\/hemorrhoids\/#breadcrumb"},"inLanguage":"en-US","potentialAction":[{"@type":"ReadAction","target":["https:\/\/www.kastipmerkezi.com.tr\/en\/units\/general-surgery\/hemorrhoids\/"]}]},{"@type":"BreadcrumbList","@id":"https:\/\/www.kastipmerkezi.com.tr\/en\/units\/general-surgery\/hemorrhoids\/#breadcrumb","itemListElement":[{"@type":"ListItem","position":1,"name":"Ana sayfa","item":"https:\/\/www.kastipmerkezi.com.tr\/en\/"},{"@type":"ListItem","position":2,"name":"UNITS","item":"https:\/\/www.kastipmerkezi.com.tr\/en\/units\/"},{"@type":"ListItem","position":3,"name":"General Surgery","item":"https:\/\/www.kastipmerkezi.com.tr\/en\/units\/general-surgery\/"},{"@type":"ListItem","position":4,"name":"Hemorrhoids"}]},{"@type":"WebSite","@id":"https:\/\/www.kastipmerkezi.com.tr\/en\/#website","url":"https:\/\/www.kastipmerkezi.com.tr\/en\/","name":"Ka\u015f T\u0131p Merkezi","description":"","publisher":{"@id":"https:\/\/www.kastipmerkezi.com.tr\/en\/#organization"},"potentialAction":[{"@type":"SearchAction","target":{"@type":"EntryPoint","urlTemplate":"https:\/\/www.kastipmerkezi.com.tr\/en\/?s={search_term_string}"},"query-input":{"@type":"PropertyValueSpecification","valueRequired":true,"valueName":"search_term_string"}}],"inLanguage":"en-US"},{"@type":"Organization","@id":"https:\/\/www.kastipmerkezi.com.tr\/en\/#organization","name":"\u0130stanbul \u00d6zel Ka\u015f T\u0131p Merkezi","url":"https:\/\/www.kastipmerkezi.com.tr\/en\/","logo":{"@type":"ImageObject","inLanguage":"en-US","@id":"https:\/\/www.kastipmerkezi.com.tr\/en\/#\/schema\/logo\/image\/","url":"https:\/\/www.kastipmerkezi.com.tr\/wp-content\/uploads\/2020\/12\/kas-logo-512.png","contentUrl":"https:\/\/www.kastipmerkezi.com.tr\/wp-content\/uploads\/2020\/12\/kas-logo-512.png","width":512,"height":512,"caption":"\u0130stanbul \u00d6zel Ka\u015f T\u0131p Merkezi"},"image":{"@id":"https:\/\/www.kastipmerkezi.com.tr\/en\/#\/schema\/logo\/image\/"},"sameAs":["https:\/\/www.facebook.com\/kastipmerkezi\/"]}]}},"_links":{"self":[{"href":"https:\/\/www.kastipmerkezi.com.tr\/en\/wp-json\/wp\/v2\/pages\/2118","targetHints":{"allow":["GET"]}}],"collection":[{"href":"https:\/\/www.kastipmerkezi.com.tr\/en\/wp-json\/wp\/v2\/pages"}],"about":[{"href":"https:\/\/www.kastipmerkezi.com.tr\/en\/wp-json\/wp\/v2\/types\/page"}],"author":[{"embeddable":true,"href":"https:\/\/www.kastipmerkezi.com.tr\/en\/wp-json\/wp\/v2\/users\/1"}],"replies":[{"embeddable":true,"href":"https:\/\/www.kastipmerkezi.com.tr\/en\/wp-json\/wp\/v2\/comments?post=2118"}],"version-history":[{"count":0,"href":"https:\/\/www.kastipmerkezi.com.tr\/en\/wp-json\/wp\/v2\/pages\/2118\/revisions"}],"up":[{"embeddable":true,"href":"https:\/\/www.kastipmerkezi.com.tr\/en\/wp-json\/wp\/v2\/pages\/2106"}],"wp:attachment":[{"href":"https:\/\/www.kastipmerkezi.com.tr\/en\/wp-json\/wp\/v2\/media?parent=2118"}],"curies":[{"name":"wp","href":"https:\/\/api.w.org\/{rel}","templated":true}]}}