{"id":2235,"date":"2018-06-14T15:46:04","date_gmt":"2018-06-14T12:46:04","guid":{"rendered":"http:\/\/kastipmerkezi.com.tr\/units\/fizik-tedavi-ve-rehabilitasyon\/"},"modified":"2021-03-12T17:44:49","modified_gmt":"2021-03-12T14:44:49","slug":"physical-therapy-and-rehabilitation","status":"publish","type":"page","link":"https:\/\/www.kastipmerkezi.com.tr\/en\/units\/physical-therapy-and-rehabilitation\/","title":{"rendered":"Physical Therapy And Rehabilitation"},"content":{"rendered":"<div class=\"fusion-fullwidth fullwidth-box fusion-builder-row-1 nonhundred-percent-fullwidth non-hundred-percent-height-scrolling\" style=\"--awb-border-radius-top-left:0px;--awb-border-radius-top-right:0px;--awb-border-radius-bottom-right:0px;--awb-border-radius-bottom-left:0px;--awb-flex-wrap:wrap;\" ><div class=\"fusion-builder-row fusion-row\"><div class=\"fusion-layout-column fusion_builder_column fusion-builder-column-0 fusion_builder_column_1_2 1_2 fusion-one-half fusion-column-first\" style=\"--awb-bg-size:cover;width:50%;width:calc(50% - ( ( 4% ) * 0.5 ) );margin-right: 4%;\"><div class=\"fusion-column-wrapper fusion-flex-column-wrapper-legacy\"><div class=\"fusion-image-element in-legacy-container\" style=\"--awb-caption-title-font-family:var(--h2_typography-font-family);--awb-caption-title-font-weight:var(--h2_typography-font-weight);--awb-caption-title-font-style:var(--h2_typography-font-style);--awb-caption-title-size:var(--h2_typography-font-size);--awb-caption-title-transform:var(--h2_typography-text-transform);--awb-caption-title-line-height:var(--h2_typography-line-height);--awb-caption-title-letter-spacing:var(--h2_typography-letter-spacing);\"><span class=\" fusion-imageframe imageframe-none imageframe-1 hover-type-none\"><img decoding=\"async\" width=\"800\" height=\"600\" alt=\"fizik tedavi rehabilitasyon\" title=\"fizik-tedavi-rehabilitasyon\" src=\"https:\/\/www.kastipmerkezi.com.tr\/wp-content\/uploads\/2018\/06\/fizik-tedavi-rehabilitasyon.jpg\" class=\"img-responsive wp-image-3745\" srcset=\"https:\/\/www.kastipmerkezi.com.tr\/wp-content\/uploads\/2018\/06\/fizik-tedavi-rehabilitasyon-200x150.jpg 200w, https:\/\/www.kastipmerkezi.com.tr\/wp-content\/uploads\/2018\/06\/fizik-tedavi-rehabilitasyon-400x300.jpg 400w, https:\/\/www.kastipmerkezi.com.tr\/wp-content\/uploads\/2018\/06\/fizik-tedavi-rehabilitasyon-600x450.jpg 600w, https:\/\/www.kastipmerkezi.com.tr\/wp-content\/uploads\/2018\/06\/fizik-tedavi-rehabilitasyon.jpg 800w\" sizes=\"(max-width: 800px) 100vw, 600px\" \/><\/span><\/div><div class=\"fusion-clearfix\"><\/div><\/div><\/div><div class=\"fusion-layout-column fusion_builder_column fusion-builder-column-1 fusion_builder_column_1_2 1_2 fusion-one-half fusion-column-last\" style=\"--awb-bg-size:cover;width:50%;width:calc(50% - ( ( 4% ) * 0.5 ) );\"><div class=\"fusion-column-wrapper fusion-flex-column-wrapper-legacy\"><div class=\"fusion-text fusion-text-1\"><p><strong>PHYSICAL THERAPY AND REHABILITATION<\/strong><\/p>\n<p>Physical theraphy is a branch of medicine in which physical agents are usen in the treatment of neck and lumbar hernia, calcification, rheumatic diseases, bone resorption, spinal curvature such as scoliosis, sports injuries, polio, back-neck pain, and so on. The science of physical therapy is the area of \u200b\u200bexpertise that provides the treatment of the disease or pain affecting the patient&#8217;s motor functions by providing the patient&#8217;s rehabilitation. For this reason, it is called as physical therapy and rehabilitation discipline. The aim of physical therapy science is to reduce the patient&#8217;s pain and to make the patient independent in their activities and to improve the quality of life.<\/p>\n<\/div><div class=\"fusion-clearfix\"><\/div><\/div><\/div><div class=\"fusion-layout-column fusion_builder_column fusion-builder-column-2 fusion_builder_column_1_1 1_1 fusion-one-full fusion-column-first fusion-column-last\" style=\"--awb-bg-size:cover;\"><div class=\"fusion-column-wrapper fusion-flex-column-wrapper-legacy\"><div class=\"fusion-text fusion-text-2\"><p><strong>What is rehabilitation?<\/strong><br \/>\nRehabilitation is a treatment that aims to regenerate lost or impaired movement functions, either congenital or later, due to various reasons (genetic, orthopedic, vascular or neurological diseases).<\/p>\n<p><strong>Physical Therapy Techniques;<\/strong><\/p>\n<p>&#8211; Cold application,<\/p>\n<p>&#8211; Surface heat (infrared, HP, paraffin),<\/p>\n<p>&#8211; Application of deep heat (ultrasound, shortwave diathermy, radar),<\/p>\n<p>&#8211; Electrotherapy (tens, electrostimulation, vacuum-interference, diadinam, galvanic-faradic current)<\/p>\n<p>&#8211; Mechanotherapy (vacuum, mobilization and manipulation, traction)<\/p>\n<p>&#8211; Therapeutic exercise practices<\/p>\n<p>According to the diagnosis and the period of the disease, a combination of treatment is carried out by the physician of physical therapy.<\/p>\n<\/div><div class=\"fusion-clearfix\"><\/div><\/div><\/div><\/div><\/div><div class=\"fusion-fullwidth fullwidth-box fusion-builder-row-2 nonhundred-percent-fullwidth non-hundred-percent-height-scrolling\" style=\"--awb-border-radius-top-left:0px;--awb-border-radius-top-right:0px;--awb-border-radius-bottom-right:0px;--awb-border-radius-bottom-left:0px;--awb-flex-wrap:wrap;\" ><div class=\"fusion-builder-row fusion-row\"><div class=\"fusion-layout-column fusion_builder_column fusion-builder-column-3 fusion_builder_column_1_1 1_1 fusion-one-full fusion-column-first fusion-column-last\" style=\"--awb-bg-size:cover;\"><div class=\"fusion-column-wrapper fusion-flex-column-wrapper-legacy\"><div class=\"fusion-text fusion-text-3\"><p>What are the goals of Physical Therapy and Rehabilitation?<br \/>\n&#8211; Reducing pain,<\/p>\n<p>&#8211; Relaxation of the muscles,<\/p>\n<p>&#8211; Affect the circulation in a positive way,<\/p>\n<p>&#8211; Elimination of inflammation,<\/p>\n<p>&#8211; Restoration of functions; increasing the movement, strengthening the muscles and ensuring coordination,<\/p>\n<p>&#8211; Reduction of drug requirement,<\/p>\n<p>&#8211; Prevention and correction of posture disorders<\/p>\n<p><strong>Which diseases they are used against?<\/strong><\/p>\n<p>1. Spinal diseases such as lumbar hernia, neck hernia<br \/>\n2. Rheumatic diseases such as calcifications (knee, hip, spine etc.), arthritis, ankylosing spondylitis<br \/>\n3. Pre-operative and post-operative diseases such as shoulder sore , meniscus injuries, anterior cruciate ligament injuries<br \/>\n4.Sport injuries (for return to early and safe sports)<br \/>\n5. Rehabilitation of neurological diseases (stroke, spinal cord, cerebral palsy, etc.)<br \/>\n6. Pediatric rehabilitation with loss of function<br \/>\n7. Congenital or acquired joint and bone disorders<br \/>\n8. Rehabilitation after burn<br \/>\n9. Rehabilitation in the elderly<\/p>\n<p><strong>Who Is Physical Therapy Applied?<\/strong><\/p>\n<p>Physical therapy are used against pain which in arm, leg, shoulder, elbow, ankles, wrist, waist, back, neck and spinal areas. It used against dysfunctions because of various reasons, non-active rheumatic diseases, muscle weakness, hardening of joints, function is applied to those with restriction. In addition, physical therapy can be applied to those who develop complete or partial paralysis in the trunk, arms and legs as a result of brain or nerve damage, and those with swelling in their arms and legs as a result of disruption of lymph circulation outside the movement system.<\/p>\n<p><strong>Physical Therapy is not applicable to whom;<\/strong><br \/>\nApplication of active periods of inflammatory rheumatic diseases (joints, periods of swelling, hot and painful periods), vascular occlusion, varicose veins, cardiac pacemakers, open wounds and inflamed and cancerous areas are inconvenient.<\/p>\n<p><strong>What are the Benefits of Physical Therapy and Rehabilitation?<\/strong><\/p>\n<p>&#8211; Decreased pain and weakness,<\/p>\n<p>&#8211; Increased functions,<\/p>\n<p>&#8211; The side effect is very rare and when it is light and transient,<\/p>\n<p>&#8211; Prevent unnecessary medical and surgical treatments in many cases,<\/p>\n<p>&#8211; To provide effective treatment in many other diseases which cannot be treated by medicine and surgery,<\/p>\n<p>&#8211; Prevention of progression and progression of diseases,<\/p>\n<p>&#8211; Improving the quality of life.<\/p>\n<p><strong>What are the Possible Risks and Side Effects of Physical Therapy and Rehabilitation Practices?<\/strong><\/p>\n<p>&#8211; Side effects and risks are very low. However, undesirable effects such as skin rashes and tenderness can be seen, albeit rarely.<\/p>\n<p>&#8211; Much less but important risks are skin burns, heart rhythm disturbances, hypersensitivity to the skin, changes in blood pressure, muscle-tendon injury-rupture, electric shock during the opening of joint restrictions.<\/p>\n<p>&#8211; To minimize the incidence of these conditions, you should give your doctor detailed information about your medical condition before the application.<\/p>\n<p><strong>WHAT IS ORTHOPEDIC REHABILITATION?<\/strong><\/p>\n<p>In diseases such as fractures, dislocations, ligament injuries, meniscus and ligament tears, splints are performed such as surgery, plaster or splint depending on the condition of the disease. Afterwards, the implementation of physical therapy and rehabilitation programs is very important in order to restore the normal activity level to the patient as soon as possible.<\/p>\n<p>Healing is not merely the passage of pain. The operation may cause some negative changes (such as weakness in muscles, weakness in the ligament and capsule) of the joints and surrounding tissues that remain unstable for a long time depending on the plaster or splint. Physical therapy rehabilitation practices eliminate these negative conditions and help the person to return to normal life as soon as possible and to protect them from new injuries.<\/p>\n<p><strong>WHAT IS REHABILITATION BEFORE OPERATION?<\/strong><\/p>\n<p>Recently, pre-op rehabilitation has been given importance. In patients undergoing pre-op rehabilitation, the success of the surgery is increasing and the post-operative adverse events are minimized. It is known that surgical treatment is more successful when the problems such as pain, heat increase, swelling, limitation of movement, muscle weakness are reduced after the injury. Therefore, preoperative rehabilitation is gaining more importance day by day.<\/p>\n<p>In addition, by taking precautionary measures, it can be ensured that the problems that may develop after surgery are kept to a minimum. Muscle weakening will occur after many operations such as anterior cruciate ligament repair and shoulder surgery. By strengthening the muscles as much as possible before surgery, it will be possible to keep this weakness to a minimum. Training on how to cope with the difficulties encountered in postoperative recovery period is an integral part of preoperative rehabilitation. For example, the use of crutches, gait training, the use of operating limbs, wearing clothes, etc.<\/p>\n<\/div><div class=\"fusion-clearfix\"><\/div><\/div><\/div><\/div><\/div><div class=\"fusion-fullwidth fullwidth-box fusion-builder-row-3 nonhundred-percent-fullwidth non-hundred-percent-height-scrolling\" style=\"--awb-border-radius-top-left:0px;--awb-border-radius-top-right:0px;--awb-border-radius-bottom-right:0px;--awb-border-radius-bottom-left:0px;--awb-flex-wrap:wrap;\" ><div class=\"fusion-builder-row fusion-row\"><div class=\"fusion-layout-column fusion_builder_column fusion-builder-column-4 fusion_builder_column_1_1 1_1 fusion-one-full fusion-column-first fusion-column-last\" style=\"--awb-bg-size:cover;\"><div class=\"fusion-column-wrapper fusion-flex-column-wrapper-legacy\"><div class=\"fusion-alert alert general alert-info fusion-alert-left awb-alert-native-link-color alert-shadow\" role=\"alert\"><div class=\"fusion-alert-content-wrapper\"><span class=\"alert-icon\"><i class=\"awb-icon-info-circle\" aria-hidden=\"true\"><\/i><\/span><span class=\"fusion-alert-content\"><div class=\"vc_message_box vc_message_box-standard vc_message_box-rounded vc_color-blue\">\n<p>For detailed information, leave a message and we\u2019ll call you !<\/p>\n<\/div><\/span><\/div><\/div>\n<div class=\"wpcf7 no-js\" id=\"wpcf7-f2423-o1\" lang=\"tr-TR\" dir=\"ltr\" data-wpcf7-id=\"2423\">\n<div class=\"screen-reader-response\"><p role=\"status\" aria-live=\"polite\" aria-atomic=\"true\"><\/p> <ul><\/ul><\/div>\n<form action=\"\/en\/wp-json\/wp\/v2\/pages\/2235#wpcf7-f2423-o1\" method=\"post\" class=\"wpcf7-form init\" aria-label=\"\u0130leti\u015fim Formu\" novalidate=\"novalidate\" data-status=\"init\">\n<fieldset class=\"hidden-fields-container\"><input type=\"hidden\" name=\"_wpcf7\" value=\"2423\" \/><input type=\"hidden\" name=\"_wpcf7_version\" value=\"6.1.5\" \/><input type=\"hidden\" name=\"_wpcf7_locale\" value=\"tr_TR\" \/><input type=\"hidden\" name=\"_wpcf7_unit_tag\" value=\"wpcf7-f2423-o1\" \/><input type=\"hidden\" name=\"_wpcf7_container_post\" value=\"0\" \/><input type=\"hidden\" name=\"_wpcf7_posted_data_hash\" value=\"\" \/>\n<\/fieldset>\n<p><label> <span class=\"wpcf7-form-control-wrap\" data-name=\"your-name\"><input size=\"40\" maxlength=\"400\" class=\"wpcf7-form-control wpcf7-text wpcf7-validates-as-required\" aria-required=\"true\" aria-invalid=\"false\" placeholder=\"Name Surname (*)\" value=\"\" type=\"text\" name=\"your-name\" \/><\/span> <\/label>\n<\/p>\n<p><label><span class=\"wpcf7-form-control-wrap\" data-name=\"your-email\"><input size=\"40\" maxlength=\"400\" class=\"wpcf7-form-control wpcf7-email wpcf7-validates-as-required wpcf7-text wpcf7-validates-as-email\" aria-required=\"true\" aria-invalid=\"false\" placeholder=\"E-mail (*)\" value=\"\" type=\"email\" name=\"your-email\" \/><\/span> <\/label>\n<\/p>\n<p><label><span class=\"wpcf7-form-control-wrap\" data-name=\"telefon\"><input size=\"40\" maxlength=\"400\" class=\"wpcf7-form-control wpcf7-tel wpcf7-validates-as-required wpcf7-text wpcf7-validates-as-tel\" aria-required=\"true\" aria-invalid=\"false\" placeholder=\"Phone (*)\" value=\"\" type=\"tel\" name=\"telefon\" \/><\/span> <\/label>\n<\/p>\n<p><label> <span class=\"wpcf7-form-control-wrap\" data-name=\"your-message\"><textarea cols=\"40\" rows=\"10\" maxlength=\"2000\" class=\"wpcf7-form-control wpcf7-textarea wpcf7-validates-as-required\" aria-required=\"true\" aria-invalid=\"false\" placeholder=\"Information Details (*)\" name=\"your-message\"><\/textarea><\/span> <\/label>\n<\/p>\n<p><input class=\"wpcf7-form-control wpcf7-submit has-spinner\" type=\"submit\" value=\"Send\" \/>\n<\/p><p style=\"display: none !important;\" class=\"akismet-fields-container\" data-prefix=\"_wpcf7_ak_\"><label>&#916;<textarea name=\"_wpcf7_ak_hp_textarea\" cols=\"45\" rows=\"8\" maxlength=\"100\"><\/textarea><\/label><input type=\"hidden\" id=\"ak_js_1\" name=\"_wpcf7_ak_js\" value=\"24\"\/><script>document.getElementById( \"ak_js_1\" ).setAttribute( \"value\", ( new Date() ).getTime() );<\/script><\/p><div class=\"fusion-alert alert custom alert-custom fusion-alert-left wpcf7-response-output awb-alert-native-link-color alert-dismissable awb-alert-close-boxed alert-shadow\" style=\"--awb-border-size:1px;--awb-border-top-left-radius:0px;--awb-border-top-right-radius:0px;--awb-border-bottom-left-radius:0px;--awb-border-bottom-right-radius:0px;\" role=\"alert\"><div class=\"fusion-alert-content-wrapper\"><span class=\"fusion-alert-content\"><\/span><\/div><button type=\"button\" class=\"close toggle-alert\" data-dismiss=\"alert\" aria-label=\"Close\">&times;<\/button><\/div>\n<\/form>\n<\/div>\n<div class=\"fusion-clearfix\"><\/div><\/div><\/div><\/div><\/div>\n","protected":false},"excerpt":{"rendered":"","protected":false},"author":1,"featured_media":0,"parent":2028,"menu_order":130,"comment_status":"closed","ping_status":"closed","template":"","meta":{"footnotes":""},"class_list":["post-2235","page","type-page","status-publish","hentry"],"yoast_head":"<!-- This site is optimized with the Yoast SEO plugin v26.9 - https:\/\/yoast.com\/product\/yoast-seo-wordpress\/ -->\n<title>Physical Therapy And Rehabilitation - Ka\u015f T\u0131p Merkezi<\/title>\n<meta name=\"robots\" content=\"index, follow, max-snippet:-1, max-image-preview:large, max-video-preview:-1\" \/>\n<link rel=\"canonical\" href=\"https:\/\/www.kastipmerkezi.com.tr\/en\/units\/physical-therapy-and-rehabilitation\/\" \/>\n<meta property=\"og:locale\" content=\"en_US\" \/>\n<meta property=\"og:type\" content=\"article\" \/>\n<meta property=\"og:title\" content=\"Physical Therapy And Rehabilitation - Ka\u015f T\u0131p Merkezi\" \/>\n<meta property=\"og:url\" content=\"https:\/\/www.kastipmerkezi.com.tr\/en\/units\/physical-therapy-and-rehabilitation\/\" \/>\n<meta property=\"og:site_name\" content=\"Ka\u015f T\u0131p Merkezi\" \/>\n<meta property=\"article:publisher\" content=\"https:\/\/www.facebook.com\/kastipmerkezi\/\" \/>\n<meta property=\"article:modified_time\" content=\"2021-03-12T14:44:49+00:00\" \/>\n<meta name=\"twitter:card\" content=\"summary_large_image\" \/>\n<meta name=\"twitter:label1\" content=\"Est. reading time\" \/>\n\t<meta name=\"twitter:data1\" content=\"9 minutes\" \/>\n<script type=\"application\/ld+json\" class=\"yoast-schema-graph\">{\"@context\":\"https:\/\/schema.org\",\"@graph\":[{\"@type\":\"WebPage\",\"@id\":\"https:\/\/www.kastipmerkezi.com.tr\/en\/units\/physical-therapy-and-rehabilitation\/\",\"url\":\"https:\/\/www.kastipmerkezi.com.tr\/en\/units\/physical-therapy-and-rehabilitation\/\",\"name\":\"Physical Therapy And Rehabilitation - Ka\u015f T\u0131p Merkezi\",\"isPartOf\":{\"@id\":\"https:\/\/www.kastipmerkezi.com.tr\/en\/#website\"},\"datePublished\":\"2018-06-14T12:46:04+00:00\",\"dateModified\":\"2021-03-12T14:44:49+00:00\",\"breadcrumb\":{\"@id\":\"https:\/\/www.kastipmerkezi.com.tr\/en\/units\/physical-therapy-and-rehabilitation\/#breadcrumb\"},\"inLanguage\":\"en-US\",\"potentialAction\":[{\"@type\":\"ReadAction\",\"target\":[\"https:\/\/www.kastipmerkezi.com.tr\/en\/units\/physical-therapy-and-rehabilitation\/\"]}]},{\"@type\":\"BreadcrumbList\",\"@id\":\"https:\/\/www.kastipmerkezi.com.tr\/en\/units\/physical-therapy-and-rehabilitation\/#breadcrumb\",\"itemListElement\":[{\"@type\":\"ListItem\",\"position\":1,\"name\":\"Ana sayfa\",\"item\":\"https:\/\/www.kastipmerkezi.com.tr\/en\/\"},{\"@type\":\"ListItem\",\"position\":2,\"name\":\"UNITS\",\"item\":\"https:\/\/www.kastipmerkezi.com.tr\/en\/units\/\"},{\"@type\":\"ListItem\",\"position\":3,\"name\":\"Physical Therapy And Rehabilitation\"}]},{\"@type\":\"WebSite\",\"@id\":\"https:\/\/www.kastipmerkezi.com.tr\/en\/#website\",\"url\":\"https:\/\/www.kastipmerkezi.com.tr\/en\/\",\"name\":\"Ka\u015f T\u0131p Merkezi\",\"description\":\"\",\"publisher\":{\"@id\":\"https:\/\/www.kastipmerkezi.com.tr\/en\/#organization\"},\"potentialAction\":[{\"@type\":\"SearchAction\",\"target\":{\"@type\":\"EntryPoint\",\"urlTemplate\":\"https:\/\/www.kastipmerkezi.com.tr\/en\/?s={search_term_string}\"},\"query-input\":{\"@type\":\"PropertyValueSpecification\",\"valueRequired\":true,\"valueName\":\"search_term_string\"}}],\"inLanguage\":\"en-US\"},{\"@type\":\"Organization\",\"@id\":\"https:\/\/www.kastipmerkezi.com.tr\/en\/#organization\",\"name\":\"\u0130stanbul \u00d6zel Ka\u015f T\u0131p Merkezi\",\"url\":\"https:\/\/www.kastipmerkezi.com.tr\/en\/\",\"logo\":{\"@type\":\"ImageObject\",\"inLanguage\":\"en-US\",\"@id\":\"https:\/\/www.kastipmerkezi.com.tr\/en\/#\/schema\/logo\/image\/\",\"url\":\"https:\/\/www.kastipmerkezi.com.tr\/wp-content\/uploads\/2020\/12\/kas-logo-512.png\",\"contentUrl\":\"https:\/\/www.kastipmerkezi.com.tr\/wp-content\/uploads\/2020\/12\/kas-logo-512.png\",\"width\":512,\"height\":512,\"caption\":\"\u0130stanbul \u00d6zel Ka\u015f T\u0131p Merkezi\"},\"image\":{\"@id\":\"https:\/\/www.kastipmerkezi.com.tr\/en\/#\/schema\/logo\/image\/\"},\"sameAs\":[\"https:\/\/www.facebook.com\/kastipmerkezi\/\"]}]}<\/script>\n<!-- \/ Yoast SEO plugin. -->","yoast_head_json":{"title":"Physical Therapy And Rehabilitation - Ka\u015f T\u0131p Merkezi","robots":{"index":"index","follow":"follow","max-snippet":"max-snippet:-1","max-image-preview":"max-image-preview:large","max-video-preview":"max-video-preview:-1"},"canonical":"https:\/\/www.kastipmerkezi.com.tr\/en\/units\/physical-therapy-and-rehabilitation\/","og_locale":"en_US","og_type":"article","og_title":"Physical Therapy And Rehabilitation - Ka\u015f T\u0131p Merkezi","og_url":"https:\/\/www.kastipmerkezi.com.tr\/en\/units\/physical-therapy-and-rehabilitation\/","og_site_name":"Ka\u015f T\u0131p Merkezi","article_publisher":"https:\/\/www.facebook.com\/kastipmerkezi\/","article_modified_time":"2021-03-12T14:44:49+00:00","twitter_card":"summary_large_image","twitter_misc":{"Est. reading time":"9 minutes"},"schema":{"@context":"https:\/\/schema.org","@graph":[{"@type":"WebPage","@id":"https:\/\/www.kastipmerkezi.com.tr\/en\/units\/physical-therapy-and-rehabilitation\/","url":"https:\/\/www.kastipmerkezi.com.tr\/en\/units\/physical-therapy-and-rehabilitation\/","name":"Physical Therapy And Rehabilitation - Ka\u015f T\u0131p Merkezi","isPartOf":{"@id":"https:\/\/www.kastipmerkezi.com.tr\/en\/#website"},"datePublished":"2018-06-14T12:46:04+00:00","dateModified":"2021-03-12T14:44:49+00:00","breadcrumb":{"@id":"https:\/\/www.kastipmerkezi.com.tr\/en\/units\/physical-therapy-and-rehabilitation\/#breadcrumb"},"inLanguage":"en-US","potentialAction":[{"@type":"ReadAction","target":["https:\/\/www.kastipmerkezi.com.tr\/en\/units\/physical-therapy-and-rehabilitation\/"]}]},{"@type":"BreadcrumbList","@id":"https:\/\/www.kastipmerkezi.com.tr\/en\/units\/physical-therapy-and-rehabilitation\/#breadcrumb","itemListElement":[{"@type":"ListItem","position":1,"name":"Ana sayfa","item":"https:\/\/www.kastipmerkezi.com.tr\/en\/"},{"@type":"ListItem","position":2,"name":"UNITS","item":"https:\/\/www.kastipmerkezi.com.tr\/en\/units\/"},{"@type":"ListItem","position":3,"name":"Physical Therapy And Rehabilitation"}]},{"@type":"WebSite","@id":"https:\/\/www.kastipmerkezi.com.tr\/en\/#website","url":"https:\/\/www.kastipmerkezi.com.tr\/en\/","name":"Ka\u015f T\u0131p Merkezi","description":"","publisher":{"@id":"https:\/\/www.kastipmerkezi.com.tr\/en\/#organization"},"potentialAction":[{"@type":"SearchAction","target":{"@type":"EntryPoint","urlTemplate":"https:\/\/www.kastipmerkezi.com.tr\/en\/?s={search_term_string}"},"query-input":{"@type":"PropertyValueSpecification","valueRequired":true,"valueName":"search_term_string"}}],"inLanguage":"en-US"},{"@type":"Organization","@id":"https:\/\/www.kastipmerkezi.com.tr\/en\/#organization","name":"\u0130stanbul \u00d6zel Ka\u015f T\u0131p Merkezi","url":"https:\/\/www.kastipmerkezi.com.tr\/en\/","logo":{"@type":"ImageObject","inLanguage":"en-US","@id":"https:\/\/www.kastipmerkezi.com.tr\/en\/#\/schema\/logo\/image\/","url":"https:\/\/www.kastipmerkezi.com.tr\/wp-content\/uploads\/2020\/12\/kas-logo-512.png","contentUrl":"https:\/\/www.kastipmerkezi.com.tr\/wp-content\/uploads\/2020\/12\/kas-logo-512.png","width":512,"height":512,"caption":"\u0130stanbul \u00d6zel Ka\u015f T\u0131p Merkezi"},"image":{"@id":"https:\/\/www.kastipmerkezi.com.tr\/en\/#\/schema\/logo\/image\/"},"sameAs":["https:\/\/www.facebook.com\/kastipmerkezi\/"]}]}},"_links":{"self":[{"href":"https:\/\/www.kastipmerkezi.com.tr\/en\/wp-json\/wp\/v2\/pages\/2235","targetHints":{"allow":["GET"]}}],"collection":[{"href":"https:\/\/www.kastipmerkezi.com.tr\/en\/wp-json\/wp\/v2\/pages"}],"about":[{"href":"https:\/\/www.kastipmerkezi.com.tr\/en\/wp-json\/wp\/v2\/types\/page"}],"author":[{"embeddable":true,"href":"https:\/\/www.kastipmerkezi.com.tr\/en\/wp-json\/wp\/v2\/users\/1"}],"replies":[{"embeddable":true,"href":"https:\/\/www.kastipmerkezi.com.tr\/en\/wp-json\/wp\/v2\/comments?post=2235"}],"version-history":[{"count":0,"href":"https:\/\/www.kastipmerkezi.com.tr\/en\/wp-json\/wp\/v2\/pages\/2235\/revisions"}],"up":[{"embeddable":true,"href":"https:\/\/www.kastipmerkezi.com.tr\/en\/wp-json\/wp\/v2\/pages\/2028"}],"wp:attachment":[{"href":"https:\/\/www.kastipmerkezi.com.tr\/en\/wp-json\/wp\/v2\/media?parent=2235"}],"curies":[{"name":"wp","href":"https:\/\/api.w.org\/{rel}","templated":true}]}}