{"id":2360,"date":"2018-06-14T17:01:03","date_gmt":"2018-06-14T14:01:03","guid":{"rendered":"http:\/\/kastipmerkezi.com.tr\/units\/mouth-and-dental-health\/porselen-lamina\/"},"modified":"2022-06-09T11:18:02","modified_gmt":"2022-06-09T08:18:02","slug":"porcelain-lamine-laminate-veneer","status":"publish","type":"page","link":"https:\/\/www.kastipmerkezi.com.tr\/en\/units\/mouth-and-dental-health\/porcelain-lamine-laminate-veneer\/","title":{"rendered":"Porcelain Lamine (Laminate Veneer)"},"content":{"rendered":"<div class=\"fusion-fullwidth fullwidth-box fusion-builder-row-1 nonhundred-percent-fullwidth non-hundred-percent-height-scrolling\" style=\"--awb-border-radius-top-left:0px;--awb-border-radius-top-right:0px;--awb-border-radius-bottom-right:0px;--awb-border-radius-bottom-left:0px;--awb-flex-wrap:wrap;\" ><div class=\"fusion-builder-row fusion-row\"><div class=\"fusion-layout-column fusion_builder_column fusion-builder-column-0 fusion_builder_column_1_2 1_2 fusion-one-half fusion-column-first\" style=\"--awb-bg-size:cover;width:50%;width:calc(50% - ( ( 4% ) * 0.5 ) );margin-right: 4%;\"><div class=\"fusion-column-wrapper fusion-flex-column-wrapper-legacy\"><div class=\"fusion-image-element in-legacy-container\" style=\"--awb-caption-title-font-family:var(--h2_typography-font-family);--awb-caption-title-font-weight:var(--h2_typography-font-weight);--awb-caption-title-font-style:var(--h2_typography-font-style);--awb-caption-title-size:var(--h2_typography-font-size);--awb-caption-title-transform:var(--h2_typography-text-transform);--awb-caption-title-line-height:var(--h2_typography-line-height);--awb-caption-title-letter-spacing:var(--h2_typography-letter-spacing);\"><span class=\" fusion-imageframe imageframe-none imageframe-1 hover-type-none\"><img decoding=\"async\" width=\"500\" height=\"333\" alt=\"porselen lamina\" title=\"porselen-lamina\" src=\"https:\/\/www.kastipmerkezi.com.tr\/wp-content\/uploads\/2018\/06\/porselen-lamina.jpg\" class=\"img-responsive wp-image-3649\" srcset=\"https:\/\/www.kastipmerkezi.com.tr\/wp-content\/uploads\/2018\/06\/porselen-lamina-200x133.jpg 200w, https:\/\/www.kastipmerkezi.com.tr\/wp-content\/uploads\/2018\/06\/porselen-lamina-400x266.jpg 400w, https:\/\/www.kastipmerkezi.com.tr\/wp-content\/uploads\/2018\/06\/porselen-lamina.jpg 500w\" sizes=\"(max-width: 800px) 100vw, 500px\" \/><\/span><\/div><div class=\"fusion-clearfix\"><\/div><\/div><\/div><div class=\"fusion-layout-column fusion_builder_column fusion-builder-column-1 fusion_builder_column_1_2 1_2 fusion-one-half fusion-column-last\" style=\"--awb-bg-size:cover;width:50%;width:calc(50% - ( ( 4% ) * 0.5 ) );\"><div class=\"fusion-column-wrapper fusion-flex-column-wrapper-legacy\"><div class=\"fusion-text fusion-text-1\"><p><strong>PORCELAIN LAMINA VENEERS<\/strong><\/p>\n<p><strong>What do porcelain laminated veneers mean?<\/strong><\/p>\n<p>Lamina means \u201ca leaf\u201d in Latin. It is a method in which only the anterior surfaces of the teeth are thinned at 0.3-0.7 mm in distance without cutting the teeth. This is the method causing the least losses of the intact teeth tissue. The procedure is the lamination of these surfaces with porcelain veneers.<\/p>\n<\/div><div class=\"fusion-clearfix\"><\/div><\/div><\/div><div class=\"fusion-layout-column fusion_builder_column fusion-builder-column-2 fusion_builder_column_1_1 1_1 fusion-one-full fusion-column-first fusion-column-last\" style=\"--awb-bg-size:cover;\"><div class=\"fusion-column-wrapper fusion-flex-column-wrapper-legacy\"><div class=\"fusion-text fusion-text-2\"><p><strong>In which situations are porcelain laminate veneers applied?<\/strong><\/p>\n<p>In cases with advanced discoloration of teeth in which the outcomes are insufficient with bleaching,<\/p>\n<p>In malformed teeth and in teeth with structural defects,<\/p>\n<p>To join discrete teeth (diastema closure),<\/p>\n<p>To restore broken or worn-out teeth,<\/p>\n<p>In the correcting of the old and malformed fillings with structural defects,<\/p>\n<p>It may be an option close to excellence in the correction of crooked and curved teeth (as an alternative to orthodontic treatment).<\/p>\n<p>This procedure is not applied to cases with jaw deformities, nail-biting, pen-biting or to cases with advanced gingival recessions.<\/p>\n<p>If no treatment or cosmetic interventions are required for your gums, you may have a new smile in 2-3 sessions, which means that it will take a week.<\/p>\n<p>In the first session, the measures of your teeth are taken and the resulting model is studied. Then the teeth are abraded and the measures are taken again with a sensitive measure. At your next appointment, the veneers are applied to your teeth.<\/p>\n<p><strong>How long is the life of teeth covered with porcelain laminate veneers?<\/strong><\/p>\n<p>The porcelain laminate veneers can be used for years without problems with good oral care. This is why they are made of porcelain with superior properties than other bonding systems. They are more resistant to staining and abrasion. Careful oral care is needed to prolong their lives. Also, it is necessary to avoid bad habits such as biting very hard food or nail-biting.<\/p>\n<p><strong>What are the advantages of porcelain laminated teeth?<\/strong><\/p>\n<p>The desired appearance is achieved with an abrasion process of 0.3-0.7 mm in depth. The average duration of the process is 7-10 days.<\/p>\n<p>They are made of strong, durable, and discoloration resistant materials.<\/p>\n<p>The teeth can be laminated with porcelain veneers without changing their natural structures to meet the desired aesthetic features (color, shape, etc). No modification procedures are applied to the teeth at all or they are applied only to a small extent. The amount removed from the tooth is limited to 0.3-0.7 mm in distance. In this way, cutting the teeth will not be needed during the procedure.<\/p>\n<p>A copy of your teeth, with which you are not happy, is modelled and re-designed. This means that before the teeth are intervened, the planned changes can be demonstrated to the patient at the beginning of the treatment. This demo is called as mock-up.<\/p>\n<p>The surfaces of the porcelain are smooth, thus, the formation of the discolorations associated with smoking and the formation of dental calculi are minimized.<\/p>\n<p>It does not change color with external factors like coffee, tea, smoking.<\/p>\n<p>It is a very fragile material. However, when it fully adheres to the enamel, its resistance to tensile and compressing forces increases to a high extent. For example, it is impossible to take out a fully adhered veneer from the tooth. It can only be removed by abrading the tooth surface with diamond drills.<\/p>\n<p>Its resistance to wear is high.<\/p>\n<\/div><div class=\"fusion-clearfix\"><\/div><\/div><\/div><\/div><\/div><div class=\"fusion-fullwidth fullwidth-box fusion-builder-row-2 nonhundred-percent-fullwidth non-hundred-percent-height-scrolling\" style=\"--awb-border-radius-top-left:0px;--awb-border-radius-top-right:0px;--awb-border-radius-bottom-right:0px;--awb-border-radius-bottom-left:0px;--awb-flex-wrap:wrap;\" ><div class=\"fusion-builder-row fusion-row\"><div class=\"fusion-layout-column fusion_builder_column fusion-builder-column-3 fusion_builder_column_1_1 1_1 fusion-one-full fusion-column-first fusion-column-last\" style=\"--awb-bg-size:cover;\"><div class=\"fusion-column-wrapper fusion-flex-column-wrapper-legacy\"><div class=\"fusion-alert alert general alert-info fusion-alert-left awb-alert-native-link-color alert-shadow\" role=\"alert\"><div class=\"fusion-alert-content-wrapper\"><span class=\"alert-icon\"><i class=\"awb-icon-info-circle\" aria-hidden=\"true\"><\/i><\/span><span class=\"fusion-alert-content\"><div class=\"vc_message_box vc_message_box-standard vc_message_box-rounded vc_color-blue\">\n<p>For detailed information, leave a message and we\u2019ll call you !<\/p>\n<\/div><\/span><\/div><\/div>\n<div class=\"wpcf7 no-js\" id=\"wpcf7-f2423-o1\" lang=\"tr-TR\" dir=\"ltr\" data-wpcf7-id=\"2423\">\n<div class=\"screen-reader-response\"><p role=\"status\" aria-live=\"polite\" aria-atomic=\"true\"><\/p> <ul><\/ul><\/div>\n<form action=\"\/en\/wp-json\/wp\/v2\/pages\/2360#wpcf7-f2423-o1\" method=\"post\" class=\"wpcf7-form init\" aria-label=\"\u0130leti\u015fim Formu\" novalidate=\"novalidate\" data-status=\"init\">\n<fieldset class=\"hidden-fields-container\"><input type=\"hidden\" name=\"_wpcf7\" value=\"2423\" \/><input type=\"hidden\" name=\"_wpcf7_version\" value=\"6.1.5\" \/><input type=\"hidden\" name=\"_wpcf7_locale\" value=\"tr_TR\" \/><input type=\"hidden\" name=\"_wpcf7_unit_tag\" value=\"wpcf7-f2423-o1\" \/><input type=\"hidden\" name=\"_wpcf7_container_post\" value=\"0\" \/><input type=\"hidden\" name=\"_wpcf7_posted_data_hash\" value=\"\" \/>\n<\/fieldset>\n<p><label> <span class=\"wpcf7-form-control-wrap\" data-name=\"your-name\"><input size=\"40\" maxlength=\"400\" class=\"wpcf7-form-control wpcf7-text wpcf7-validates-as-required\" aria-required=\"true\" aria-invalid=\"false\" placeholder=\"Name Surname (*)\" value=\"\" type=\"text\" name=\"your-name\" \/><\/span> <\/label>\n<\/p>\n<p><label><span class=\"wpcf7-form-control-wrap\" data-name=\"your-email\"><input size=\"40\" maxlength=\"400\" class=\"wpcf7-form-control wpcf7-email wpcf7-validates-as-required wpcf7-text wpcf7-validates-as-email\" aria-required=\"true\" aria-invalid=\"false\" placeholder=\"E-mail (*)\" value=\"\" type=\"email\" name=\"your-email\" \/><\/span> <\/label>\n<\/p>\n<p><label><span class=\"wpcf7-form-control-wrap\" data-name=\"telefon\"><input size=\"40\" maxlength=\"400\" class=\"wpcf7-form-control wpcf7-tel wpcf7-validates-as-required wpcf7-text wpcf7-validates-as-tel\" aria-required=\"true\" aria-invalid=\"false\" placeholder=\"Phone (*)\" value=\"\" type=\"tel\" name=\"telefon\" \/><\/span> <\/label>\n<\/p>\n<p><label> <span class=\"wpcf7-form-control-wrap\" data-name=\"your-message\"><textarea cols=\"40\" rows=\"10\" maxlength=\"2000\" class=\"wpcf7-form-control wpcf7-textarea wpcf7-validates-as-required\" aria-required=\"true\" aria-invalid=\"false\" placeholder=\"Information Details (*)\" name=\"your-message\"><\/textarea><\/span> <\/label>\n<\/p>\n<p><input class=\"wpcf7-form-control wpcf7-submit has-spinner\" type=\"submit\" value=\"Send\" \/>\n<\/p><p style=\"display: none !important;\" class=\"akismet-fields-container\" data-prefix=\"_wpcf7_ak_\"><label>&#916;<textarea name=\"_wpcf7_ak_hp_textarea\" cols=\"45\" rows=\"8\" maxlength=\"100\"><\/textarea><\/label><input type=\"hidden\" id=\"ak_js_1\" name=\"_wpcf7_ak_js\" value=\"183\"\/><script>document.getElementById( \"ak_js_1\" ).setAttribute( \"value\", ( new Date() ).getTime() );<\/script><\/p><div class=\"fusion-alert alert custom alert-custom fusion-alert-left wpcf7-response-output awb-alert-native-link-color alert-dismissable awb-alert-close-boxed alert-shadow\" style=\"--awb-border-size:1px;--awb-border-top-left-radius:0px;--awb-border-top-right-radius:0px;--awb-border-bottom-left-radius:0px;--awb-border-bottom-right-radius:0px;\" role=\"alert\"><div class=\"fusion-alert-content-wrapper\"><span class=\"fusion-alert-content\"><\/span><\/div><button type=\"button\" class=\"close toggle-alert\" data-dismiss=\"alert\" aria-label=\"Close\">&times;<\/button><\/div>\n<\/form>\n<\/div>\n<div class=\"fusion-clearfix\"><\/div><\/div><\/div><\/div><\/div>\n","protected":false},"excerpt":{"rendered":"","protected":false},"author":1,"featured_media":0,"parent":2339,"menu_order":40,"comment_status":"closed","ping_status":"closed","template":"","meta":{"footnotes":""},"class_list":["post-2360","page","type-page","status-publish","hentry"],"yoast_head":"<!-- This site is optimized with the Yoast SEO plugin v26.9 - https:\/\/yoast.com\/product\/yoast-seo-wordpress\/ -->\n<title>Porcelain Lamine (Laminate Veneer) - Ka\u015f T\u0131p Merkezi<\/title>\n<meta name=\"description\" content=\"Lamina means \u201ca leaf\u201d in Latin. It is a method in which only the anterior surfaces of the teeth are thinned at 0.3-0.7 mm in distance without cutting the teeth. This is the method causing the least losses of the intact teeth tissue.\u00a0\" \/>\n<meta name=\"robots\" content=\"index, follow, max-snippet:-1, max-image-preview:large, max-video-preview:-1\" \/>\n<link rel=\"canonical\" href=\"https:\/\/www.kastipmerkezi.com.tr\/en\/units\/mouth-and-dental-health\/porcelain-lamine-laminate-veneer\/\" \/>\n<meta property=\"og:locale\" content=\"en_US\" \/>\n<meta property=\"og:type\" content=\"article\" \/>\n<meta property=\"og:title\" content=\"Porcelain Lamine (Laminate Veneer) - Ka\u015f T\u0131p Merkezi\" \/>\n<meta property=\"og:description\" content=\"Lamina means \u201ca leaf\u201d in Latin. It is a method in which only the anterior surfaces of the teeth are thinned at 0.3-0.7 mm in distance without cutting the teeth. This is the method causing the least losses of the intact teeth tissue.\u00a0\" \/>\n<meta property=\"og:url\" content=\"https:\/\/www.kastipmerkezi.com.tr\/en\/units\/mouth-and-dental-health\/porcelain-lamine-laminate-veneer\/\" \/>\n<meta property=\"og:site_name\" content=\"Ka\u015f T\u0131p Merkezi\" \/>\n<meta property=\"article:publisher\" content=\"https:\/\/www.facebook.com\/kastipmerkezi\/\" \/>\n<meta property=\"article:modified_time\" content=\"2022-06-09T08:18:02+00:00\" \/>\n<meta name=\"twitter:card\" content=\"summary_large_image\" \/>\n<meta name=\"twitter:label1\" content=\"Est. reading time\" \/>\n\t<meta name=\"twitter:data1\" content=\"6 minutes\" \/>\n<script type=\"application\/ld+json\" class=\"yoast-schema-graph\">{\"@context\":\"https:\/\/schema.org\",\"@graph\":[{\"@type\":\"WebPage\",\"@id\":\"https:\/\/www.kastipmerkezi.com.tr\/en\/units\/mouth-and-dental-health\/porcelain-lamine-laminate-veneer\/\",\"url\":\"https:\/\/www.kastipmerkezi.com.tr\/en\/units\/mouth-and-dental-health\/porcelain-lamine-laminate-veneer\/\",\"name\":\"Porcelain Lamine (Laminate Veneer) - Ka\u015f T\u0131p Merkezi\",\"isPartOf\":{\"@id\":\"https:\/\/www.kastipmerkezi.com.tr\/en\/#website\"},\"datePublished\":\"2018-06-14T14:01:03+00:00\",\"dateModified\":\"2022-06-09T08:18:02+00:00\",\"description\":\"Lamina means \u201ca leaf\u201d in Latin. It is a method in which only the anterior surfaces of the teeth are thinned at 0.3-0.7 mm in distance without cutting the teeth. This is the method causing the least losses of the intact teeth tissue.\u00a0\",\"breadcrumb\":{\"@id\":\"https:\/\/www.kastipmerkezi.com.tr\/en\/units\/mouth-and-dental-health\/porcelain-lamine-laminate-veneer\/#breadcrumb\"},\"inLanguage\":\"en-US\",\"potentialAction\":[{\"@type\":\"ReadAction\",\"target\":[\"https:\/\/www.kastipmerkezi.com.tr\/en\/units\/mouth-and-dental-health\/porcelain-lamine-laminate-veneer\/\"]}]},{\"@type\":\"BreadcrumbList\",\"@id\":\"https:\/\/www.kastipmerkezi.com.tr\/en\/units\/mouth-and-dental-health\/porcelain-lamine-laminate-veneer\/#breadcrumb\",\"itemListElement\":[{\"@type\":\"ListItem\",\"position\":1,\"name\":\"Ana sayfa\",\"item\":\"https:\/\/www.kastipmerkezi.com.tr\/en\/\"},{\"@type\":\"ListItem\",\"position\":2,\"name\":\"UNITS\",\"item\":\"https:\/\/www.kastipmerkezi.com.tr\/en\/units\/\"},{\"@type\":\"ListItem\",\"position\":3,\"name\":\"Oral And Dental Health\",\"item\":\"https:\/\/www.kastipmerkezi.com.tr\/en\/units\/mouth-and-dental-health\/\"},{\"@type\":\"ListItem\",\"position\":4,\"name\":\"Porcelain Lamine (Laminate Veneer)\"}]},{\"@type\":\"WebSite\",\"@id\":\"https:\/\/www.kastipmerkezi.com.tr\/en\/#website\",\"url\":\"https:\/\/www.kastipmerkezi.com.tr\/en\/\",\"name\":\"Ka\u015f T\u0131p Merkezi\",\"description\":\"\",\"publisher\":{\"@id\":\"https:\/\/www.kastipmerkezi.com.tr\/en\/#organization\"},\"potentialAction\":[{\"@type\":\"SearchAction\",\"target\":{\"@type\":\"EntryPoint\",\"urlTemplate\":\"https:\/\/www.kastipmerkezi.com.tr\/en\/?s={search_term_string}\"},\"query-input\":{\"@type\":\"PropertyValueSpecification\",\"valueRequired\":true,\"valueName\":\"search_term_string\"}}],\"inLanguage\":\"en-US\"},{\"@type\":\"Organization\",\"@id\":\"https:\/\/www.kastipmerkezi.com.tr\/en\/#organization\",\"name\":\"\u0130stanbul \u00d6zel Ka\u015f T\u0131p Merkezi\",\"url\":\"https:\/\/www.kastipmerkezi.com.tr\/en\/\",\"logo\":{\"@type\":\"ImageObject\",\"inLanguage\":\"en-US\",\"@id\":\"https:\/\/www.kastipmerkezi.com.tr\/en\/#\/schema\/logo\/image\/\",\"url\":\"https:\/\/www.kastipmerkezi.com.tr\/wp-content\/uploads\/2020\/12\/kas-logo-512.png\",\"contentUrl\":\"https:\/\/www.kastipmerkezi.com.tr\/wp-content\/uploads\/2020\/12\/kas-logo-512.png\",\"width\":512,\"height\":512,\"caption\":\"\u0130stanbul \u00d6zel Ka\u015f T\u0131p Merkezi\"},\"image\":{\"@id\":\"https:\/\/www.kastipmerkezi.com.tr\/en\/#\/schema\/logo\/image\/\"},\"sameAs\":[\"https:\/\/www.facebook.com\/kastipmerkezi\/\"]}]}<\/script>\n<!-- \/ Yoast SEO plugin. -->","yoast_head_json":{"title":"Porcelain Lamine (Laminate Veneer) - Ka\u015f T\u0131p Merkezi","description":"Lamina means \u201ca leaf\u201d in Latin. It is a method in which only the anterior surfaces of the teeth are thinned at 0.3-0.7 mm in distance without cutting the teeth. This is the method causing the least losses of the intact teeth tissue.\u00a0","robots":{"index":"index","follow":"follow","max-snippet":"max-snippet:-1","max-image-preview":"max-image-preview:large","max-video-preview":"max-video-preview:-1"},"canonical":"https:\/\/www.kastipmerkezi.com.tr\/en\/units\/mouth-and-dental-health\/porcelain-lamine-laminate-veneer\/","og_locale":"en_US","og_type":"article","og_title":"Porcelain Lamine (Laminate Veneer) - Ka\u015f T\u0131p Merkezi","og_description":"Lamina means \u201ca leaf\u201d in Latin. It is a method in which only the anterior surfaces of the teeth are thinned at 0.3-0.7 mm in distance without cutting the teeth. This is the method causing the least losses of the intact teeth tissue.\u00a0","og_url":"https:\/\/www.kastipmerkezi.com.tr\/en\/units\/mouth-and-dental-health\/porcelain-lamine-laminate-veneer\/","og_site_name":"Ka\u015f T\u0131p Merkezi","article_publisher":"https:\/\/www.facebook.com\/kastipmerkezi\/","article_modified_time":"2022-06-09T08:18:02+00:00","twitter_card":"summary_large_image","twitter_misc":{"Est. reading time":"6 minutes"},"schema":{"@context":"https:\/\/schema.org","@graph":[{"@type":"WebPage","@id":"https:\/\/www.kastipmerkezi.com.tr\/en\/units\/mouth-and-dental-health\/porcelain-lamine-laminate-veneer\/","url":"https:\/\/www.kastipmerkezi.com.tr\/en\/units\/mouth-and-dental-health\/porcelain-lamine-laminate-veneer\/","name":"Porcelain Lamine (Laminate Veneer) - Ka\u015f T\u0131p Merkezi","isPartOf":{"@id":"https:\/\/www.kastipmerkezi.com.tr\/en\/#website"},"datePublished":"2018-06-14T14:01:03+00:00","dateModified":"2022-06-09T08:18:02+00:00","description":"Lamina means \u201ca leaf\u201d in Latin. It is a method in which only the anterior surfaces of the teeth are thinned at 0.3-0.7 mm in distance without cutting the teeth. This is the method causing the least losses of the intact teeth tissue.\u00a0","breadcrumb":{"@id":"https:\/\/www.kastipmerkezi.com.tr\/en\/units\/mouth-and-dental-health\/porcelain-lamine-laminate-veneer\/#breadcrumb"},"inLanguage":"en-US","potentialAction":[{"@type":"ReadAction","target":["https:\/\/www.kastipmerkezi.com.tr\/en\/units\/mouth-and-dental-health\/porcelain-lamine-laminate-veneer\/"]}]},{"@type":"BreadcrumbList","@id":"https:\/\/www.kastipmerkezi.com.tr\/en\/units\/mouth-and-dental-health\/porcelain-lamine-laminate-veneer\/#breadcrumb","itemListElement":[{"@type":"ListItem","position":1,"name":"Ana sayfa","item":"https:\/\/www.kastipmerkezi.com.tr\/en\/"},{"@type":"ListItem","position":2,"name":"UNITS","item":"https:\/\/www.kastipmerkezi.com.tr\/en\/units\/"},{"@type":"ListItem","position":3,"name":"Oral And Dental Health","item":"https:\/\/www.kastipmerkezi.com.tr\/en\/units\/mouth-and-dental-health\/"},{"@type":"ListItem","position":4,"name":"Porcelain Lamine (Laminate Veneer)"}]},{"@type":"WebSite","@id":"https:\/\/www.kastipmerkezi.com.tr\/en\/#website","url":"https:\/\/www.kastipmerkezi.com.tr\/en\/","name":"Ka\u015f T\u0131p Merkezi","description":"","publisher":{"@id":"https:\/\/www.kastipmerkezi.com.tr\/en\/#organization"},"potentialAction":[{"@type":"SearchAction","target":{"@type":"EntryPoint","urlTemplate":"https:\/\/www.kastipmerkezi.com.tr\/en\/?s={search_term_string}"},"query-input":{"@type":"PropertyValueSpecification","valueRequired":true,"valueName":"search_term_string"}}],"inLanguage":"en-US"},{"@type":"Organization","@id":"https:\/\/www.kastipmerkezi.com.tr\/en\/#organization","name":"\u0130stanbul \u00d6zel Ka\u015f T\u0131p Merkezi","url":"https:\/\/www.kastipmerkezi.com.tr\/en\/","logo":{"@type":"ImageObject","inLanguage":"en-US","@id":"https:\/\/www.kastipmerkezi.com.tr\/en\/#\/schema\/logo\/image\/","url":"https:\/\/www.kastipmerkezi.com.tr\/wp-content\/uploads\/2020\/12\/kas-logo-512.png","contentUrl":"https:\/\/www.kastipmerkezi.com.tr\/wp-content\/uploads\/2020\/12\/kas-logo-512.png","width":512,"height":512,"caption":"\u0130stanbul \u00d6zel Ka\u015f T\u0131p Merkezi"},"image":{"@id":"https:\/\/www.kastipmerkezi.com.tr\/en\/#\/schema\/logo\/image\/"},"sameAs":["https:\/\/www.facebook.com\/kastipmerkezi\/"]}]}},"_links":{"self":[{"href":"https:\/\/www.kastipmerkezi.com.tr\/en\/wp-json\/wp\/v2\/pages\/2360","targetHints":{"allow":["GET"]}}],"collection":[{"href":"https:\/\/www.kastipmerkezi.com.tr\/en\/wp-json\/wp\/v2\/pages"}],"about":[{"href":"https:\/\/www.kastipmerkezi.com.tr\/en\/wp-json\/wp\/v2\/types\/page"}],"author":[{"embeddable":true,"href":"https:\/\/www.kastipmerkezi.com.tr\/en\/wp-json\/wp\/v2\/users\/1"}],"replies":[{"embeddable":true,"href":"https:\/\/www.kastipmerkezi.com.tr\/en\/wp-json\/wp\/v2\/comments?post=2360"}],"version-history":[{"count":2,"href":"https:\/\/www.kastipmerkezi.com.tr\/en\/wp-json\/wp\/v2\/pages\/2360\/revisions"}],"predecessor-version":[{"id":63278,"href":"https:\/\/www.kastipmerkezi.com.tr\/en\/wp-json\/wp\/v2\/pages\/2360\/revisions\/63278"}],"up":[{"embeddable":true,"href":"https:\/\/www.kastipmerkezi.com.tr\/en\/wp-json\/wp\/v2\/pages\/2339"}],"wp:attachment":[{"href":"https:\/\/www.kastipmerkezi.com.tr\/en\/wp-json\/wp\/v2\/media?parent=2360"}],"curies":[{"name":"wp","href":"https:\/\/api.w.org\/{rel}","templated":true}]}}